{"id":11,"date":"2020-11-02T18:39:29","date_gmt":"2020-11-02T15:39:29","guid":{"rendered":"https:\/\/3keys.k2d.ru\/?page_id=11"},"modified":"2024-10-11T13:09:14","modified_gmt":"2024-10-11T10:09:14","slug":"team","status":"publish","type":"page","link":"https:\/\/3keys.com\/de\/expertise\/team\/","title":{"rendered":"Team"},"content":{"rendered":"<p><\/p>\n<h1><strong>Team<\/strong><\/h1>\n<p><strong>Wir verf\u00fcgen ein Team von zuverl\u00e4ssige<\/strong>, auf Track &amp; Trace spezialisierte Experten. Diese analysieren mit Ihnen zusammen Aufgabenstellungen aus verschiedenen Perspektiven, geben Ihnen erstklassige Beratung und werden eine dauerhafte vertrauensvolle Zusammenarbeit mit Ihnen aufbauen.<\/p>\n<h2>Gr\u00fcnder<\/h2>\n<h3>STEPAN LIALINE<\/h3>\n<p>Ein Team aufzubauen ist wie Gold zu sch\u00fcrfen. Aus der ganzen Welt haben wir ein Team von Talenten versammelt, Experten, Senior Berater, langj\u00e4hrige Profis und einige Juniorberater, die wir aufbauen. Ich bin stolz auf jeden einzelnen von ihnen.<\/p>\n<h3>PHILIPP K\u00d6HLER<\/h3>\n<p>Die individuelle und einzigartige Herangehensweise jedes Teammitglieds erm\u00f6glicht ein Arbeitsumfeld bei 3Keys das durch Hilfsbereitschaft und Kooperation gepr\u00e4gt ist. Flache Hierarchien, eine multikulturelle Umgebung und die Einbeziehung unseres Nearshore- und Offshore-Teams erm\u00f6glichen uns sehr schnell auf Kundenanforderungen zu reagieren und optimale L\u00f6sungen bereitzustellen.<\/p>\n<h3>PAVEL KANSKOV<\/h3>\n<p>Unsere Teammitglieder haben eine umfangreiche Erfahrung im Bereich Track &amp; Trace und Serialisierung verbunden mit einem tiefen Verst\u00e4ndnis der Logistikprozesse. Das erlaubt ihnen die besten L\u00f6sungen und Standards f\u00fcr die jeweilige Branche zu implementieren und die richtigen Entscheidungen zu erm\u00f6glichen.<\/p>\n<h2>Partners<\/h2>\n<h3>ARJUN JAITLY<\/h3>\n<p>Managing Partner Consulting Department<\/p>\n<h3>JOSE ANTONIO SALAZAR<\/h3>\n<p>Business Development Director<\/p>\n<h3>ULRICH SCHILD<\/h3>\n<p>Sales Director<\/p>\n<h3>OLIVER HUNCKEL<\/h3>\n<p>Finance &amp; HR Director<\/p>\n<h3>ISHWAR SANADI<\/h3>\n<p>Delivery Lead<\/p>\n<h3>MARK HAAKSMA<\/h3>\n<p>T&amp;T Product Owner<\/p>\n<h3>ALEXEY IVANCHENKO<\/h3>\n<p>Sr. Serialization and T&amp;T Industry Expert<\/p>\n<p><\/p>","protected":false},"excerpt":{"rendered":"<p>Team Wir verf\u00fcgen ein Team von zuverl\u00e4ssige, auf Track &amp; Trace spezialisierte Experten. Diese analysieren mit Ihnen zusammen Aufgabenstellungen aus verschiedenen Perspektiven, geben Ihnen erstklassige<\/p>\n","protected":false},"author":1,"featured_media":0,"parent":7,"menu_order":7,"comment_status":"closed","ping_status":"closed","template":"page_team.php","meta":{"inline_featured_image":false},"categories":[],"tags":[],"class_list":["post-11","page","type-page","status-publish","hentry"],"_links":{"self":[{"href":"https:\/\/3keys.com\/de\/wp-json\/wp\/v2\/pages\/11","targetHints":{"allow":["GET"]}}],"collection":[{"href":"https:\/\/3keys.com\/de\/wp-json\/wp\/v2\/pages"}],"about":[{"href":"https:\/\/3keys.com\/de\/wp-json\/wp\/v2\/types\/page"}],"author":[{"embeddable":true,"href":"https:\/\/3keys.com\/de\/wp-json\/wp\/v2\/users\/1"}],"replies":[{"embeddable":true,"href":"https:\/\/3keys.com\/de\/wp-json\/wp\/v2\/comments?post=11"}],"version-history":[{"count":26,"href":"https:\/\/3keys.com\/de\/wp-json\/wp\/v2\/pages\/11\/revisions"}],"predecessor-version":[{"id":3039,"href":"https:\/\/3keys.com\/de\/wp-json\/wp\/v2\/pages\/11\/revisions\/3039"}],"up":[{"embeddable":true,"href":"https:\/\/3keys.com\/de\/wp-json\/wp\/v2\/pages\/7"}],"wp:attachment":[{"href":"https:\/\/3keys.com\/de\/wp-json\/wp\/v2\/media?parent=11"}],"wp:term":[{"taxonomy":"category","embeddable":true,"href":"https:\/\/3keys.com\/de\/wp-json\/wp\/v2\/categories?post=11"},{"taxonomy":"post_tag","embeddable":true,"href":"https:\/\/3keys.com\/de\/wp-json\/wp\/v2\/tags?post=11"}],"curies":[{"name":"wp","href":"https:\/\/api.w.org\/{rel}","templated":true}]}}