{"id":13,"date":"2020-11-02T18:39:44","date_gmt":"2020-11-02T15:39:44","guid":{"rendered":"https:\/\/3keys.k2d.ru\/?page_id=13"},"modified":"2023-08-09T12:03:04","modified_gmt":"2023-08-09T09:03:04","slug":"regulations","status":"publish","type":"page","link":"https:\/\/3keys.com\/de\/expertise\/regulations\/","title":{"rendered":"Gesetzliche Vorgaben"},"content":{"rendered":"<p><\/p>\n<p>Track &amp; Trace Anforderungen unterscheiden sich deutlich zwischen den verschiedenen Branchen und L\u00e4ndern. F\u00fcr jede Kombination haben wir Experten mit einem umfangreichen Know-How. Unser Team f\u00fchrt weltweit erfolgreich Projekte jeglicher Gr\u00f6\u00dfe und Komplexit\u00e4t unter Beachtung Ihrer individuellen Anforderungen, der Branchenanforderungen und aller gesetzlicher Vorgaben durch. In dieser Zusammenstellung finden Sie die Hauptmerkmale der gesetzlichen Vorgaben in verschiedenen M\u00e4rkten.<\/p>\n<h2><a href=\"https:\/\/3keys.com\/de\/expertise\/regulations\/pharma\/supply-chain\/\">Pharma<\/a><\/h2>\n<h2 class=\"regulations--item--title\"><a href=\"https:\/\/3keys.com\/de\/expertise\/regulations\/pharma\/brazil\/\">Pharma (Brasilien)<\/a><\/h2>\n<h2><a href=\"https:\/\/3keys.com\/de\/expertise\/regulations\/tobacco\/track-trace\/\">Tabakindustrie<\/a><\/h2>\n<h2><a href=\"https:\/\/3keys.com\/de\/expertise\/regulations\/bottled-water\/track-trace\/\">Mineralwasser<\/a><\/h2>\n<h2><a href=\"https:\/\/3keys.com\/de\/expertise\/regulations\/dairy\/track-trace\/\">Milchverarbeitung<\/a><\/h2>\n<h2><a href=\"https:\/\/3keys.com\/de\/expertise\/regulations\/beer\/track-trace\/\">Brauereien<\/a><\/h2>\n<p><\/p>","protected":false},"excerpt":{"rendered":"<p>Track &amp; Trace Anforderungen unterscheiden sich deutlich zwischen den verschiedenen Branchen und L\u00e4ndern. F\u00fcr jede Kombination haben wir Experten mit einem umfangreichen Know-How. Unser Team<\/p>\n","protected":false},"author":1,"featured_media":0,"parent":7,"menu_order":8,"comment_status":"closed","ping_status":"closed","template":"page_regulations_index.php","meta":{"inline_featured_image":false},"categories":[],"tags":[],"class_list":["post-13","page","type-page","status-publish","hentry"],"_links":{"self":[{"href":"https:\/\/3keys.com\/de\/wp-json\/wp\/v2\/pages\/13","targetHints":{"allow":["GET"]}}],"collection":[{"href":"https:\/\/3keys.com\/de\/wp-json\/wp\/v2\/pages"}],"about":[{"href":"https:\/\/3keys.com\/de\/wp-json\/wp\/v2\/types\/page"}],"author":[{"embeddable":true,"href":"https:\/\/3keys.com\/de\/wp-json\/wp\/v2\/users\/1"}],"replies":[{"embeddable":true,"href":"https:\/\/3keys.com\/de\/wp-json\/wp\/v2\/comments?post=13"}],"version-history":[{"count":15,"href":"https:\/\/3keys.com\/de\/wp-json\/wp\/v2\/pages\/13\/revisions"}],"predecessor-version":[{"id":1812,"href":"https:\/\/3keys.com\/de\/wp-json\/wp\/v2\/pages\/13\/revisions\/1812"}],"up":[{"embeddable":true,"href":"https:\/\/3keys.com\/de\/wp-json\/wp\/v2\/pages\/7"}],"wp:attachment":[{"href":"https:\/\/3keys.com\/de\/wp-json\/wp\/v2\/media?parent=13"}],"wp:term":[{"taxonomy":"category","embeddable":true,"href":"https:\/\/3keys.com\/de\/wp-json\/wp\/v2\/categories?post=13"},{"taxonomy":"post_tag","embeddable":true,"href":"https:\/\/3keys.com\/de\/wp-json\/wp\/v2\/tags?post=13"}],"curies":[{"name":"wp","href":"https:\/\/api.w.org\/{rel}","templated":true}]}}