{"id":15,"date":"2020-11-02T18:40:01","date_gmt":"2020-11-02T15:40:01","guid":{"rendered":"https:\/\/3keys.k2d.ru\/?page_id=15"},"modified":"2025-06-27T11:44:32","modified_gmt":"2025-06-27T08:44:32","slug":"services-products","status":"publish","type":"page","link":"https:\/\/3keys.com\/de\/services-products\/","title":{"rendered":"Dienstleistungen &#038; Produkte"},"content":{"rendered":"<p><\/p>\n<h2>DAS IST UNSER MEHRWERT F\u00dcR SIE<\/h2>\n<p>Wenn sie auf der Suche nach einem zuverl\u00e4ssigen Track &amp; Trace Partner sind, dann sind Sie bei uns genau richtig. Unser Team arbeitet tatkr\u00e4ftig daran, Ihre bestehenden Prozesse zu erfassen und zu verbessern. Wir stehen bereit, Engp\u00e4sse zu \u00fcberbr\u00fccken, Fehler zu beheben und Klarheit zu schaffen. Unsere Beratung basiert auf einer langj\u00e4hrigen Serialisierungs- und Trace &amp; Trace Erfahrung, einem tiefen Verst\u00e4ndnis der Logistik sowie auf einer un\u00fcbertroffenen Kenntnis der regulatorischen Anforderungen.<\/p>\n<h2>DIE 3 TOP BUSINESS CASES IN TRACK &amp; TRACE, AN DENEN WIR ARBEITEN<\/h2>\n<h3>Durchf\u00fchrung von Track &amp; Trace Projekten zur Einhaltung gesetzlicher Vorschriften<\/h3>\n<p>Wir stellen L\u00f6sungen bereit mit denen Ihre Produktion und Supply Chain alle gesetzlichen Anforderungen erf\u00fcllt. Ein besonderer Focus liegt hier darin Risiken zu eliminieren und Ihre Prozesse auch mit Serialisierung effizient und robust zu gestalten. Wir schaffen das optimale Gleichgewicht zwischen Zeitplan, Kosten des Track &amp; Trace Projektes und den Prozess\u00e4nderungen, die notwendig sind.<\/p>\n<h3>Initiativen zum Markenschutz<\/h3>\n<p>Wir helfen Ihnen Ihre Marken zu sch\u00fctzen und illegalen Handel oder Produktf\u00e4lschungen abzuwehren. Eine Track &amp; Trace L\u00f6sung tr\u00e4gt dazu entscheidend bei. Track &amp; Trace verschafft Ihrem Unternehmen einen Wettbewerbsvorteil, indem sie die Loyalit\u00e4t und das Vertrauen der Kunden in Ihre Marken st\u00e4rkt.<\/p>\n<h3>Digitalisierung und Optimierung der Supply Chain<\/h3>\n<p>Heben Sie die Digitalisierung Ihrer Supply Chain auf die n\u00e4chste Stufe. Wir kombinieren die besten Technologien mit einer exzellenten Kenntnis der Gesch\u00e4ftsprozesse. Track &amp; Trace bietet einen Wettbewerbsvorteil durch die Verbesserung der Nachfrageprognose, eine effektivere Nutzung des Lagerraums, die Supply Chain wird schneller und sicherer durch die hohe Transparenz die Track &amp; Trace erzeugt.<\/p>\n<p><\/p>","protected":false},"excerpt":{"rendered":"<p>DAS IST UNSER MEHRWERT F\u00dcR SIE Wenn sie auf der Suche nach einem zuverl\u00e4ssigen Track &amp; Trace Partner sind, dann sind Sie bei uns genau<\/p>\n","protected":false},"author":1,"featured_media":0,"parent":0,"menu_order":25,"comment_status":"closed","ping_status":"closed","template":"page_services_products.php","meta":{"inline_featured_image":false},"categories":[],"tags":[],"class_list":["post-15","page","type-page","status-publish","hentry"],"_links":{"self":[{"href":"https:\/\/3keys.com\/de\/wp-json\/wp\/v2\/pages\/15","targetHints":{"allow":["GET"]}}],"collection":[{"href":"https:\/\/3keys.com\/de\/wp-json\/wp\/v2\/pages"}],"about":[{"href":"https:\/\/3keys.com\/de\/wp-json\/wp\/v2\/types\/page"}],"author":[{"embeddable":true,"href":"https:\/\/3keys.com\/de\/wp-json\/wp\/v2\/users\/1"}],"replies":[{"embeddable":true,"href":"https:\/\/3keys.com\/de\/wp-json\/wp\/v2\/comments?post=15"}],"version-history":[{"count":17,"href":"https:\/\/3keys.com\/de\/wp-json\/wp\/v2\/pages\/15\/revisions"}],"predecessor-version":[{"id":2688,"href":"https:\/\/3keys.com\/de\/wp-json\/wp\/v2\/pages\/15\/revisions\/2688"}],"wp:attachment":[{"href":"https:\/\/3keys.com\/de\/wp-json\/wp\/v2\/media?parent=15"}],"wp:term":[{"taxonomy":"category","embeddable":true,"href":"https:\/\/3keys.com\/de\/wp-json\/wp\/v2\/categories?post=15"},{"taxonomy":"post_tag","embeddable":true,"href":"https:\/\/3keys.com\/de\/wp-json\/wp\/v2\/tags?post=15"}],"curies":[{"name":"wp","href":"https:\/\/api.w.org\/{rel}","templated":true}]}}