{"id":17,"date":"2020-11-02T18:40:19","date_gmt":"2020-11-02T15:40:19","guid":{"rendered":"https:\/\/3keys.k2d.ru\/?page_id=17"},"modified":"2025-04-29T09:39:52","modified_gmt":"2025-04-29T06:39:52","slug":"consulting","status":"publish","type":"page","link":"https:\/\/3keys.com\/de\/services-products\/consulting\/","title":{"rendered":"Beratung"},"content":{"rendered":"<p><\/p>\n<h2>Beratung<\/h2>\n<p>3KEYS liefert Track &amp; Trace und Serialisierungsprojekte von der ersten Idee bis zum dauerhaften Support Ihrer L\u00f6sung. Abh\u00e4ngig von Ihren Anforderungen bieten wir eine ma\u00dfgeschneiderte L\u00f6sung f\u00fcr jede einzelne Projekthase an. Durch unseren gro\u00dfen Pool an Experten werden wir Sie in jeder Phase optimal betreuen.<\/p>\n<h2>UNTERNEHMENS-BERATUNG<\/h2>\n<h3 class=\"services--item--name\">Compliance Beratung<\/h3>\n<div class=\"services--item--switch\">\n<div class=\"services--item open\">\n<div class=\"services--item--description\">\n<p>Die meisten Track &amp; Trace Initiativen werden durch staatliche Gesetzgebungen initiiert. Regierungen vieler L\u00e4nder haben Vorschriften erlassen und Systeme bereitgestellt um Kunden vor illegalen Produkten, Unternehmen vor Einnahme- und Reputationsverlust zu sch\u00fctzen und korrekte Steuer- und Zollzahlungen sicherzustellen. F\u00fcr alle einschl\u00e4gigen Anforderungen in den verschiedenen Branchen und L\u00e4ndern hat 3KEYS Experten, z.B. EU TPD, FCTC, EU FMD, US DSCSA, Russian \u201cMarkirovka\u201d project (CRPT) und viele andere. Mit unserer Beratung helfen wir Ihnen, rechtzeitig auf Anforderungen zu reagieren und tragen dazu bei, dass Sie diese rechtzeitig oder sogar fr\u00fcher als vorgeschrieben erf\u00fcllen k\u00f6nnen. Wir stellen sicher, dass Sie Termine einhalten, dass Ihre Supply Chain immer lieferf\u00e4hig ist und dass sie Bu\u00dfgelder vermeiden.<\/p>\n<\/div>\n<\/div>\n<div class=\"services--item\">\n<div class=\"services--item--cation\">\n<h3 class=\"services--item--cation--container\">Analyse der Auswirkungen auf das Gesch\u00e4ft<\/h3>\n<div class=\"services--category\">\n<div class=\"services--items\">\n<div class=\"services--item open\">\n<div class=\"services--item--description\">\n<p>Serialisierung ist komplex und hat einen gro\u00dfen Einfluss auf Logistik- und Produktionsprozesse. 3KEYS hilft Ihnen, diese Auswirkungen zu analysieren und zu validieren, wir beraten Sie, wie diese effizient angegangen werden k\u00f6nnen, ohne die operativen Prozesse zu beeintr\u00e4chtigen. Unsere Track &amp; Trace Experten helfen Ihnen, die positiven Effekte und den ROI auf interne Prozesse zu heben. Die Unterst\u00fctzung der Qualit\u00e4tssicherung, Minimierung von Produktr\u00fcckrufen, Echtzeit-Bestandsdaten und Sicherheit der Lieferkette sind einige von vielen Vorteilen durch Produktserialisierung.<\/p>\n<\/div>\n<\/div>\n<\/div>\n<\/div>\n<div class=\"services--category\">\n<div class=\"services--category--caption\">\n<div class=\"services--category--icon\">\n<h2 class=\"services--category--name\">FACHLICHE BERATUNG<\/h2>\n<h3 class=\"services--item--name\">Analyse und Design<\/h3>\n<div class=\"services--item--switch\">\n<div class=\"services--item open\">\n<div class=\"services--item--description\">\n<p>Das 3KEYS Team analysiert die fachlichen Anforderungen und bestehenden Prozesse, daraus werden die SOLL-Prozesse abgeleitet und eingehend \u00fcberpr\u00fcft, ob sie den erforderlichen Standards entsprechen. F\u00fcr m\u00f6gliche L\u00fccken im Prozess erstellt 3Keys einen genauen Plan f\u00fcr deren Behebung.<\/p>\n<\/div>\n<\/div>\n<h3 class=\"services--item\">Umsetzung<\/h3>\n<div class=\"services--item open\">\n<div class=\"services--item--description\">\n<p>3KEYS ist ein anbieterunabh\u00e4ngiges Unternehmen. Wir entwickeln individuell abgestimmte L\u00f6sungen und w\u00e4hlen die Software entsprechend der Kundenbed\u00fcrfnisse aus. 3KEYS implementiert Serialisierungs- und Track &amp; Trace Systeme, um eine verbesserte Produktions- und Logistikeffizenz zu gew\u00e4hrleisten, um die erforderlichen Informationen bereitzustellen, die notwendig sind, um an die verschiedenen staatlichen Systeme zu berichten.<\/p>\n<\/div>\n<\/div>\n<div class=\"services--item\">\n<div class=\"services--item--cation\">\n<h3 class=\"services--item--cation--container\">Systemvalidierung<\/h3>\n<div class=\"services--category\">\n<div class=\"services--items\">\n<div class=\"services--item open\">\n<div class=\"services--item--description\">\n<p>3KEYS ist sehr erfahren in der Systemvalidierung (GxP, GAMP5). Bei allen Projekten, insbesondere in der pharmazeutischen Industrie, hat die Einhaltung dieser Vorschriften h\u00f6chste Priorit\u00e4t. Wir liefern Ergebnisse, die in einem Audit erfolgreich bestehen werden.<\/p>\n<\/div>\n<\/div>\n<\/div>\n<\/div>\n<div class=\"services--category\">\n<div class=\"services--category--caption\">\n<div class=\"services--category--icon\">\n<h2 class=\"services--category--name\">TECHNISCHE BERATUNG<\/h2>\n<h3 class=\"services--item--name\">ABAP Entwicklung<\/h3>\n<div class=\"services--item open\">\n<div class=\"services--item--description\">\n<p>3KEYS Softwareentwickler stellen sicher, dass Ihre Systeme einfach zu warten sind, leisten IT-Support und geben technische Orientierungshilfe in einem komplexen Umfeld. Gleichzeitig verbessern sie die die Effizienz Ihrer gesamten Systemarchitektur. 3KEYS Berater sind sehr erfahren in ABAP und ABAP OO. Wir garantieren, dass Ihren Anwendern pr\u00e4zise Programme und L\u00f6sungen zur Verf\u00fcgung gestellt werden. Wir legen gro\u00dfen Wert darauf, dass Ihr eigenes internes Kernteam das Wissen aufbaut, wie die L\u00f6sungen technisch im Detail und im Kontext Ihrer Gesamtarchitektur funktionieren.<\/p>\n<\/div>\n<\/div>\n<div class=\"services--item\">\n<div class=\"services--item--cation\">\n<div class=\"services--item--cation--container\">\n<h3 class=\"services--item--name\">JAVA Entwicklung<\/h3>\n<div class=\"services\">\n<div class=\"content\">\n<div class=\"services--categories\">\n<div class=\"services--category\">\n<div class=\"services--items\">\n<div class=\"services--item open\">\n<div class=\"services--item--description\">\n<p>3KEYS Entwickler haben gro\u00dfe Erfahrung unternehmensweite Serialisierungs- und Schnittstellenl\u00f6sungen in einer Vielzahl von Programmiersprachen zu erstellen, unter anderem in Java, .NET, Python, JS, und anderen. Wir sind erfahren, sowohl On-Premise, als auch Cloud-L\u00f6sungen -zugeschnitten auf die Kundenbed\u00fcrfnisse- zur Verf\u00fcgung zu stellen.<\/p>\n<\/div>\n<\/div>\n<\/div>\n<\/div>\n<\/div>\n<\/div>\n<\/div>\n<div class=\"additionally\">\n<div class=\"content\">\n<div class=\"additionally--card\">\n<h2 class=\"additionally--card--caption\">PROJEKT UND PROGRAMM\u00a0 MANAGEMENT<\/h2>\n<div class=\"additionally--card\">\n<div class=\"additionally--card--description\">\n<p>Wir sind in der Lage, unseren Kunden sehr erfahrene Projektleiter f\u00fcr Serialisierung und Track &amp; Trace zur Verf\u00fcgung zu stellen. Unsere Projektmanager verf\u00fcgen \u00fcber Erfahrung in verschiedenen L\u00e4ndern und Branchen wie Pharma, Tabak, Konsumg\u00fcter und anderen. Sie sind ebenfalls erfahren in der Abwicklung sehr gro\u00dfer Projekte, globale Projekte in die z.B. verschiedene Kundenstandorte und Teams eingebunden sind und in denen mehrere Lieferanten beteiligt sind. Wenn Sie mit 3KEYS zusammenarbeiten, werden Ihre Projekte effektiv und effizient durchgef\u00fchrt. Wir besetzen die Projekte mit den richtigen Ressourcen, den richtigen Skills, zu wettbewerbsf\u00e4higen Preisen und mit einer hohen Flexibilit\u00e4t.<\/p>\n<\/div>\n<\/div>\n<div class=\"additionally--card\">\n<h2 class=\"additionally--card--caption\">TRAINING<\/h2>\n<div class=\"additionally--card\">\n<div class=\"additionally--card--description\">\n<p>Um eine sp\u00e4tere erfolgreiche Betreuung des neuen Track &amp; Trace Systems zu gew\u00e4hrleisten, legen wir gro\u00dfen Wert darauf, schon fr\u00fch w\u00e4hrend des Projektes alle notwendigen Schulungen zu entwickeln und durchzuf\u00fchren und falls gew\u00fcnscht Ihre internen Mitarbeiter eng in die Projektarbeit einzubinden. In Abstimmung mit Ihnen werden wir einen konsistenten Trainingsplan entwickeln.<\/p>\n<\/div>\n<\/div>\n<div class=\"additionally--card\">\n<h2 class=\"additionally--card--caption\">INCIDENT UND PROBLEM MANAGEMENT<\/h2>\n<div class=\"additionally\">\n<div class=\"content\">\n<div class=\"additionally--card\">\n<div class=\"additionally--card--description\">\n<p>Auch nach Abschluss des Projektes und aller Schulungen steht unser Team weiterhin zur Verf\u00fcgung, um Fragen zu beantworten und Probleme zu l\u00f6sen. 3KEYS bietet einen dauerhaften 24 x 7 Track &amp; Trace Support durch unser Near-Shore und Offshore Team und einen 8 x 5 Support durch unser deutsches Team an.<\/p>\n<\/div>\n<\/div>\n<\/div>\n<\/div>\n<div class=\"gbt\">\n<div class=\"gbt--title--container\">\n<h2 class=\"gbt--title\">\u00a0GBT<\/h2>\n<div class=\"gbt--intro\">GBT (Global Batch Tracebility) erm\u00f6glicht eine vollst\u00e4ndige, system\u00fcbergreifende Nachverfolgbarkeit von Chargen von der Herkunft der Rohstoffe \u00fcber die Produktion bis zum Vertrieb des Fertigproduktes.<\/div>\n<div class=\"speech_bubble\">\n<div class=\"gbt\">\n<div class=\"content\">\n<div class=\"column\">\n<div class=\"gbt-description\">\n<p>F\u00fcr GBT gibt es weltweit nur wenige Experten. 3KEYS GmbH verf\u00fcgt \u00fcber einzigartiges Wissen und Erfahrung bei der Implementierung von SAP Global Batch Tracebility. Durch die komplette Verfolgung von Chargen vor und nach der Produktion erm\u00f6glicht GBT die schnelle Erf\u00fcllung von gesetzlichen Vorgaben zur R\u00fcckverfolgbarkeit Ihrer Produkte. Dar\u00fcber hinaus erm\u00f6glicht das System auf einen Blick eine hohe Transparenz aller Rohstoff- und Warenfl\u00fcsse.<\/p>\n<\/div>\n<\/div>\n<\/div>\n<\/div>\n<div class=\"gbt--scheme\" data-sr-id=\"21\">\n<div class=\"content\">\u00a0<\/div>\n<\/div>\n<\/div>\n<\/div>\n<div class=\"content\">\n<div class=\"column\">\u00a0<\/div>\n<\/div>\n<\/div>\n<\/div>\n<\/div>\n<\/div>\n<\/div>\n<\/div>\n<div class=\"services--item--switch\">\u00a0<\/div>\n<\/div>\n<\/div>\n<\/div>\n<div class=\"services--item--switch\">\u00a0<\/div>\n<\/div>\n<\/div>\n<\/div>\n<\/div>\n<\/div>\n<\/div>\n<\/div>\n<\/div>\n<\/div>\n<\/div>\n<\/div>\n<\/div>\n<p><\/p>","protected":false},"excerpt":{"rendered":"<p>Beratung 3KEYS liefert Track &amp; Trace und Serialisierungsprojekte von der ersten Idee bis zum dauerhaften Support Ihrer L\u00f6sung. Abh\u00e4ngig von Ihren Anforderungen bieten wir eine<\/p>\n","protected":false},"author":1,"featured_media":0,"parent":15,"menu_order":4,"comment_status":"closed","ping_status":"closed","template":"page_consulting.php","meta":{"inline_featured_image":false},"categories":[],"tags":[],"class_list":["post-17","page","type-page","status-publish","hentry"],"_links":{"self":[{"href":"https:\/\/3keys.com\/de\/wp-json\/wp\/v2\/pages\/17","targetHints":{"allow":["GET"]}}],"collection":[{"href":"https:\/\/3keys.com\/de\/wp-json\/wp\/v2\/pages"}],"about":[{"href":"https:\/\/3keys.com\/de\/wp-json\/wp\/v2\/types\/page"}],"author":[{"embeddable":true,"href":"https:\/\/3keys.com\/de\/wp-json\/wp\/v2\/users\/1"}],"replies":[{"embeddable":true,"href":"https:\/\/3keys.com\/de\/wp-json\/wp\/v2\/comments?post=17"}],"version-history":[{"count":23,"href":"https:\/\/3keys.com\/de\/wp-json\/wp\/v2\/pages\/17\/revisions"}],"predecessor-version":[{"id":3365,"href":"https:\/\/3keys.com\/de\/wp-json\/wp\/v2\/pages\/17\/revisions\/3365"}],"up":[{"embeddable":true,"href":"https:\/\/3keys.com\/de\/wp-json\/wp\/v2\/pages\/15"}],"wp:attachment":[{"href":"https:\/\/3keys.com\/de\/wp-json\/wp\/v2\/media?parent=17"}],"wp:term":[{"taxonomy":"category","embeddable":true,"href":"https:\/\/3keys.com\/de\/wp-json\/wp\/v2\/categories?post=17"},{"taxonomy":"post_tag","embeddable":true,"href":"https:\/\/3keys.com\/de\/wp-json\/wp\/v2\/tags?post=17"}],"curies":[{"name":"wp","href":"https:\/\/api.w.org\/{rel}","templated":true}]}}