{"id":2,"date":"2020-11-01T21:37:01","date_gmt":"2020-11-01T18:37:01","guid":{"rendered":"https:\/\/3keys.k2d.ru\/?page_id=2"},"modified":"2026-03-25T12:43:10","modified_gmt":"2026-03-25T09:43:10","slug":"home","status":"publish","type":"page","link":"https:\/\/3keys.com\/de\/","title":{"rendered":"Hauptseite"},"content":{"rendered":"<p><\/p>\n<h1>3Keys &#8211; Experten f\u00fcr Track&amp;Trace L\u00f6sungen<\/h1>\n<ul>\n<li>Digitalisieren Sie Ihre Supply Chain mit einem Experten f\u00fcr Track &amp; Trace.<\/li>\n<li>Sch\u00fctzen Sie Ihre Marken mit modernsten L\u00f6sungen gegen Produktf\u00e4lschungen.<\/li>\n<li>Implementieren Sie zusammen mit uns neue gesetzliche Anforderungen in der Serialisierung.<\/li>\n<\/ul>\n<h2>Wer wir sind<\/h2>\n<p>3KEYS ist ein Beratungsunternehmen spezialisiert auf Produktserialisierung und Track &amp; Trace. Wir f\u00fchren globale Projekte in allen Industrien, die Produktserialisierung ben\u00f6tigen, durch. 3KEYS ber\u00e4t Sie unabh\u00e4ngig von Softwarelieferanten zu vielen verschiedenen auf dem Markt verf\u00fcgbaren L\u00f6sungen.<\/p>\n<h2>Unsere Leistung f\u00fcr Sie<\/h2>\n<p>Wir definieren die richtigen Prozesse und liefern die richtigen L\u00f6sungen, um Ihre Supply Chain sicher zu machen. Im Ergebnis ist Ihre Lieferkette transparent f\u00fcr Analyse und Optimierung. Wir stellen f\u00fcr unsere Kunden einen einfachen Zugang zu Produktechtheit und -sicherheit zur Verf\u00fcgung und helfen Ihnen, gesetzliche Vorschriften einzuhalten.<\/p>\n<h2 class=\"benefits--title\"><span class=\"text\">Was macht uns besonders<\/span><\/h2>\n<h3>Un\u00fcbertroffenes T&amp;T Know How<\/h3>\n<p>Wir sind eines der erfahrensten Teams auf dem Track &amp; Trace Markt. Unsere Experten verf\u00fcgen meist \u00fcber mehr als 15 Jahre Erfahrung in diesem Bereich. Sie bringen ein tiefgreifendes Verst\u00e4ndnis der Supply Chain sowie un\u00fcbertroffene Kenntnisse im Umgang mit den weltweiten regulatorischen Anforderungen mit.<\/p>\n<h3 class=\"benefits--item--title\">Projekterfahrung<\/h3>\n<div class=\"benefits--item--switch\">Wir haben sehr viele anspruchsvolle Projekte in den am meisten von Track &amp; Trace betroffenen Branchen wie Tabak, Pharma, Automotive und FMCG abgeschlossen. Diese Erfahrung erm\u00f6glichte es uns, auch in allen anderen nicht regulierten Branchen oder Branchen, in denen Track &amp; Trace neu ist, optimale Prozesse zu implementieren.<\/div>\n<h3>End-to-End Expertise<\/h3>\n<p>3KEYS f\u00fchrt Ihr gesamtes Serialisierungsprojekt auch als Generalunternehmer durch. Dies gew\u00e4hrleistet f\u00fcr Sie optimale Leistung, Effizienz und eine sehr hohe Qualit\u00e4t.<\/p>\n<h3>Globale Pr\u00e4senz<\/h3>\n<p>Unsere globale Aufstellung in Verbindung mit dem weltweit gr\u00f6\u00dften verf\u00fcgbaren Pool von spezialisierten Track &amp; Trace Beratern erm\u00f6glicht uns umfassende Kenntnisse der rechtlichen Anforderungen in allen L\u00e4ndern und Branchen und bietet uns die M\u00f6glichkeit, Projektteams mit einem flexiblen Team aus On-Site, Near-Shore und Offshore Ressourcen zu besetzen. Dies erm\u00f6glicht uns eine hohe Flexibilit\u00e4t, Projekte mit den richtigen Mitarbeitern, den ben\u00f6tigten Skills zur richtigen Zeit zu besetzen unter gleichzeitiger Beibehaltung einer hohen Qualit\u00e4t und wettbewerbsf\u00e4higen Preisen.<\/p>\n<h3>Der Kunde steht f\u00fcr uns an erster Stelle<\/h3>\n<p>3KEYS garantiert Ihnen ein Projekt, dass wir so weit wie m\u00f6glich eigenverantwortlich steuern und f\u00fcr das von Ihrer Seite nur wenig interne Ressourcen f\u00fcr ein minimales Projektmonitoring erforderlich sind. Wir stellen sicher, dass alle relevanten Projektrollen besetzt werden, vom technischen Experten*in und Entwickler*in bis hin zum Programmmanager*in. Dar\u00fcber hinaus bietet 3KEYS einen 24\/7 2nd und 3rd Level Support an, der auf Track &amp; Trace spezialisiert ist und durch unser Nearshore und Offshore Team erbracht wird.<\/p>\n<p><\/p>","protected":false},"excerpt":{"rendered":"<p>3Keys &#8211; Experten f\u00fcr Track&amp;Trace L\u00f6sungen Digitalisieren Sie Ihre Supply Chain mit einem Experten f\u00fcr Track &amp; Trace. Sch\u00fctzen Sie Ihre Marken mit modernsten L\u00f6sungen<\/p>\n","protected":false},"author":1,"featured_media":0,"parent":0,"menu_order":1,"comment_status":"closed","ping_status":"closed","template":"page_index.php","meta":{"inline_featured_image":false},"categories":[],"tags":[],"class_list":["post-2","page","type-page","status-publish","hentry"],"_links":{"self":[{"href":"https:\/\/3keys.com\/de\/wp-json\/wp\/v2\/pages\/2","targetHints":{"allow":["GET"]}}],"collection":[{"href":"https:\/\/3keys.com\/de\/wp-json\/wp\/v2\/pages"}],"about":[{"href":"https:\/\/3keys.com\/de\/wp-json\/wp\/v2\/types\/page"}],"author":[{"embeddable":true,"href":"https:\/\/3keys.com\/de\/wp-json\/wp\/v2\/users\/1"}],"replies":[{"embeddable":true,"href":"https:\/\/3keys.com\/de\/wp-json\/wp\/v2\/comments?post=2"}],"version-history":[{"count":88,"href":"https:\/\/3keys.com\/de\/wp-json\/wp\/v2\/pages\/2\/revisions"}],"predecessor-version":[{"id":5071,"href":"https:\/\/3keys.com\/de\/wp-json\/wp\/v2\/pages\/2\/revisions\/5071"}],"wp:attachment":[{"href":"https:\/\/3keys.com\/de\/wp-json\/wp\/v2\/media?parent=2"}],"wp:term":[{"taxonomy":"category","embeddable":true,"href":"https:\/\/3keys.com\/de\/wp-json\/wp\/v2\/categories?post=2"},{"taxonomy":"post_tag","embeddable":true,"href":"https:\/\/3keys.com\/de\/wp-json\/wp\/v2\/tags?post=2"}],"curies":[{"name":"wp","href":"https:\/\/api.w.org\/{rel}","templated":true}]}}