{"id":7,"date":"2020-11-02T18:38:46","date_gmt":"2020-11-02T15:38:46","guid":{"rendered":"https:\/\/3keys.k2d.ru\/?page_id=7"},"modified":"2025-06-27T11:44:32","modified_gmt":"2025-06-27T08:44:32","slug":"expertise","status":"publish","type":"page","link":"https:\/\/3keys.com\/de\/expertise\/","title":{"rendered":"Expertise"},"content":{"rendered":"<p><\/p>\n<h1>Expertise<\/h1>\n<h2>3KEYS, MEHR ALS EINE TOP BERATUNG<\/h2>\n<p>Die Expertise unseres Unternehmens zeigt sich in drei miteinander verbundenen Gesch\u00e4ftsfeldern.<\/p>\n<h2>1. Die Beratung<\/h2>\n<p>Wir helfen unseren Kunden bei der Suche nach der richtigen Track &amp; Trace L\u00f6sung und bei deren Implementierung. Sie k\u00f6nnen sich darauf verlassen, dass wir Sie brachenunabh\u00e4ngig und unabh\u00e4ngig von L\u00f6sungsanbietern beraten. Wir \u00fcbertragen unsere Erfahrungen aus Branchen die seit Jahrzehnten Track &amp; Trace verwenden in Bereiche in denen diese Anforderungen neu sind. Wir haben eine Vorreiterrolle in der Implementierung von GBT (Global Batch Tracebility).<\/p>\n<h2>2. Produktentwicklung<\/h2>\n<p>Wir entwickeln eigene Produkte im Bereich Track &amp; Trace. F\u00fcr diese Produkte verwenden wir derzeit verf\u00fcgbare Spitzentechnologie in Kombination mit unserem gro\u00dfen fachlichen Know-How aus einer Vielzahl erfolgreich durchgef\u00fchrter Projekte.<\/p>\n<h2>3. Support<\/h2>\n<p>3KEYS bietet Support f\u00fcr alle von uns verwendeten Track &amp; Trace L\u00f6sungen. Wir unterst\u00fctzen bei Prozess- oder Integrationsthemen mit Liniensystemen, externen Partnern, nationalen Datenbanken und anderen externen Systemen.<\/p>\n<h2>EINZIGARTIGE KOMPETENZ F\u00dcR DEN RUSSISCHEN MARKT<\/h2>\n<h3 class=\"expertise--unique--title\">Aus einer Vielzahl von Projekten besitzt 3KEYS eine umfassende Expertise f\u00fcr T&amp;T Anforderungen auf dem russischen Markt.<\/h3>\n<p>Die russische Gesetzgebung zu Track &amp; Trace stellt die weltweit komplexeste branchen\u00fcbergreifende Anforderung dar. Das von uns erworbene Know-How in diesem Markt ist f\u00fcr ein weites Spektrum von Track &amp; Trace Projekten anwendbar. Zum Beispiel wurde f\u00fcr die russischen Anforderungen eines unserer Produkte, der 3KEYS Connector, erstellt, der nun auch erfolgreich im Rest Europas eingesetzt wird.<\/p>\n<p><\/p>","protected":false},"excerpt":{"rendered":"<p>Expertise 3KEYS, MEHR ALS EINE TOP BERATUNG Die Expertise unseres Unternehmens zeigt sich in drei miteinander verbundenen Gesch\u00e4ftsfeldern. 1. Die Beratung Wir helfen unseren Kunden<\/p>\n","protected":false},"author":1,"featured_media":0,"parent":0,"menu_order":24,"comment_status":"closed","ping_status":"closed","template":"page_expertise.php","meta":{"inline_featured_image":false},"categories":[],"tags":[],"class_list":["post-7","page","type-page","status-publish","hentry"],"_links":{"self":[{"href":"https:\/\/3keys.com\/de\/wp-json\/wp\/v2\/pages\/7","targetHints":{"allow":["GET"]}}],"collection":[{"href":"https:\/\/3keys.com\/de\/wp-json\/wp\/v2\/pages"}],"about":[{"href":"https:\/\/3keys.com\/de\/wp-json\/wp\/v2\/types\/page"}],"author":[{"embeddable":true,"href":"https:\/\/3keys.com\/de\/wp-json\/wp\/v2\/users\/1"}],"replies":[{"embeddable":true,"href":"https:\/\/3keys.com\/de\/wp-json\/wp\/v2\/comments?post=7"}],"version-history":[{"count":14,"href":"https:\/\/3keys.com\/de\/wp-json\/wp\/v2\/pages\/7\/revisions"}],"predecessor-version":[{"id":2679,"href":"https:\/\/3keys.com\/de\/wp-json\/wp\/v2\/pages\/7\/revisions\/2679"}],"wp:attachment":[{"href":"https:\/\/3keys.com\/de\/wp-json\/wp\/v2\/media?parent=7"}],"wp:term":[{"taxonomy":"category","embeddable":true,"href":"https:\/\/3keys.com\/de\/wp-json\/wp\/v2\/categories?post=7"},{"taxonomy":"post_tag","embeddable":true,"href":"https:\/\/3keys.com\/de\/wp-json\/wp\/v2\/tags?post=7"}],"curies":[{"name":"wp","href":"https:\/\/api.w.org\/{rel}","templated":true}]}}