{"id":886,"date":"2021-04-30T12:36:37","date_gmt":"2021-04-30T09:36:37","guid":{"rendered":"https:\/\/3keys.com\/?page_id=886"},"modified":"2025-03-28T10:19:01","modified_gmt":"2025-03-28T07:19:01","slug":"cis-connector-for-sap-att","status":"publish","type":"page","link":"https:\/\/3keys.com\/de\/services-products\/cis-connector-for-sap-att\/","title":{"rendered":"3KEYS Connector CIS f\u00fcr SAP ATT"},"content":{"rendered":"<p><\/p>\n<div class=\"page_header\">\n<div class=\"content\">\n<h1 class=\"page_title\">3KEYS Connector CIS f\u00fcr SAP ATT<\/h1>\n<\/div>\n<\/div>\n<div class=\"connector_main\">\n<div class=\"content\">\n<div class=\"connector_main--text\">\n<div class=\"connector_main--description\">\n<p><strong>Der Connector CIS ist eine von 3KEYS entwickelte L\u00f6sung. Er erm\u00f6glicht unseren Kunden, die gesetzlichen Anforderungen f\u00fcr das Reporting an die Russischen Datenbanken in der Pharma-, Tabak-, Schuh-, Bekleidungs-, Reifen- und Leichtindustrie zu erf\u00fcllen und ebenfalls das zuk\u00fcnftige Reporting in der Mineralwasser-, Milch, Brauereiindustrie und anderen Branchen sicherzustellen. <\/strong><\/p>\n<p>Der Connector ist eine Kombination aus ABAP und Java-Programmen und erm\u00f6glicht, Nachrichten aus SAP ATTP \/ ATT heraus \u00fcber eine sichere Verbindung direkt an das entsprechende GUS Systeme zu schicken. Der Connector holt eingehende Nachrichten vom GUS Systeme ab, l\u00e4dt sie direkt in ATTP \/ ATT f\u00fcr die weitere Verarbeitung und stellt einen komfortablen Monitor f\u00fcr alle ein- und ausgehenden Nachrichten zur Verf\u00fcgung. Lesen Sie hier nach, wie sie die russischen Anforderungen in Track &amp; Trace mit der erprobten 3KEYS Connector CIS erf\u00fcllen k\u00f6nnen!<\/p>\n<\/div>\n<p><a class=\"download_doc\" href=\"https:\/\/3keys.com\/wp-content\/uploads\/2020\/12\/3Keys-CRPT.pdf\" target=\"_blank\" rel=\"noopener noreferrer\">WHITE PAPER<\/a><\/div>\n<div class=\"connector_main--logo\">\u00a0<\/div>\n<\/div>\n<\/div>\n<div class=\"connector_detail bg\">\n<div class=\"connector_description connector_description__top\">\n<div class=\"content\">\n<div class=\"connector_description_item\">\n<h2 class=\"connector_description_item--title\">WARUM WIRD DER CONNECTOR BEN\u00d6TIGT?<\/h2>\n<div class=\"connector_description_item--description\">Das aktuelle CIS Package f\u00fcr SAP ATTP 3.0 erm\u00f6glicht es, im Standard, Nachrichten im XML\/JSON- Format zu generieren und diese entweder automatisch auf einen Fileserver hochzuladen oder nach manueller Freigabe und digitaler Signatur auf dem Anwender PC an die CRPT-Systeme zu senden. Der 3Keys Connector CIS erm\u00f6glicht eine vollautomatische Integration zwischen SAP ATT und den Systemen GIS MT, IS MDLP, IS MOTP, NIS MPT, IS MPT f\u00fcr ein- und ausgehende Nachrichten. Die ist m\u00f6glich ohne die Installation von weiterer Software f\u00fcr digitale Signaturen auf dem lokalen Rechner.<\/div>\n<\/div>\n<div class=\"connector_description_item\">\n<h2 class=\"connector_description_item--title\">WIE WIRD DER CONNECTOR VERWENDET?<\/h2>\n<div class=\"connector_description_item--description\">Der Connector CIS wird auf SAP ATTP als fertiger ABAP-Code installiert, innerhalb dieses Pakets werden einige SAP Standard ATT BADIs implementiert. DIE BADIs rufen Java- Komponenten auf, die die Kommunikation mit den CRPT Systemen sicherstellen. BADI und Java kommunizieren \u00fcber HTTPs. Umgekehrt implementiert der ABAP-Code eine Reihe von Funktionsbausteinen, die dann als HTTPs- Endpunkt von ATT fungieren und von den Java- Komponenten aufgerufen werden. Dadurch werden Benachrichtigungen in Richtung ATT gepusht, damit der Status von Nachrichten im ATT aktualisiert wird. Die Java- Komponente des Connectors bietet GOST TLS-Konnektivit\u00e4t mit den IS MDLP-, GIS MT-, NIS MPT-, IS MPT -APIs integriert sich in die CrptoPro JCP- Bibliothek zur Unterst\u00fctzung digitaler Signaturen und erm\u00f6glicht die Abfrage von GIS- APIs f\u00fcr eingehende Nachrichten.<\/div>\n<\/div>\n<\/div>\n<\/div>\n<div class=\"connector_func_and_security\">\n<div class=\"content\">\n<div class=\"connector_functionality\">\n<h2 class=\"connector_functionality--title\">Der 3KEYS Connector CIS f\u00fcr SAP ATTP bietet folgende Funktionen::<\/h2>\n<div class=\"connector_functionality--description\">\n<ul>\n<li>Bereitstellung einer voll funktionsf\u00e4higen Kommunikations- und Authentifizierungsschicht, aller Sicherheitsfunktionen (Dokumentensignaturen, zertifizierungsbasierte Authentifizierung) die von CRPT ben\u00f6tigt werden,<\/li>\n<li>Bereitstellung der GOST-Funktionalit\u00e4t f\u00fcr digitale Signaturen \u00fcber die CryptoPro- Bibliothek oder einen anderen zertifizierten Kryptographie- Anbieter,<\/li>\n<li>Automatische digitale Signatur der Crypto Code Anfragen an OMS (f\u00fcr Non-Pharma),<\/li>\n<li>Automatisches Senden der Nachrichten aus ATT an die CRPT-APIs<\/li>\n<li>Bereitstellung der GOST TLS Verbindung ,<\/li>\n<li>Abfrage des Verarbeitungsstatus von den CRPT Systemen f\u00fcr alle Nachrichten,<\/li>\n<li>Check der CRPT Systeme auf neue Eingangsnachrichten (6xx-Nachrichten) und Download und Verarbeitung in ATT<\/li>\n<li>Komfortable Transaktionen in ATT zum Monitoring aller eingehender und ausgehender Nachrichten<\/li>\n<\/ul>\n<h3>Der Connector als SaaS L\u00f6sung bietet zudem:<\/h3>\n<ul>\n<li>Middleware-as-a-Service zur Verbindung von SAP ATT mit CRPT OMS, GIS MT, IS MDLP und MOTP.<\/li>\n<li>Ein Hosting in Russland (Yandex Cloud) ist m\u00f6glich, um die vollst\u00e4ndige rechtliche Einhaltung der GOST-Richtlinien zu elektronischen Signaturen sicherzustellen.<\/li>\n<\/ul>\n<\/div>\n<\/div>\n<div class=\"card connector_security\">\n<div class=\"card--caption\">\n<h2 class=\"card--name\">SICHERHEIT<\/h2>\n<\/div>\n<div class=\"card--description\">\n<ul>\n<li>Die L\u00f6sung ist vollst\u00e4ndig validiert (GxP).<\/li>\n<li>Die technische Sicherheit wurde durch ein externes unabh\u00e4ngiges Unternehmen \u00fcberpr\u00fcft. Ein unbefugter Zugriff auf die API ist ausgeschlossen.<\/li>\n<li>Das gesamte Sicherheitsniveau der L\u00f6sung wurde als hoch bewertet.<\/li>\n<li>Zus\u00e4tzlich k\u00f6nnen weitere Sicherheitsmechanismen auf Kundenseite verwendet werden, z.B. Middleware wie SAP PO oder Gateways, Firewalls, Proxies.<\/li>\n<\/ul>\n<div class=\"connector_description_item\">\n<h2 class=\"connector_description_item--title\">WIE WURDE DER CONNECTOR VALIDIERT?<\/h2>\n<div class=\"connector_description_item--description\">Der 3KEYS Connector wurde unter Beachtung der Praktiken der Computerized System Validation (CSV) entwickelt.<\/div>\n<\/div>\n<div class=\"connector_description_item\">\n<h2 class=\"connector_description_item--title\">WIE MIGRIEREN SIE VOM CONNECTOR ZUR\u00dcCK ZUM SAP STANDARD (FALLS ERW\u00dcNSCHT)?<\/h2>\n<div class=\"connector_description_item--description\">Der 3KEYS Connector CIS bietet Parameter, die jederzeit aktiv oder inaktiv gesetzt werden k\u00f6nnen, ohne \u00c4nderungen am Code vorzunehmen. Dadurch k\u00f6nnen Kunden zum SAP-Standard zur\u00fcckkehren und die Connector- Implementierung ohne jegliche Programmierung deaktivieren.<\/div>\n<\/div>\n<\/div>\n<\/div>\n<\/div>\n<\/div>\n<\/div>\n<p><\/p>","protected":false},"excerpt":{"rendered":"<p>3KEYS Connector CIS f\u00fcr SAP ATT Der Connector CIS ist eine von 3KEYS entwickelte L\u00f6sung. Er erm\u00f6glicht unseren Kunden, die gesetzlichen Anforderungen f\u00fcr das Reporting<\/p>\n","protected":false},"author":1,"featured_media":0,"parent":15,"menu_order":2,"comment_status":"closed","ping_status":"closed","template":"page_connector.php","meta":{"inline_featured_image":false},"categories":[],"tags":[],"class_list":["post-886","page","type-page","status-publish","hentry"],"_links":{"self":[{"href":"https:\/\/3keys.com\/de\/wp-json\/wp\/v2\/pages\/886","targetHints":{"allow":["GET"]}}],"collection":[{"href":"https:\/\/3keys.com\/de\/wp-json\/wp\/v2\/pages"}],"about":[{"href":"https:\/\/3keys.com\/de\/wp-json\/wp\/v2\/types\/page"}],"author":[{"embeddable":true,"href":"https:\/\/3keys.com\/de\/wp-json\/wp\/v2\/users\/1"}],"replies":[{"embeddable":true,"href":"https:\/\/3keys.com\/de\/wp-json\/wp\/v2\/comments?post=886"}],"version-history":[{"count":54,"href":"https:\/\/3keys.com\/de\/wp-json\/wp\/v2\/pages\/886\/revisions"}],"predecessor-version":[{"id":3348,"href":"https:\/\/3keys.com\/de\/wp-json\/wp\/v2\/pages\/886\/revisions\/3348"}],"up":[{"embeddable":true,"href":"https:\/\/3keys.com\/de\/wp-json\/wp\/v2\/pages\/15"}],"wp:attachment":[{"href":"https:\/\/3keys.com\/de\/wp-json\/wp\/v2\/media?parent=886"}],"wp:term":[{"taxonomy":"category","embeddable":true,"href":"https:\/\/3keys.com\/de\/wp-json\/wp\/v2\/categories?post=886"},{"taxonomy":"post_tag","embeddable":true,"href":"https:\/\/3keys.com\/de\/wp-json\/wp\/v2\/tags?post=886"}],"curies":[{"name":"wp","href":"https:\/\/api.w.org\/{rel}","templated":true}]}}