{"id":893,"date":"2021-04-30T13:54:20","date_gmt":"2021-04-30T10:54:20","guid":{"rendered":"https:\/\/3keys.com\/?page_id=893"},"modified":"2025-03-31T12:59:34","modified_gmt":"2025-03-31T09:59:34","slug":"sap-att-and-gbt","status":"publish","type":"page","link":"https:\/\/3keys.com\/de\/services-products\/sap-att-and-gbt\/","title":{"rendered":"SAP ATT &#038; GBT"},"content":{"rendered":"<p><\/p>\n<h1>SAP ATT &amp; GBT<\/h1>\n<h2>SAP ADVANCED TRACK AND TRACE (SAP ATT \/ SAP ATTP)<\/h2>\n<p>SAP ist Marktf\u00fchrer im Bereich Unternehmensanwendungssoftware und unterst\u00fctzt Unternehmen jeder Gr\u00f6\u00dfe und Branche dabei, ihre Gesch\u00e4ftsprozesse optimal zu gestalten.<\/p>\n<p>SAP ATT wurde von SAP entwickelt, um Ihr Unternehmen vor illegalen Produkten zu sch\u00fctzen und l\u00e4nderspezifische Anforderungen im Bereich Track &amp; Trace zu erf\u00fcllen. ATT ist in der Lage die gro\u00dfen Datenmengen in der Serialisierung zu verarbeiten.<\/p>\n<p>SAP ATT bietet ein unternehmensweites Serialisierungsrepository, eine Seriennummernverwaltung und die Anbindung an staatliche Datenbanken.<\/p>\n<p>&nbsp;<\/p>\n<h3>Warum empfehlen wir SAP Advaned Track and Trace?<\/h3>\n<h4>ATTP ENTSPRICHT DEM NEUESTEN STAND DER RELEVANTEN REGULARIEN<\/h4>\n<p>Es unterst\u00fctzt immer aktuell die Integration mit staatlichen Systemen, deren Anforderungen sich h\u00e4ufig \u00e4ndern.<\/p>\n<h4>EFFIZIENTE INTEGRATION DER SERIALISIERUNGSPROZESSE<\/h4>\n<p>Effektive Integration von Serialisierung in bestehende Prozesse und in das Gesch\u00e4ftsumfeld: Integration von Stammdaten, Lagerabl\u00e4ufen, Logistikpartnern, etc.<\/p>\n<h4>KONTROLLE GROSSER DATENMENGEN<\/h4>\n<p>ATTP stellt die Systemperformance und hohe Verarbeitungsgeschwindigkeit sicher unabh\u00e4ngig von der Anzahl der Seriennummern.<\/p>\n<p>&nbsp;<\/p>\n<h3>\u00a0SAP ATT Funktionen<\/h3>\n<h4>\u00a0Compliance Berichterstattung<\/h4>\n<ul>\n<li>Bereitstellung der Schnittstellen und von vorkonfigurierten Paketen, die das landesspezifische Reporting sicherstellen.<\/li>\n<li>Entsprechende Pakete f\u00fcr Russland sind verf\u00fcgbar und entsprechen den Anforderungen des Ministeriums f\u00fcr Industrie und Handel.<\/li>\n<\/ul>\n<h4>Unternehmensweite Seriennummernverwaltung<\/h4>\n<p>Event Handling im EPICS- oder PML- Format, viele Auswertungen und Reports, GS1 Unterst\u00fctzung: EPCIS 1.1 core, EPCIS business vocabulary, Tag Data Standard 1.9<\/p>\n<h4>Effektive Integration von Gesch\u00e4ftsprozessen<\/h4>\n<p>Standardm\u00e4\u00dfige Integration mit SAP ERP, SAP WM und SAP EWM, Toolkit f\u00fcr die Integration von Verpackungslinien<\/p>\n<h4>Unternehmensweite Verwaltung von Nummernkreisen<\/h4>\n<ul>\n<li>Komplettl\u00f6sung f\u00fcr das unternehmensweite Seriennummernmanagement<\/li>\n<li>Sowohl Nummernkreise, als auch individuelle Nummern k\u00f6nnen verwaltet werden<\/li>\n<li>Ein Generator f\u00fcr die Erzeugung von zuf\u00e4llig generierten Seriennummern steht zur Verf\u00fcgung<\/li>\n<\/ul>\n<h4>Nachverfolgbarkeit<\/h4>\n<ul>\n<li>Serialisierte Waren, Chargen, Ereignisse und Transaktionsdaten<\/li>\n<li>Auswertung der Verpackungshierarchie von Objekten (Aggregation)<\/li>\n<li>Auswertung von Nachrichten, die an externe Systeme \u00fcbertragen wurden<\/li>\n<li>Berechtigungssteuerung f\u00fcr Objekte<\/li>\n<\/ul>\n<p>&nbsp;<\/p>\n<h3>SAP ATT Vorteile<\/h3>\n<h4>Nahtlose Integration<\/h4>\n<p>Wenn Sie bereits SAP ERP, SAP EWM, S4HANA Produkte verwenden, profitieren Sie von einer Standard-Integration der verschiedenen Systeme. F\u00fcr alle anderen Systeme, z.B. Oracle, 1C oder Microsoft bietet SAP ATT ein ausgereiftes Schnittstellenkonzept \u00fcber Webservices.<\/p>\n<h4>Funktionspaket f\u00fcr mobile Ger\u00e4te<\/h4>\n<p>Ein Funktionspaket zum Einbetten von Serialisierungsfunktionen in bestehende mobile Anwendungen.<\/p>\n<h4>Effektive Skalierung<\/h4>\n<p>Skalierbarkeit der L\u00f6sung f\u00fcr komplexe Organisationen, Prozesse k\u00f6nnen z.B. abh\u00e4ngig von Produktkategorien oder Gesch\u00e4ftsbereichen gesteuert werden.<\/p>\n<h4>Separates System<\/h4>\n<p>Es gibt keine zus\u00e4tzliche Systemlast f\u00fcr das ERP. Alle Serialisierungsinformationen werden im ATT gespeichert, im ERP sind keine \u00c4nderungen erforderlich.<\/p>\n<h4>Hohe Performance<\/h4>\n<p>Die Produktivit\u00e4t des Lagerbetriebs wird auch mit der zus\u00e4tzlichen Verarbeitung der Serialisierungsinformation sichergestellt. ATT kann auch mit gro\u00dfen Datenmengen umgehen und diese sehr schnell verarbeiten.<\/p>\n<h4>Einhaltung gesetzlicher Vorschriften<\/h4>\n<p>Meldung der Status\u00e4nderungen von serialisierten Waren.<\/p>\n<h4>GxP Compliance<\/h4>\n<p>Erf\u00fcllen der beh\u00f6rdlichen Anforderungen an die Validierung von computergest\u00fctzten Systemen f\u00fcr die Pharma- und Lebensmittelindustrie.<\/p>\n<h4>Vollst\u00e4ndige R\u00fcckverfolgbarkeit<\/h4>\n<p>Nachverfolgung des kompletten Lebenszyklus einer Seriennummer von der Codeanforderung bis zum Verkauf.<\/p>\n<h4>Pr\u00fcfung des Status von Seriennummern<\/h4>\n<p>Der Status einer Seriennummer kann online \u00fcberpr\u00fcft werden, bevor die n\u00e4chste Logistikoperation durchgef\u00fchrt wird.<\/p>\n<p>&nbsp;<\/p>\n<h2>GBT (Global Batch Tracebility)<\/h2>\n<p>GBT (Global Batch Tracebility) erm\u00f6glicht eine vollst\u00e4ndige, system\u00fcbergreifende Nachverfolgbarkeit von Chargen von der Herkunft der Rohstoffe \u00fcber die Produktion bis zum Vertrieb des Fertigproduktes.<\/p>\n<p>F\u00fcr GBT gibt es weltweit nur wenige Experten. 3KEYS GmbH verf\u00fcgt \u00fcber einzigartiges Wissen und Erfahrung bei der Implementierung von SAP Global Batch Tracebility. Durch die komplette Verfolgung von Chargen vor und nach der Produktion erm\u00f6glicht GBT die schnelle Erf\u00fcllung von gesetzlichen Vorgaben zur R\u00fcckverfolgbarkeit Ihrer Produkte. Dar\u00fcber hinaus erm\u00f6glicht das System auf einen Blick eine hohe Transparenz aller Rohstoff- und Warenfl\u00fcsse.<\/p>\n<p>&nbsp;<\/p>\n<p>&nbsp;<\/p>\n<p><\/p>","protected":false},"excerpt":{"rendered":"<p>SAP ATT &amp; GBT SAP ADVANCED TRACK AND TRACE (SAP ATT \/ SAP ATTP) SAP ist Marktf\u00fchrer im Bereich Unternehmensanwendungssoftware und unterst\u00fctzt Unternehmen jeder Gr\u00f6\u00dfe<\/p>\n","protected":false},"author":1,"featured_media":0,"parent":15,"menu_order":1,"comment_status":"closed","ping_status":"closed","template":"page_sap.php","meta":{"inline_featured_image":false},"categories":[],"tags":[],"class_list":["post-893","page","type-page","status-publish","hentry"],"_links":{"self":[{"href":"https:\/\/3keys.com\/de\/wp-json\/wp\/v2\/pages\/893","targetHints":{"allow":["GET"]}}],"collection":[{"href":"https:\/\/3keys.com\/de\/wp-json\/wp\/v2\/pages"}],"about":[{"href":"https:\/\/3keys.com\/de\/wp-json\/wp\/v2\/types\/page"}],"author":[{"embeddable":true,"href":"https:\/\/3keys.com\/de\/wp-json\/wp\/v2\/users\/1"}],"replies":[{"embeddable":true,"href":"https:\/\/3keys.com\/de\/wp-json\/wp\/v2\/comments?post=893"}],"version-history":[{"count":21,"href":"https:\/\/3keys.com\/de\/wp-json\/wp\/v2\/pages\/893\/revisions"}],"predecessor-version":[{"id":3356,"href":"https:\/\/3keys.com\/de\/wp-json\/wp\/v2\/pages\/893\/revisions\/3356"}],"up":[{"embeddable":true,"href":"https:\/\/3keys.com\/de\/wp-json\/wp\/v2\/pages\/15"}],"wp:attachment":[{"href":"https:\/\/3keys.com\/de\/wp-json\/wp\/v2\/media?parent=893"}],"wp:term":[{"taxonomy":"category","embeddable":true,"href":"https:\/\/3keys.com\/de\/wp-json\/wp\/v2\/categories?post=893"},{"taxonomy":"post_tag","embeddable":true,"href":"https:\/\/3keys.com\/de\/wp-json\/wp\/v2\/tags?post=893"}],"curies":[{"name":"wp","href":"https:\/\/api.w.org\/{rel}","templated":true}]}}