{"id":9,"date":"2020-11-02T18:39:12","date_gmt":"2020-11-02T15:39:12","guid":{"rendered":"https:\/\/3keys.k2d.ru\/?page_id=9"},"modified":"2024-07-12T15:28:27","modified_gmt":"2024-07-12T12:28:27","slug":"project-delivery","status":"publish","type":"page","link":"https:\/\/3keys.com\/de\/expertise\/project-delivery\/","title":{"rendered":"Projektabwicklung"},"content":{"rendered":"<p><\/p>\n<h1>Projektabwicklung<\/h1>\n<h2>KOMBINATION VON ONSITE NEAR-SHORE UND OFF-SHORE RESSOURCEN<\/h2>\n<p>Unsere Vorgehensweise reduziert Projektkosten unter Beibehaltung der h\u00f6chsten Qualit\u00e4t.<\/p>\n<h3>Kernteam<\/h3>\n<p>Dieses Team besteht aus sehr erfahrenen Beratern und Projektleitern die bereits f\u00fcr viele verschiedene Kunden, in verschiedenen Branchen und L\u00e4ndern gearbeitet haben. Diese Berater sind Ihr Hauptansprechpartner und bringen ihr wertvolles Fachwissen projekt\u00fcbergreifend ein. Sie sind weltweit die Besten verf\u00fcgbaren Know-How-Tr\u00e4ger im Bereich Track &amp; Trace.<\/p>\n<h3>Nearshore Team<\/h3>\n<p>Unser Nearshore Team in Osteuropa und Russland besteht aus erfahrenen Beratern mit umfangreicher Projekterfahrung im Bereich Track &amp; Trace. Dieses Team betreut mit seiner hohen Kompetenz eigenst\u00e4ndig lokale Projekte und unterst\u00fctzt das Kernteam bei internationalen Projekten.<\/p>\n<h3>Offshore Team<\/h3>\n<p>Dieses Team unterst\u00fctzt in erster Linie unser Nearshore Team und ist fokussiert auf lokale Projekte in der asiatisch- pazifischen Region. Diese Pr\u00e4senz vor Ort erm\u00f6glicht uns die Top Kandidaten zu finden und einzustellen.<\/p>\n<h2>Projektabwicklung<\/h2>\n<p><strong>3KEYS ist in der Lage Ihre Projekte von der ersten Idee bis zur Nachbetreuung durchzuf\u00fchren. <\/strong>Wir k\u00f6nnen alle Phasen individuell mit den richtigen Kompetenztr\u00e4gern besetzen. Unsere Berater sind routiniert und werden gem\u00e4\u00df der erforderlichen Projektmethodologie arbeiten: z.B. Wasserfall, Agile oder gemischt.<\/p>\n<h2>Skalierbarkeit<\/h2>\n<p>3KEYS ist in der Lage, flexibel auf den Ressourcenbedarf im Projektteam zu reagieren. Einen besonderen Fokus legen wir darauf, das Wissen beim Kunden zu halten oder aufzubauen damit Sie in der Lage sind Ihre Systeme eigenst\u00e4ndig betreuen zu k\u00f6nnen.<\/p>\n<p><\/p>","protected":false},"excerpt":{"rendered":"<p>Projektabwicklung KOMBINATION VON ONSITE NEAR-SHORE UND OFF-SHORE RESSOURCEN Unsere Vorgehensweise reduziert Projektkosten unter Beibehaltung der h\u00f6chsten Qualit\u00e4t. Kernteam Dieses Team besteht aus sehr erfahrenen Beratern<\/p>\n","protected":false},"author":1,"featured_media":0,"parent":7,"menu_order":6,"comment_status":"closed","ping_status":"closed","template":"page_project_delivery.php","meta":{"inline_featured_image":false},"categories":[],"tags":[],"class_list":["post-9","page","type-page","status-publish","hentry"],"_links":{"self":[{"href":"https:\/\/3keys.com\/de\/wp-json\/wp\/v2\/pages\/9","targetHints":{"allow":["GET"]}}],"collection":[{"href":"https:\/\/3keys.com\/de\/wp-json\/wp\/v2\/pages"}],"about":[{"href":"https:\/\/3keys.com\/de\/wp-json\/wp\/v2\/types\/page"}],"author":[{"embeddable":true,"href":"https:\/\/3keys.com\/de\/wp-json\/wp\/v2\/users\/1"}],"replies":[{"embeddable":true,"href":"https:\/\/3keys.com\/de\/wp-json\/wp\/v2\/comments?post=9"}],"version-history":[{"count":18,"href":"https:\/\/3keys.com\/de\/wp-json\/wp\/v2\/pages\/9\/revisions"}],"predecessor-version":[{"id":2681,"href":"https:\/\/3keys.com\/de\/wp-json\/wp\/v2\/pages\/9\/revisions\/2681"}],"up":[{"embeddable":true,"href":"https:\/\/3keys.com\/de\/wp-json\/wp\/v2\/pages\/7"}],"wp:attachment":[{"href":"https:\/\/3keys.com\/de\/wp-json\/wp\/v2\/media?parent=9"}],"wp:term":[{"taxonomy":"category","embeddable":true,"href":"https:\/\/3keys.com\/de\/wp-json\/wp\/v2\/categories?post=9"},{"taxonomy":"post_tag","embeddable":true,"href":"https:\/\/3keys.com\/de\/wp-json\/wp\/v2\/tags?post=9"}],"curies":[{"name":"wp","href":"https:\/\/api.w.org\/{rel}","templated":true}]}}