{"id":901,"date":"2021-04-30T15:04:51","date_gmt":"2021-04-30T12:04:51","guid":{"rendered":"https:\/\/3keys.com\/?page_id=901"},"modified":"2025-03-28T10:03:18","modified_gmt":"2025-03-28T07:03:18","slug":"kvinta","status":"publish","type":"page","link":"https:\/\/3keys.com\/de\/services-products\/kvinta\/","title":{"rendered":"Kvinta T&#038;T SaaS-L\u00f6sung"},"content":{"rendered":"<p><\/p>\n<h1>KVINTA<\/h1>\n<p><strong>Kvinta ist eine neue plattformunabh\u00e4ngige SaaS -L\u00f6sung von namhaften Branchenexperten,<\/strong> die\u00a0 Anforderungen von Unternehmen an die R\u00fcckverfolgbarkeit und Serialisierung \u00fcber die gesamte Lieferkette erf\u00fcllt.<\/p>\n<p>Dank der hohen Anpassungsf\u00e4higkeit und den erweiterten Analysefunktionen unterst\u00fctzt Kvinta Unternehmen bei der Einhaltung von Track- &amp; Trace-Bestimmungen sowie bei der Bek\u00e4mpfung von Produktf\u00e4lschungen und illegalem Handel.<\/p>\n<p>Die L\u00f6sung ist so ausgelegt, dass sie alle beteiligten Partner miteinander verbindet, um eine effiziente Digitalisierung, Transparenz und End-to-End-R\u00fcckverfolgbarkeit \u00fcber die gesamte Lieferkette zu erm\u00f6glichen.<\/p>\n<p>Die KVINTA-Cloud dient als eine Level 4 \u0422&amp;T-L\u00f6sung, und bietet ein zentrales Repository f\u00fcr Seriennummern und Ereignisse sowie sofort einsatzbereites Compliance-Reporting f\u00fcr unterschiedliche M\u00e4rkte und Rechtsvorschriften.<\/p>\n<p><a class=\"download_doc\" href=\"https:\/\/3keys.com\/wp-content\/uploads\/2021\/01\/WP-Kvinta-6.pdf\" target=\"_blank\" rel=\"noopener noreferrer\">WHITE PAPER<\/a><\/p>\n<h2>Die St\u00e4rken von Kvinta<\/h2>\n<h3>FLEXIBILIT\u00c4T AUF EINEM NEUEN NIVEAU<\/h3>\n<p>Kvinta basiert auf einer patentierten Technologie, die den Bereitstellungsprozess von Software neu definiert und flexibilisiert. Kundenspezifische Logik und Funktionen k\u00f6nnen dadurch in die L\u00f6sung eingebunden werden, die Software passt sich an Ihre Prozesse und Anforderungen an. Gleichzeitig erm\u00f6glicht sie trotz Individualisierung, die Kosten f\u00fcr Wartung, Cloud Infrastruktur und Regressionstests niedrig zu halten. Dies ist auf allen gro\u00dfen Cloud-Plattformen m\u00f6glich, auf der Kvinta als Single-Tenant oder Multi-Tenant-L\u00f6sung betrieben werden kann.<\/p>\n<h3>INNOVATIVES PERFORMANCE- UND LASTMANAGEMENT<\/h3>\n<p>Kvinta \u00fcberwacht und verwaltet automatisch alle Systemressourcen, z.B. f\u00fcr Datenvalidierungen, , Datenzuordnungen, Erstellung von Berichten und vielen anderen Prozessen. Dadurch erhalten Sie volle Kontrolle \u00fcber Ihre Daten,\u00a0 Ein Muss f\u00fcr eine zukunftssichere T&amp;T L\u00f6sung. Die verwendete Technologie und automatische Skalierung macht Kvinta zu einer L\u00f6sung mit herausragender Performance.<\/p>\n<h3>INTEGRIERTE L\u00d6SUNG F\u00dcR MOBILE ENDGER\u00c4TE<\/h3>\n<p>Als einziges Cloud System am Markt enth\u00e4lt Kvinta eine leistungsstarke, integrierte, mobile L\u00f6sung. Diese ist auf Standardger\u00e4ten (Android und IOS) als App verf\u00fcgbar. Auch die Ger\u00e4teverwaltung ist bereits in der L\u00f6sung enthalten. Damit k\u00f6nnen Sie externe Parteien, zum Beispiel Lieferanten oder Partnerunternehmen, nahtlos in Ihrer Anwendung einbinden und ohne zus\u00e4tzlichen Implementierungsaufwand mit Kvinta arbeiten lassen. Die mobile L\u00f6sung unterst\u00fctzt auch Standorte und Bereiche mit begrenzter Netzabdeckung, die Kvinta App kann offline betrieben werden und synchronisiert sich sp\u00e4ter bei Netzabdeckung. Moderne Technologien wie Spracherkennung und -feedback bieten einen hohen Bedienkomfort.<\/p>\n<h3>\u00a0ULTRASCHELLE SKALIERBARKEIT<\/h3>\n<p>In der modernen, sich schnell ver\u00e4ndernden Welt ist die Skalierbarkeit entscheidend um wettbewerbsf\u00e4hig zu sein. Effizienz bei der Datenspeicherung zusammen mit der verteilten Datenverarbeitung ist der Schl\u00fcssel dazu bei Kvinta. Das erm\u00f6glicht es, die Ressourcen des Systems schnell und automatisch anzupassen, gem\u00e4\u00df der gerade aktuellen Anforderungen. Neue Funktionalit\u00e4ten k\u00f6nnen dadurch ebenfalls ohne Ausfallzeiten ausgerollt werden.<\/p>\n<h3>HOHE ERGONOMIE F\u00dcR DIE NUTZER<\/h3>\n<p>Ein besonderer Fokus bei Kvinta liegt in der Nutzung der neuesten UX-Standards, die eine intuitive Bedienung f\u00fcr jeden Nutzer erm\u00f6glichen, z.B. bei manuellen T\u00e4tigkeiten \u00fcber die mobile L\u00f6sung im Lager oder auch die Erstellung von Analysen und Berichten aus dem Kvinta Portal heraus.<\/p>\n<h3>LEISTUNGSSTARKE ANALYSEN<\/h3>\n<p>Kvinta erm\u00f6glicht mehrere Ebenen von Daten zu verkn\u00fcpfen: T&amp;T Events plus zus\u00e4tzliche Gesch\u00e4ftsdaten aus anderen Quellen. Das macht Kvinta zum zentralen System f\u00fcr T&amp;T relevante Berichte, f\u00fcr erweiterte Logistik-, Vertriebs- und Marketingberichte und f\u00fcr die Analyse und Optimierung von Gesch\u00e4ftsprozessen durch Process Mining.<\/p>\n<p>&nbsp;<\/p>\n<h2>Funktionen von Kvinta<\/h2>\n<h3>Mit allen Funktionen ausgestattetes Track &amp; Trace-Repository<\/h3>\n<p>Alle w\u00e4hrend der Produktion und Produktbewegung durch die Lieferkette erfassten Track-und-Trace-Daten werden in einem Track &amp; Trace-Repository gespeichert. Ein Track &amp; Trace-Repository enth\u00e4lt alle relevanten Regeln zur Unterst\u00fctzung der Gesch\u00e4ftsprozesse, sichert die Datenintegrit\u00e4t und stellt die f\u00fcr die Integration mit externen Parteien sowie internen Backend-Systemen erforderlichen Tools zur Verf\u00fcgung.<\/p>\n<h3>Umfassende analysefunktionen<\/h3>\n<p>Wertvolle Betriebsdaten lassen sich entweder periodisch oder in Echtzeit aus dem Kvinta Track &amp; Trace-Repository extrahieren, um alle Arten von Analysen zur Unterst\u00fctzung der Gesch\u00e4ftsentscheidungen des Kunden durchzuf\u00fchren.<\/p>\n<h3>Umfangreiche reporting-funktionen<\/h3>\n<p>Kvinta bietet eine Vielzahl an vordefinierten Berichten sowie eine benutzerfreundliche M\u00f6glichkeit, eigene Formate zu entwerfen, um den Berichtsaufwand zu minimieren. Die Berichte k\u00f6nnen zur Erf\u00fcllung der regulatorischen Anforderungen oder f\u00fcr interne Gesch\u00e4ftsanforderungen verwendet werden.<\/p>\n<h3>Mit vielen Funktionen ausgestattete, integrierte mobile L\u00f6sung<\/h3>\n<p>Mobiles Scannen ist ein wichtiger Bestandteil der Track &amp; Trace-L\u00f6sung. Es ist erforderlich, damit die Bediener die Track &amp; Trace-Daten erfassen und an das Track &amp; Trace-Repository senden k\u00f6nnen. Kvinta wendet diese Aufgabe innerhalb des Systems in einer benutzerfreundlichen Art und Weise an. Die mobile L\u00f6sung von Kvinta ist sowohl als Online- als auch als Offline-Version erh\u00e4ltlich.<\/p>\n<h3>Freigabemanagement<\/h3>\n<p>Ein flexibles und robustes Freigabemanagement erm\u00f6glicht die nahtlose Bereitstellung neuer Funktionalit\u00e4ten, die von Kundenunternehmen angefordert werden, und h\u00e4lt den Aufwand f\u00fcr die Projektabwicklung so gering wie m\u00f6glich.<\/p>\n<h3>KI-Technologie<\/h3>\n<p>Dank proaktiver Problemerkennung in der Lieferkette und der Fertigung k\u00f6nnen Unternehmen operative Risiken erheblich reduzieren und das Compliance-Niveau erh\u00f6hen.<\/p>\n<h3>Spracherkennung und Sprachsteuerung<\/h3>\n<p>Kvinta enth\u00e4lt eine Spracherkennung die die Steuerung der Applikationen erm\u00f6glicht. In schwierigen Umgebungen wie Produktion oder Lager ist dies ein gro\u00dfer Vorteil f\u00fcr den Anwender.<\/p>\n<h3>Unterst\u00fctzung globaler Standards<\/h3>\n<p>Kvinta unterst\u00fctzt die f\u00fcr die Codierung und Daten\u00fcbertragung verwendeten globalen Standards, unter anderem GS1- Datentr\u00e4gertypen wie z.B. GS1- 128 oder GS1 DataMatrix, und EPICS- Standards der Versionen1.2 und 2.0. Dies erm\u00f6glicht die reibungslose Integration in die Prozess- und Systemlandschaft des Kunden.<\/p>\n<h3>Ultimative Systemleistung<\/h3>\n<p>Eine moderne Systemarchitektur auf dem neusten Stand der Technik erm\u00f6glicht eine \u00fcberzeugende und effiziente Systemleistung die Ihren Betrieb zu jedem Zeitpunkt sicherstellt.<\/p>\n<h3>Plattformunabh\u00e4ngigkeit<\/h3>\n<p>Kvinta ist unabh\u00e4ngig von der verwendeten Cloud-Plattform und der Kunde kann w\u00e4hlen, mit welchem Anbieter er arbeiten will oder in welcher Region die Daten liegen. Dies verleiht der L\u00f6sung noch mehr Flexibilit\u00e4t.<\/p>\n<p>&nbsp;<\/p>\n<h2>Kvinta Vorteile<\/h2>\n<h3>Ultimative leistung &amp; skalierbarkeit<\/h3>\n<p>Die Kvinta-Cloud und ihr mobiler Stack werden in einer nichtblockierenden und reaktiven Art und Weise implementiert, um optimale Latenz und Durchsatz zu gew\u00e4hrleisten. Unsere Datenpipelines sind daf\u00fcr ausgelegt, Millionen von Nachrichten pro Stunde aufzunehmen. Die Kvinta-Cloud kann je nach Bedarf auf- und abw\u00e4rts skaliert werden.<\/p>\n<h3>Vollst\u00e4ndig integrierte Mobile l\u00f6sung<\/h3>\n<p>Kvinta bietet eine mit vielen Funktionen ausgestattete mobile L\u00f6sung, die in Umgebungen mit schlechter Konnektivit\u00e4t nahtlos zwischen Online- und Offline-Betrieb umschaltet. Unser Ger\u00e4te-Managementsystem erm\u00f6glicht ein gezieltes und zuverl\u00e4ssiges Freigabemanagement f\u00fcr die mobile App.<\/p>\n<h3>Fortgeschrittene analytik und beobachtbarkeit<\/h3>\n<p>Kvinta nutzt maschinelles Lernen und k\u00fcnstliche Intelligenz (KI) zur Problemerkennung und -l\u00f6sung, zum Erkennen von Anomalien und zur intelligenten Alarmausl\u00f6sung. Die L\u00f6sung ist in der Lage, das Management von Produktr\u00fcckrufprozessen und die Effizienzbewertungen von Lieferkettenpartnern zu optimieren.<\/p>\n<h3>24\/7-verf\u00fcgbarkeit<\/h3>\n<p>Die L\u00f6sung wird rund um die Uhr unterst\u00fctzt \u2013 ohne Ausnahmen. Die in das zustandslose Servicedesign der Kvinta-Cloud integrierte, inh\u00e4rente Redundanz, die \u00fcber mehrere geographische Regionen verteilt und synchronisiert ist, bedeutet, dass die Kvinta-Cloud selbst im Falle eines Gro\u00dfereignisses (Large-Scale-Event) mit zugrundeliegender globaler Internetinfrastruktur f\u00fcr unsere Kunden erreichbar bleibt.<\/p>\n<h3>Hi-end-sicherheit<\/h3>\n<p>Alle Kundendaten auf Speichersystemen und im Datenverkehr werden verschl\u00fcsselt. Zus\u00e4tzliche Blockchain-Workflows erm\u00f6glichen ein noch h\u00f6heres Ma\u00df an Sicherheit.<\/p>\n<h3>Kosteneffizientes preismodell<\/h3>\n<p>Ein \u00e4u\u00dferst wettbewerbsf\u00e4higes Preismodell, das aufgrund der flexiblen Architektur der L\u00f6sung um ein Vielfaches g\u00fcnstiger ist als die meisten derzeit auf dem Markt erh\u00e4ltlichen L\u00f6sungen.<\/p>\n<h3>Vielseitige integration<\/h3>\n<p>Kvinta fungiert als zentrale Integrationsplattform und kann mit internen sowie externen Softwarel\u00f6sungen verbunden werden. Kvinta ist sofort nutzbar (Out-of-the-Box) und kann daher in alle wichtigen Cloud-Datenbanken (sowohl SQL als auch Nicht-SQL), Benutzerverwaltungs- und Zugriffskontrollsysteme integriert werden. (LDAP, POSIX, SAML).<\/p>\n<h3>H\u00f6chste zuverl\u00e4ssigkeit<\/h3>\n<p>Jeder Datendienst in der Kvinta-Cloud verf\u00fcgt \u00fcber einen Redundanzfaktor von mindestens drei. Jedes Bit Kundendaten wird in drei Verf\u00fcgbarkeitszonen repliziert. Kvinta f\u00fchrt vor jeder Aktualisierung eine umfangreiche Reihe von Integrationstests durch, und wir unterst\u00fctzen unsere Kunden dabei, ihre Testszenarien f\u00fcr Funktions- und Leistungsregressionen einzubeziehen.<\/p>\n<h3>Daten unter Kontrolle<\/h3>\n<p>Ein spezielles Modul zur Datenvalidierung zusammen mit einem Portal zum Monitoring stellt die Konsistenz Ihrer Daten sicher. Zus\u00e4tzlich stellt Machine-Learning zus\u00e4tzliche Validierungen f\u00fcr Ereignisse bereit, die von den Fachabteilungen nicht vorhergesehen und beschrieben wurden.<\/p>\n<p><\/p>","protected":false},"excerpt":{"rendered":"<p>KVINTA Kvinta ist eine neue plattformunabh\u00e4ngige SaaS -L\u00f6sung von namhaften Branchenexperten, die\u00a0 Anforderungen von Unternehmen an die R\u00fcckverfolgbarkeit und Serialisierung \u00fcber die gesamte Lieferkette erf\u00fcllt.<\/p>\n","protected":false},"author":1,"featured_media":0,"parent":15,"menu_order":0,"comment_status":"closed","ping_status":"closed","template":"page_kvinta.php","meta":{"inline_featured_image":false},"categories":[],"tags":[],"class_list":["post-901","page","type-page","status-publish","hentry"],"_links":{"self":[{"href":"https:\/\/3keys.com\/de\/wp-json\/wp\/v2\/pages\/901","targetHints":{"allow":["GET"]}}],"collection":[{"href":"https:\/\/3keys.com\/de\/wp-json\/wp\/v2\/pages"}],"about":[{"href":"https:\/\/3keys.com\/de\/wp-json\/wp\/v2\/types\/page"}],"author":[{"embeddable":true,"href":"https:\/\/3keys.com\/de\/wp-json\/wp\/v2\/users\/1"}],"replies":[{"embeddable":true,"href":"https:\/\/3keys.com\/de\/wp-json\/wp\/v2\/comments?post=901"}],"version-history":[{"count":50,"href":"https:\/\/3keys.com\/de\/wp-json\/wp\/v2\/pages\/901\/revisions"}],"predecessor-version":[{"id":3345,"href":"https:\/\/3keys.com\/de\/wp-json\/wp\/v2\/pages\/901\/revisions\/3345"}],"up":[{"embeddable":true,"href":"https:\/\/3keys.com\/de\/wp-json\/wp\/v2\/pages\/15"}],"wp:attachment":[{"href":"https:\/\/3keys.com\/de\/wp-json\/wp\/v2\/media?parent=901"}],"wp:term":[{"taxonomy":"category","embeddable":true,"href":"https:\/\/3keys.com\/de\/wp-json\/wp\/v2\/categories?post=901"},{"taxonomy":"post_tag","embeddable":true,"href":"https:\/\/3keys.com\/de\/wp-json\/wp\/v2\/tags?post=901"}],"curies":[{"name":"wp","href":"https:\/\/api.w.org\/{rel}","templated":true}]}}