{"id":1055,"date":"2021-06-16T16:11:26","date_gmt":"2021-06-16T13:11:26","guid":{"rendered":"https:\/\/3keys.com\/?page_id=1055"},"modified":"2023-08-30T12:54:24","modified_gmt":"2023-08-30T09:54:24","slug":"track-and-trace","status":"publish","type":"page","link":"https:\/\/3keys.com\/es\/expertise\/regulations\/dietary-supplements\/track-and-trace\/","title":{"rendered":"Suplementos diet\u00e9tico"},"content":{"rendered":"<p><\/p>\n<h1>\u00a0Suplementos diet\u00e9ticos<\/h1>\n<p>1 de mayo de 2021 al 31 de febrero de 2022: proyectos piloto para la serializaci\u00f3n de suplementos diet\u00e9ticos<\/p>\n<h2>Arquitectura propuesta de las regulaciones rusas de Track &amp; Trace para suplementos diet\u00e9ticos *<\/h2>\n<div class=\"column\">\n<div class=\"regulations--scheme--number\">\n<h4 class=\"scheme--number--digit\">1.<\/h4>\n<div class=\"scheme--number--description\">\n<p>El fabricante realiza un pedido de n\u00fameros de serie \u00fanicos con c\u00f3digos criptogr\u00e1ficos para cada art\u00edculo comercial producido (SKU) seg\u00fan el plan de producci\u00f3n. Los n\u00fameros de serie y los c\u00f3digos de cifrado son emitidos por el sistema OMS CRPT.<\/p>\n<\/div>\n<\/div>\n<div class=\"regulations--scheme--number\">\n<h4 class=\"scheme--number--digit\">2.<\/h4>\n<div class=\"scheme--number--description\">\n<p>Estos n\u00fameros de serie est\u00e1n codificados en c\u00f3digos Data Matrix y se aplican a paquetes de consumidores individuales. Este proceso los hace serializados. Los paquetes se colocan en cajas y otras formas de contenedores y luego se agregan en paletas. Cada nivel de un contenedor est\u00e1 etiquetado con un SSCC \u00fanico de c\u00f3digos GS1-128 asignados por el fabricante. Los c\u00f3digos est\u00e1n asociados en una estructura padre \/ hijo.<\/p>\n<\/div>\n<\/div>\n<div class=\"regulations--scheme--number\">\n<h4 class=\"scheme--number--digit\">3.<\/h4>\n<div class=\"scheme--number--description\">\n<p>Cada c\u00f3digo aplicado y la estructura jer\u00e1rquica se almacena en el repositorio privado. Luego, se informa a los sistemas OMS y GIS MT, junto con atributos adicionales, como la fecha de caducidad.<\/p>\n<\/div>\n<\/div>\n<div class=\"regulations--scheme--number\">\n<h4 class=\"scheme--number--digit\">4.<\/h4>\n<div class=\"scheme--number--description\">\n<p>Una vez finalizada la producci\u00f3n de un lote y el procedimiento de control de calidad, los paquetes serializados se notifican a GIS MT como disponibles para su posterior venta.<\/p>\n<\/div>\n<\/div>\n<\/div>\n<div class=\"column\">\n<div class=\"regulations--scheme--number\">\n<h4 class=\"scheme--number--digit\">5.<\/h4>\n<div class=\"scheme--number--description\">\n<p>En cualquier punto de la cadena de suministro, la agregaci\u00f3n de productos puede cambiar. Cuando esto sucede, se refleja en el repositorio y se informa a GIS MT. Asimismo, los productos pueden ser dados de baja por diversos motivos, como da\u00f1os, caducidad, desabastecimiento, etc.<\/p>\n<\/div>\n<\/div>\n<div class=\"regulations--scheme--number\">\n<h4 class=\"scheme--number--digit\">6.<\/h4>\n<div class=\"scheme--number--description\">\n<p>Una vez que los productos serializados se empaquetan en cajas y pal\u00e9s, el fabricante los env\u00eda al siguiente socio de la cadena de suministro. Cada contenedor serializado se escanea y los c\u00f3digos \u00fanicos se incluyen en un Documento de transferencia universal (UTD).<\/p>\n<\/div>\n<\/div>\n<div class=\"regulations--scheme--number\">\n<h4 class=\"scheme--number--digit\">7.<\/h4>\n<div class=\"scheme--number--description\">\n<p>El UTD se env\u00eda a un proveedor certificado de EDI, que luego se reenv\u00eda al destinatario del env\u00edo.<\/p>\n<\/div>\n<\/div>\n<div class=\"regulations--scheme--number\">\n<h4 class=\"scheme--number--digit\">8.<\/h4>\n<div class=\"scheme--number--description\">\n<p>Al recibir un env\u00edo serializado, el mayorista escanea cada contenedor serializado para verificarlo con el UTD entrante. Cualquier discrepancia se resuelve mediante documentos EDI adicionales, como UCD. Una vez que el receptor firma electr\u00f3nicamente el UTD, se produce el cambio de propiedad. Por \u00faltimo, la informaci\u00f3n se env\u00eda a GIS MT.<\/p>\n<\/div>\n<\/div>\n<\/div>\n<div class=\"column\">\n<div class=\"regulations--scheme--number\">\n<h4 class=\"scheme--number--digit\">9.<\/h4>\n<div class=\"scheme--number--description\">\n<p>Finalmente, cuando el paquete serializado se vende en una tienda minorista al consumidor final, el Data Matrix se escanea en el POS. Los n\u00fameros de serie \u00fanicos se inluyen en el recibo de efectivo electr\u00f3nico, que se env\u00eda a trav\u00e9s de un operador de datos fiscales a GIS MT.<\/p>\n<\/div>\n<\/div>\n<div class=\"regulations--scheme--number\">\n<h4 class=\"scheme--number--digit\">10.<\/h4>\n<div class=\"scheme--number--description\">\n<p>Cualquier consumidor puede escanear un c\u00f3digo DataMatrix con una aplicaci\u00f3n de tel\u00e9fono para verificar la autenticidad del producto y obtener m\u00e1s informaci\u00f3n sobre su origen.<\/p>\n<h2>Arquitectura propuesta de la normativa rusa Track &amp; Trace para la importaci\u00f3n de suplementos diet\u00e9ticos *<\/h2>\n<div class=\"column\">\n<div class=\"regulations--scheme--number\">\n<h4 class=\"scheme--number--digit\">1.<\/h4>\n<div class=\"scheme--number--description\">\n<p>El importador realiza un pedido de n\u00fameros de serie \u00fanicos con c\u00f3digos de cifrado para cada art\u00edculo comercial producido (SKU) seg\u00fan el plan de producci\u00f3n \/ compra. Los n\u00fameros de serie y los c\u00f3digos criptogr\u00e1ficos son emitidos por OMS CRPT.<\/p>\n<\/div>\n<\/div>\n<div class=\"regulations--scheme--number\">\n<h4 class=\"scheme--number--digit\">2.<\/h4>\n<div class=\"scheme--number--description\">\n<p>Estos n\u00fameros de serie se pasan a la f\u00e1brica, donde se codifican en c\u00f3digos Data Matrix. Luego, esto se aplica a los paquetes de consumidores individuales en la l\u00ednea de empaque, haci\u00e9ndolos serializados. Los paquetes se colocan en cajas y otras formas de contenedores y luego se agregan en paletas. Cada nivel del contenedor est\u00e1 etiquetado con un SSCC \u00fanico de c\u00f3digos GS1-128 asignados por el fabricante. Los c\u00f3digos est\u00e1n asociados en una estructura padre \/ hijo.<\/p>\n<\/div>\n<\/div>\n<div class=\"regulations--scheme--number\">\n<h4 class=\"scheme--number--digit\">3.<\/h4>\n<div class=\"scheme--number--description\">\n<p>Cada c\u00f3digo aplicado y la estructura jer\u00e1rquica se almacenan en el repositorio privado y el importador los informa a los sistemas OMS y GIS MT. Tambi\u00e9n prevalecen otros atributos adicionales, como la fecha de vencimiento.<\/p>\n<\/div>\n<\/div>\n<\/div>\n<div class=\"column\">\n<div class=\"regulations--scheme--number\">\n<h4 class=\"scheme--number--digit\">4.<\/h4>\n<div class=\"scheme--number--description\">\n<p>lternativamente, el proceso de serializaci\u00f3n puede tener lugar en un almac\u00e9n fuera de Rusia o en el almac\u00e9n de aduanas. La jerarqu\u00eda completa debe notificarse a GIS MT antes de que el env\u00edo pueda ser despachado de aduana.<\/p>\n<\/div>\n<\/div>\n<div class=\"regulations--scheme--number\">\n<h4 class=\"scheme--number--digit\">5.<\/h4>\n<div class=\"scheme--number--description\">\n<p>El importador, o el agente de aduanas, presenta una declaraci\u00f3n de aduana (GTD) al Servicio Federal de Aduanas. El GTD incluye una lista de c\u00f3digos de contenedor \u00fanicos. El Servicio Federal de Aduanas verifica los c\u00f3digos con GIS MT y autoriza el env\u00edo.<\/p>\n<\/div>\n<\/div>\n<div class=\"regulations--scheme--number\">\n<h4 class=\"scheme--number--digit\">6.<\/h4>\n<div class=\"scheme--number--description\">\n<p>Con el fin de que los productos est\u00e9n disponibles para su venta posterior, el importador informa los c\u00f3digos de contenedores \u00fanicos a GIS MT.<\/p>\n<\/div>\n<\/div>\n<\/div>\n<div class=\"column\">\n<div class=\"regulations--scheme--number\">\n<h4 class=\"scheme--number--digit\">7.<\/h4>\n<div class=\"scheme--number--description\">\n<p>En cualquier punto de la cadena de suministro, la agregaci\u00f3n de productos puede cambiar. Cuando esto sucede, se refleja en el repositorio y se informa a GIS MT. Asimismo, los productos pueden ser dados de baja por diversos motivos, como da\u00f1os, caducidad, desabastecimiento, etc.<\/p>\n<\/div>\n<\/div>\n<div class=\"regulations--scheme--number\">\n<h4 class=\"scheme--number--digit\">8.<\/h4>\n<div class=\"scheme--number--description\">\n<p>Una vez que los productos serializados se empaquetan en cajas y pallets, el importador los env\u00eda al siguiente socio de la cadena de suministro. Cada contenedor serializado se escanea y los c\u00f3digos \u00fanicos se incluyen en un Documento de transferencia universal (UTD).<\/p>\n<\/div>\n<\/div>\n<div class=\"regulations--scheme--number\">\n<h4 class=\"scheme--number--digit\">9.<\/h4>\n<div class=\"scheme--number--description\">\n<p>El UTD se env\u00eda a un proveedor certificado de EDI, que luego se reenv\u00eda al destinatario del env\u00edo.<\/p>\n<p>&nbsp;<\/p>\n<p>* A actualizar despu\u00e9s de la aprobaci\u00f3n de los documentos reglamentarios.<\/p>\n<\/div>\n<\/div>\n<\/div>\n<\/div>\n<\/div>\n<\/div>\n<p><\/p>","protected":false},"excerpt":{"rendered":"<p>\u00a0Suplementos diet\u00e9ticos 1 de mayo de 2021 al 31 de febrero de 2022: proyectos piloto para la serializaci\u00f3n de suplementos diet\u00e9ticos Arquitectura propuesta de las<\/p>\n","protected":false},"author":1,"featured_media":0,"parent":1052,"menu_order":0,"comment_status":"closed","ping_status":"closed","template":"page_regulations.php","meta":{"inline_featured_image":false},"categories":[11],"tags":[],"class_list":["post-1055","page","type-page","status-publish","hentry","category-russia"],"_links":{"self":[{"href":"https:\/\/3keys.com\/es\/wp-json\/wp\/v2\/pages\/1055","targetHints":{"allow":["GET"]}}],"collection":[{"href":"https:\/\/3keys.com\/es\/wp-json\/wp\/v2\/pages"}],"about":[{"href":"https:\/\/3keys.com\/es\/wp-json\/wp\/v2\/types\/page"}],"author":[{"embeddable":true,"href":"https:\/\/3keys.com\/es\/wp-json\/wp\/v2\/users\/1"}],"replies":[{"embeddable":true,"href":"https:\/\/3keys.com\/es\/wp-json\/wp\/v2\/comments?post=1055"}],"version-history":[{"count":17,"href":"https:\/\/3keys.com\/es\/wp-json\/wp\/v2\/pages\/1055\/revisions"}],"predecessor-version":[{"id":1827,"href":"https:\/\/3keys.com\/es\/wp-json\/wp\/v2\/pages\/1055\/revisions\/1827"}],"up":[{"embeddable":true,"href":"https:\/\/3keys.com\/es\/wp-json\/wp\/v2\/pages\/1052"}],"wp:attachment":[{"href":"https:\/\/3keys.com\/es\/wp-json\/wp\/v2\/media?parent=1055"}],"wp:term":[{"taxonomy":"category","embeddable":true,"href":"https:\/\/3keys.com\/es\/wp-json\/wp\/v2\/categories?post=1055"},{"taxonomy":"post_tag","embeddable":true,"href":"https:\/\/3keys.com\/es\/wp-json\/wp\/v2\/tags?post=1055"}],"curies":[{"name":"wp","href":"https:\/\/api.w.org\/{rel}","templated":true}]}}