{"id":11,"date":"2020-11-02T18:39:29","date_gmt":"2020-11-02T15:39:29","guid":{"rendered":"https:\/\/3keys.k2d.ru\/?page_id=11"},"modified":"2024-10-11T13:09:14","modified_gmt":"2024-10-11T10:09:14","slug":"team","status":"publish","type":"page","link":"https:\/\/3keys.com\/es\/expertise\/team\/","title":{"rendered":"Equipo"},"content":{"rendered":"<p><\/p>\n<h1>Equipo<\/h1>\n<p><strong>Contamos con un equipo de m\u00e1s de 100 profesionales<\/strong> confiables que comprenden el negocio de Track &amp; Trace. Pueden abordar los problemas de los clientes desde diferentes \u00e1ngulos, brindar los mejores servicios de su clase y establecer relaciones de confianza con nuestros valiosos clientes.<\/p>\n<h2>Fundadores<\/h2>\n<h3>STEPAN LIALINE<\/h3>\n<p>Formar un equipo es como extraer oro. Hemos reunido un equipo de talentos de todo el mundo. Masters, seniors, pros y algunos juniors para crecer. Estoy orgulloso de cada uno de ellos.<\/p>\n<h3>PHILIPP KOEHLER<\/h3>\n<p>La individualidad y el enfoque de trabajo \u00fanico de cada miembro del equipo crean un entorno de trabajo colaborativo e inclusivo en 3KEYS. Adem\u00e1s, la estructura organizativa plana, el entorno multicultural y el enfoque de entrega de equipo mixto nos permiten reaccionar muy r\u00e1pido a los requisitos del cliente y encontrar las mejores soluciones.<\/p>\n<h3>PAVEL KANSKOV<\/h3>\n<p>Los miembros de nuestro equipo tienen una amplia experiencia en seguimiento y localizaci\u00f3n y serializaci\u00f3n con un profundo conocimiento de las pr\u00e1cticas de la cadena de suministro, lo que les permite aplicar las mejores pr\u00e1cticas y est\u00e1ndares de la industria, as\u00ed como facilitar que se tomen las decisiones m\u00e1s eficientes para el negocio.<\/p>\n<h2>\u00a0Socios<\/h2>\n<h3>ARJUN JAITLY<\/h3>\n<p>Managing Partner Consulting Department<\/p>\n<h3>JOSE ANTONIO SALAZAR<\/h3>\n<p>Business Development Director<\/p>\n<h3>ULRICH SCHILD<\/h3>\n<p>Sales Director<\/p>\n<h3>OLIVER HUNCKEL<\/h3>\n<p>Finance &amp; HR Director<\/p>\n<h3>ISHWAR SANADI<\/h3>\n<p>Delivery Lead<\/p>\n<h3>MARK HAAKSMA<\/h3>\n<p>T&amp;T Product Owner<\/p>\n<h3>ALEXEY IVANCHENKO<\/h3>\n<p>Sr. Serialization and T&amp;T Industry Expert<\/p>\n<p><\/p>","protected":false},"excerpt":{"rendered":"<p>Equipo Contamos con un equipo de m\u00e1s de 100 profesionales confiables que comprenden el negocio de Track &amp; Trace. Pueden abordar los problemas de los<\/p>\n","protected":false},"author":1,"featured_media":0,"parent":7,"menu_order":7,"comment_status":"closed","ping_status":"closed","template":"page_team.php","meta":{"inline_featured_image":false},"categories":[],"tags":[],"class_list":["post-11","page","type-page","status-publish","hentry"],"_links":{"self":[{"href":"https:\/\/3keys.com\/es\/wp-json\/wp\/v2\/pages\/11","targetHints":{"allow":["GET"]}}],"collection":[{"href":"https:\/\/3keys.com\/es\/wp-json\/wp\/v2\/pages"}],"about":[{"href":"https:\/\/3keys.com\/es\/wp-json\/wp\/v2\/types\/page"}],"author":[{"embeddable":true,"href":"https:\/\/3keys.com\/es\/wp-json\/wp\/v2\/users\/1"}],"replies":[{"embeddable":true,"href":"https:\/\/3keys.com\/es\/wp-json\/wp\/v2\/comments?post=11"}],"version-history":[{"count":26,"href":"https:\/\/3keys.com\/es\/wp-json\/wp\/v2\/pages\/11\/revisions"}],"predecessor-version":[{"id":3039,"href":"https:\/\/3keys.com\/es\/wp-json\/wp\/v2\/pages\/11\/revisions\/3039"}],"up":[{"embeddable":true,"href":"https:\/\/3keys.com\/es\/wp-json\/wp\/v2\/pages\/7"}],"wp:attachment":[{"href":"https:\/\/3keys.com\/es\/wp-json\/wp\/v2\/media?parent=11"}],"wp:term":[{"taxonomy":"category","embeddable":true,"href":"https:\/\/3keys.com\/es\/wp-json\/wp\/v2\/categories?post=11"},{"taxonomy":"post_tag","embeddable":true,"href":"https:\/\/3keys.com\/es\/wp-json\/wp\/v2\/tags?post=11"}],"curies":[{"name":"wp","href":"https:\/\/api.w.org\/{rel}","templated":true}]}}