{"id":13,"date":"2020-11-02T18:39:44","date_gmt":"2020-11-02T15:39:44","guid":{"rendered":"https:\/\/3keys.k2d.ru\/?page_id=13"},"modified":"2023-08-09T12:03:04","modified_gmt":"2023-08-09T09:03:04","slug":"regulations","status":"publish","type":"page","link":"https:\/\/3keys.com\/es\/expertise\/regulations\/","title":{"rendered":"Regulaciones"},"content":{"rendered":"<p><\/p>\n<p>Los aspectos espec\u00edficos de Track &amp; Trace para las industrias difieren significativamente, sin mencionar las regulaciones legales en varios pa\u00edses. Los expertos de 3KEYS tienen mucha experiencia en ambos. Nuestro equipo implementa con \u00e9xito proyectos de cualquier complejidad en todo el mundo, teniendo en cuenta sus necesidades y las de la industria, as\u00ed como los requisitos legales. Aqu\u00ed puede encontrar las principales caracter\u00edsticas de la regulaci\u00f3n en diferentes mercados.<\/p>\n<h2><a href=\"https:\/\/3keys.com\/es\/expertise\/regulations\/pharma\/supply-chain\/\">Farmac\u00e9uticas<\/a><\/h2>\n<h2 class=\"regulations--item--title\"><a href=\"https:\/\/3keys.com\/es\/expertise\/regulations\/pharma\/brazil\/\">Farmac\u00e9uticas (Brasil)<\/a><\/h2>\n<h2><a href=\"https:\/\/3keys.com\/es\/expertise\/regulations\/tobacco\/track-trace\/\">Tabacalera<\/a><\/h2>\n<h2><a href=\"https:\/\/3keys.com\/es\/expertise\/regulations\/bottled-water\/track-trace\/\">Agua embotellada<\/a><\/h2>\n<h2><a href=\"https:\/\/3keys.com\/es\/expertise\/regulations\/dairy\/track-trace\/\">L\u00e1cteos<\/a><\/h2>\n<h2><a href=\"https:\/\/3keys.com\/es\/expertise\/regulations\/beer\/track-trace\/\">Cerveza<\/a><\/h2>\n<p>&nbsp;<\/p>\n<p><\/p>","protected":false},"excerpt":{"rendered":"<p>Los aspectos espec\u00edficos de Track &amp; Trace para las industrias difieren significativamente, sin mencionar las regulaciones legales en varios pa\u00edses. Los expertos de 3KEYS tienen<\/p>\n","protected":false},"author":1,"featured_media":0,"parent":7,"menu_order":8,"comment_status":"closed","ping_status":"closed","template":"page_regulations_index.php","meta":{"inline_featured_image":false},"categories":[],"tags":[],"class_list":["post-13","page","type-page","status-publish","hentry"],"_links":{"self":[{"href":"https:\/\/3keys.com\/es\/wp-json\/wp\/v2\/pages\/13","targetHints":{"allow":["GET"]}}],"collection":[{"href":"https:\/\/3keys.com\/es\/wp-json\/wp\/v2\/pages"}],"about":[{"href":"https:\/\/3keys.com\/es\/wp-json\/wp\/v2\/types\/page"}],"author":[{"embeddable":true,"href":"https:\/\/3keys.com\/es\/wp-json\/wp\/v2\/users\/1"}],"replies":[{"embeddable":true,"href":"https:\/\/3keys.com\/es\/wp-json\/wp\/v2\/comments?post=13"}],"version-history":[{"count":15,"href":"https:\/\/3keys.com\/es\/wp-json\/wp\/v2\/pages\/13\/revisions"}],"predecessor-version":[{"id":1812,"href":"https:\/\/3keys.com\/es\/wp-json\/wp\/v2\/pages\/13\/revisions\/1812"}],"up":[{"embeddable":true,"href":"https:\/\/3keys.com\/es\/wp-json\/wp\/v2\/pages\/7"}],"wp:attachment":[{"href":"https:\/\/3keys.com\/es\/wp-json\/wp\/v2\/media?parent=13"}],"wp:term":[{"taxonomy":"category","embeddable":true,"href":"https:\/\/3keys.com\/es\/wp-json\/wp\/v2\/categories?post=13"},{"taxonomy":"post_tag","embeddable":true,"href":"https:\/\/3keys.com\/es\/wp-json\/wp\/v2\/tags?post=13"}],"curies":[{"name":"wp","href":"https:\/\/api.w.org\/{rel}","templated":true}]}}