{"id":147,"date":"2020-11-06T10:26:04","date_gmt":"2020-11-06T07:26:04","guid":{"rendered":"https:\/\/3keys.k2d.ru\/?page_id=147"},"modified":"2023-08-29T22:56:36","modified_gmt":"2023-08-29T19:56:36","slug":"track-trace","status":"publish","type":"page","link":"https:\/\/3keys.com\/es\/expertise\/regulations\/dairy\/track-trace\/","title":{"rendered":"L\u00e1cteos"},"content":{"rendered":"<p><\/p>\n<p><strong>20 de enero de 2021: inicio de la serializaci\u00f3n para productos l\u00e1cteos.<\/strong><\/p>\n<p>Los fabricantes, importadores, mayoristas y minoristas pueden serializar distribuir en el mercado, y registrar la venta de productos l\u00e1cteos al consumidor final a trav\u00e9s del registro POS.<\/p>\n<p><strong>1 de junio de 2021: serializaci\u00f3n obligatoria para helados y quesos.<\/strong><\/p>\n<p>Los fabricantes de queso y helado deben estar registrados en el sistema Chestny Znak y describir sus productos en el Cat\u00e1logo Nacional.\u00a0En este momento, los procesos de pedido y pago de c\u00f3digos, as\u00ed como la aplicaci\u00f3n del c\u00f3digo en el paquete, y la introducci\u00f3n al mercado, incluido el informe, debe implementarse en su totalidad.<\/p>\n<p><strong>1 de septiembre de 2021: serializaci\u00f3n obligatoria para otros productos l\u00e1cteos con una fecha de vencimiento de m\u00e1s de 40 d\u00edas.<\/strong><\/p>\n<p>Los fabricantes de productos l\u00e1cteos con fecha de caducidad superior a 40 d\u00edas deben estar registrados en el sistema Chestny Znak y describen sus productos en el Cat\u00e1logo Nacional.\u00a0Por esta vez, los procesos de pedido y pago de c\u00f3digos, as\u00ed como la aplicaci\u00f3n de c\u00f3digos en el paquete y la introducci\u00f3n al mercado, incluido el informe, deben implementarse por completo.<\/p>\n<p><strong>1 de diciembre de 2021: serializaci\u00f3n obligatoria para otros productos l\u00e1cteos con una fecha de vencimiento inferior de 40 d\u00edas.<\/strong><\/p>\n<p>El fabricante de productos l\u00e1cteos con fecha de caducidad inferior a 40 d\u00edas debe estar registrado en el sistema Chestny Znak y describa sus productos en el Cat\u00e1logo Nacionalnyy. En este momento, el procesos de pedido y pago de c\u00f3digos, as\u00ed como aplicaci\u00f3n de c\u00f3digos en el paquete, y La introducci\u00f3n al mercado, incluido el informe, debe implementarse en su totalidad.\u00a0<\/p>\n<p><strong>1ro de septiembre del 2022: reporte obligatorio de informaci\u00f3n de ventas de productos l\u00e1cteos con una fecha de vencimiento inferior a 40 d\u00edas.<\/strong><\/p>\n<p>Los negocios de retail que venden cualquier producto l\u00e1cteo deben empezar a escanear c\u00f3digos y reportar informaci\u00f3n de ventas al sistema GIS MT a trav\u00e9s de registros. En ese momento, los procesos de venta deben testearse, los esc\u00e1neres 2D deben estar disponibles en las cajas registradoras y el software de la caja registradora debe actualizarse si es necesario.<\/p>\n<p style=\"font-weight: 400;\"><strong>1ro de septiembre del 2022: se introducir\u00e1 la contabilidad de volumen y variedad de productos.<\/strong><\/p>\n<p>Para todos los participantes en la facturaci\u00f3n (excepto para el segmento HoReCa y los agricultores), se introduce la contabilidad por volumen de art\u00edculos, y tambi\u00e9n se vuelve obligatorio transferir informaci\u00f3n sobre el retiro de productos de circulaci\u00f3n en forma de contabilidad por volumen y variedad de productos.<\/p>\n<p style=\"font-weight: 400;\">Fabricante, importador, mayorista, minorista (retail): los participantes deben configurar la gesti\u00f3n de documentos electr\u00f3nicos. Es ahora necesario transferir informaci\u00f3n al sistema sobre el despacho de productos (informaci\u00f3n sobre el c\u00f3digo del producto y la cantidad despachada de bienes marcados\/codificados), sin indicar los c\u00f3digos de marcado que se transfieren entre los propietarios.<\/p>\n<p style=\"font-weight: 400;\"><strong>1ro de diciembre del 2023:reporte obligatorio para el segmento HoReCa y las agencias gubernamentales..<\/strong><\/p>\n<p style=\"font-weight: 400;\">Se vuelve obligatorio transferir informaci\u00f3n al sistema de etiquetado sobre la rotaci\u00f3n y disposici\u00f3n de productos l\u00e1cteos para el segmento HoReCa y agencias gubernamentales.<\/p>\n<p style=\"font-weight: 400;\">A partir de esta fecha, el segmento HoReCa y las agencias gubernamentales deber\u00e1n transmitir al sistema de monitoreo de informaci\u00f3n los datos sobre la facturaci\u00f3n y retiro de circulaci\u00f3n de los productos l\u00e1cteos indicados.<\/p>\n<p style=\"font-weight: 400;\">Fabricante: en este momento, los procesos para solicitar c\u00f3digos, aplicarlos a los productos con la presentaci\u00f3n de un informe sobre su aplicaci\u00f3n, el pago de c\u00f3digos y su puesta en circulaci\u00f3n deben estar completamente configurados, y debe implementarse el registro en el sistema de etiquetado. Adem\u00e1s, los ganaderos deben presentar informaci\u00f3n al sistema de etiquetado sobre la circulaci\u00f3n de productos l\u00e1cteos y su retiro de circulaci\u00f3n.<\/p>\n<p style=\"font-weight: 400;\"><strong>1ro de junio del 2025: se introducir\u00e1 la contabilidad pieza por pieza para productos con vencimiento de m\u00e1s de 40 d\u00edas y para todos los participantes en la facturaci\u00f3n. Tambi\u00e9n se hace obligatorio la transferencia de informaci\u00f3n sobre el retiro de circulaci\u00f3n de productos.<\/strong><\/p>\n<p style=\"font-weight: 400;\">Para todos los participantes en la rotaci\u00f3n de productos, se introduce la transferencia al sistema de informaci\u00f3n sobre el retiro de productos de circulaci\u00f3n por cualquier motivo que no sean las ventas de CCP, en forma de contabilidad pieza por pieza- indicaci\u00f3n del c\u00f3digo del producto y la cantidad de productos retirados, indicando el volumen de productos marcados.<\/p>\n<h2>Regulaciones rusas de T&amp;T para el mercado l\u00e1cteo<\/h2>\n<div class=\"column\">\n<div class=\"regulations--scheme--number\">\n<h4 class=\"scheme--number--digit\">1.<\/h4>\n<div class=\"scheme--number--description\">\n<p>FGIS Mercury es el sistema estatal de certificaci\u00f3n veterinaria que rastrea el movimiento de los lotes de productos controlados desde la granja hasta el stock. Est\u00e1 integrado con GIS MT y se debe proporcionar un n\u00famero de certificado veterinario v\u00e1lido de la materia prima inicial. Esto es necesario cuando se introduce en el mercado un producto l\u00e1cteo serializado en envases de consumo.<\/p>\n<\/div>\n<\/div>\n<div class=\"regulations--scheme--number\">\n<h4 class=\"scheme--number--digit\">2.<\/h4>\n<div class=\"scheme--number--description\">\n<p>El fabricante realiza un pedido de n\u00fameros de serie \u00fanicos con c\u00f3digos criptogr\u00e1ficos para cada art\u00edculo comercial producido (SKU) seg\u00fan el plan de producci\u00f3n. Los n\u00fameros de serie y los c\u00f3digos criptogr\u00e1ficos son emitidos por el sistema OMS CRPT. El fabricante puede elegir entre etiquetado directo (y recibir n\u00fameros de serie de OMS) o especificar una imprenta como proveedor de servicios, en cuyo caso los n\u00fameros de serie ser\u00e1n recuperados directamente por la imprenta a trav\u00e9s del sistema MCDN y preimpresos como C\u00f3digos DataMatrix en el material de embalaje.<\/p>\n<\/div>\n<\/div>\n<div class=\"regulations--scheme--number\">\n<h4 class=\"scheme--number--digit\">3.<\/h4>\n<div class=\"scheme--number--description\">\n<p>Para el escenario de etiquetado directo, estos n\u00fameros de serie se codifican en c\u00f3digos Data Matrix y se aplican a paquetes de consumidores individuales durante la producci\u00f3n. Alternativamente, se utiliza un empaque con c\u00f3digos DataMatrix preimpresos . Este proceso hace que el producto terminado sea serializado. Los paquetes se colocan en cajas y otras formas de contenedores, luego se agregan en paletas. Cada nivel de un contenedor est\u00e1 etiquetado con un SSCC \u00fanico de c\u00f3digos GS1-128 asignados por el fabricante. Los c\u00f3digos est\u00e1n asociados en una estructura padre \/ hijo.<\/p>\n<\/div>\n<\/div>\n<div class=\"regulations--scheme--number\">\n<h4 class=\"scheme--number--digit\">4.<\/h4>\n<div class=\"scheme--number--description\">\n<p>Cada c\u00f3digo aplicado y la estructura jer\u00e1rquica se almacena en el repositorio privado. Luego, se informa a los sistemas OMS y GIS MT, junto con atributos adicionales, como la fecha de caducidad.<\/p>\n<\/div>\n<\/div>\n<\/div>\n<div class=\"column\">\n<div class=\"regulations--scheme--number\">\n<h4 class=\"scheme--number--digit\">5.<\/h4>\n<div class=\"scheme--number--description\">\n<p>Despu\u00e9s del final de la producci\u00f3n de un lote y el procedimiento de control de calidad; los paquetes serializados se informan a GIS MT como disponibles para su venta. Para los productos l\u00e1cteos, el n\u00famero de certificado veterinario de GIS Mercury se incluye en el informe.<\/p>\n<\/div>\n<\/div>\n<div class=\"regulations--scheme--number\">\n<h4 class=\"scheme--number--digit\">6.<\/h4>\n<div class=\"scheme--number--description\">\n<p>En cualquier punto de la cadena de suministro, la agregaci\u00f3n de productos puede cambiar. Cuando esto sucede, se refleja en el repositorio y se informa a GIS MT. Asimismo, los productos pueden ser dados de baja por diversos motivos, como da\u00f1os, caducidad, desabastecimiento, etc.<\/p>\n<\/div>\n<\/div>\n<div class=\"regulations--scheme--number\">\n<h4 class=\"scheme--number--digit\">7.<\/h4>\n<div class=\"scheme--number--description\">\n<p>Una vez que los productos serializados se empaquetan en cajas y pal\u00e9s, el fabricante los env\u00eda al siguiente socio de la cadena de suministro. Cada contenedor serializado se escanea y los c\u00f3digos \u00fanicos se incluyen en un Documento de transferencia universal (UTD).<\/p>\n<\/div>\n<\/div>\n<div class=\"regulations--scheme--number\">\n<h4 class=\"scheme--number--digit\">8.<\/h4>\n<div class=\"scheme--number--description\">\n<p>El UTD se env\u00eda a un proveedor certificado de EDI, que luego se reenv\u00eda al destinatario del env\u00edo.<\/p>\n<\/div>\n<\/div>\n<\/div>\n<div class=\"column\">\n<div class=\"regulations--scheme--number\">\n<h4 class=\"scheme--number--digit\">9.<\/h4>\n<div class=\"scheme--number--description\">\n<p>Al recibir un env\u00edo serializado, el mayorista escanea cada contenedor serializado para verificarlo con el UTD entrante. Cualquier discrepancia se resuelve mediante documentos EDI adicionales, como UCD. Una vez que el receptor firma electr\u00f3nicamente el UTD, se produce el cambio de propiedad. Por \u00faltimo, la informaci\u00f3n se env\u00eda a GIS MT.<\/p>\n<\/div>\n<\/div>\n<div class=\"regulations--scheme--number\">\n<h4 class=\"scheme--number--digit\">10.<\/h4>\n<div class=\"scheme--number--description\">\n<p>Finalmente, cuando el paquete serializado se vende en una tienda minorista al consumidor final, el Data Matrix se escanea en el POS. Los n\u00fameros de serie \u00fanicos se incluyen en el recibo de efectivo electr\u00f3nico, que se env\u00eda a trav\u00e9s de un operador de datos fiscales a GIS MT.<\/p>\n<\/div>\n<\/div>\n<div class=\"regulations--scheme--number\">\n<h4 class=\"scheme--number--digit\">11.<\/h4>\n<div class=\"scheme--number--description\">\n<p>Cualquier consumidor puede escanear un c\u00f3digo DataMatrix con una aplicaci\u00f3n de tel\u00e9fono para verificar la autenticidad del producto y obtener m\u00e1s informaci\u00f3n sobre su origen.<\/p>\n<h2>\u00a0Regulaciones rusas de T&amp;T para la importaci\u00f3n de l\u00e1cteos<\/h2>\n<div class=\"column\">\n<div class=\"regulations--scheme--number\">\n<h4 class=\"scheme--number--digit\">1.<\/h4>\n<div class=\"scheme--number--description\">\n<p>El importador realiza un pedido de n\u00fameros de serie \u00fanicos con c\u00f3digos criptogr\u00e1ficos para cada art\u00edculo comercial producido (SKU) seg\u00fan el plan de producci\u00f3n \/ compra. Los n\u00fameros de serie y los c\u00f3digos criptogr\u00e1ficos son emitidos por OMS CRPT.El importador puede elegir entre etiquetado directo (y recibir los n\u00fameros de serie de OMS y pasarlos a la instalaci\u00f3n de etiquetado) o especificar una imprenta local o extranjera como proveedor de servicios, en cuyo caso los n\u00fameros de serie ser\u00e1n recuperados directamente por la imprenta. a trav\u00e9s del sistema MCDN y preimpresos como c\u00f3digos DataMatrix en el material de embalaje.<\/p>\n<\/div>\n<\/div>\n<div class=\"regulations--scheme--number\">\n<h4 class=\"scheme--number--digit\">2.<\/h4>\n<div class=\"scheme--number--description\">\n<p>Para el escenario de etiquetado directo, estos n\u00fameros de serie se pasan a la instalaci\u00f3n de etiquetado, donde se codifican en c\u00f3digos Data Matrix y se aplican a paquetes de consumidores individuales durante la producci\u00f3n. Alternativamente, se utiliza un empaque con c\u00f3digos DataMatrix preimpresos . Este proceso hace que el producto terminado sea serializado. Los paquetes se colocan en cajas y otras formas de contenedores y luego se agregan en paletas. Cada nivel del contenedor est\u00e1 etiquetado con un SSCC \u00fanico de c\u00f3digos GS1-128 asignados por el fabricante. Los c\u00f3digos est\u00e1n asociados en una estructura padre \/ hijo.<\/p>\n<\/div>\n<\/div>\n<div class=\"regulations--scheme--number\">\n<h4 class=\"scheme--number--digit\">3.<\/h4>\n<div class=\"scheme--number--description\">\n<p>Cada c\u00f3digo aplicado y la estructura jer\u00e1rquica se almacenan en el repositorio privado y el importador los informa a los sistemas OMS y GIS MT. Tambi\u00e9n prevalecen otros atributos adicionales, como la fecha de vencimiento.<\/p>\n<\/div>\n<\/div>\n<\/div>\n<div class=\"column\">\n<div class=\"regulations--scheme--number\">\n<h4 class=\"scheme--number--digit\">4.<\/h4>\n<div class=\"scheme--number--description\">\n<p>FGIS Mercury es el sistema estatal de certificaci\u00f3n veterinaria que rastrea el movimiento de los lotes de productos controlados desde la granja hasta el stock. Est\u00e1 integrado con GIS MT y se debe proporcionar un n\u00famero de certificado veterinario v\u00e1lido de la materia prima inicial. Esto es necesario cuando se introduce en el mercado un producto l\u00e1cteo serializado en envases de consumo.<\/p>\n<\/div>\n<\/div>\n<div class=\"regulations--scheme--number\">\n<h4 class=\"scheme--number--digit\">5.<\/h4>\n<div class=\"scheme--number--description\">\n<p>El importador, o el agente de aduanas, presenta una declaraci\u00f3n de aduana (GTD) al Servicio Federal de Aduanas. El GTD incluye una lista de c\u00f3digos de contenedor \u00fanicos. El Servicio Federal de Aduanas verifica los c\u00f3digos con GIS MT y autoriza el env\u00edo.<\/p>\n<\/div>\n<\/div>\n<div class=\"regulations--scheme--number\">\n<h4 class=\"scheme--number--digit\">6.<\/h4>\n<div class=\"scheme--number--description\">\n<p>Con el fin de que los productos est\u00e9n disponibles para su venta posterior, el importador informa los c\u00f3digos de contenedores \u00fanicos a GIS MT. Para los productos l\u00e1cteos, el n\u00famero de certificado veterinario de GIS Mercury se incluye en el informe.<\/p>\n<\/div>\n<\/div>\n<\/div>\n<div class=\"column\">\n<div class=\"regulations--scheme--number\">\n<h4 class=\"scheme--number--digit\">7.<\/h4>\n<div class=\"scheme--number--description\">\n<p>En cualquier punto de la cadena de suministro, la agregaci\u00f3n de productos puede cambiar. Cuando esto sucede, se refleja en el repositorio y se informa a GIS MT. Asimismo, los productos pueden ser dados de baja por diversos motivos, como da\u00f1os, caducidad, desabastecimiento, etc.<\/p>\n<\/div>\n<\/div>\n<div class=\"regulations--scheme--number\">\n<h4 class=\"scheme--number--digit\">8.<\/h4>\n<div class=\"scheme--number--description\">\n<p>Una vez que los productos serializados se empaquetan en cajas y pal\u00e9s, el importador los env\u00eda al siguiente socio de la cadena de suministro. Cada contenedor serializado se escanea y los c\u00f3digos \u00fanicos se incluyen en un Documento de transferencia universal (UTD).<\/p>\n<\/div>\n<\/div>\n<div class=\"regulations--scheme--number\">\n<h4 class=\"scheme--number--digit\">9.<\/h4>\n<div class=\"scheme--number--description\">\n<p>El UTD se env\u00eda a un proveedor certificado de EDI, que luego se reenv\u00eda al destinatario del env\u00edo.<\/p>\n<\/div>\n<\/div>\n<\/div>\n<\/div>\n<\/div>\n<\/div>\n<p><\/p>","protected":false},"excerpt":{"rendered":"<p>20 de enero de 2021: inicio de la serializaci\u00f3n para productos l\u00e1cteos. Los fabricantes, importadores, mayoristas y minoristas pueden serializar distribuir en el mercado, y<\/p>\n","protected":false},"author":1,"featured_media":0,"parent":285,"menu_order":4,"comment_status":"closed","ping_status":"closed","template":"page_regulations.php","meta":{"inline_featured_image":false},"categories":[11],"tags":[],"class_list":["post-147","page","type-page","status-publish","hentry","category-russia"],"_links":{"self":[{"href":"https:\/\/3keys.com\/es\/wp-json\/wp\/v2\/pages\/147","targetHints":{"allow":["GET"]}}],"collection":[{"href":"https:\/\/3keys.com\/es\/wp-json\/wp\/v2\/pages"}],"about":[{"href":"https:\/\/3keys.com\/es\/wp-json\/wp\/v2\/types\/page"}],"author":[{"embeddable":true,"href":"https:\/\/3keys.com\/es\/wp-json\/wp\/v2\/users\/1"}],"replies":[{"embeddable":true,"href":"https:\/\/3keys.com\/es\/wp-json\/wp\/v2\/comments?post=147"}],"version-history":[{"count":54,"href":"https:\/\/3keys.com\/es\/wp-json\/wp\/v2\/pages\/147\/revisions"}],"predecessor-version":[{"id":1821,"href":"https:\/\/3keys.com\/es\/wp-json\/wp\/v2\/pages\/147\/revisions\/1821"}],"up":[{"embeddable":true,"href":"https:\/\/3keys.com\/es\/wp-json\/wp\/v2\/pages\/285"}],"wp:attachment":[{"href":"https:\/\/3keys.com\/es\/wp-json\/wp\/v2\/media?parent=147"}],"wp:term":[{"taxonomy":"category","embeddable":true,"href":"https:\/\/3keys.com\/es\/wp-json\/wp\/v2\/categories?post=147"},{"taxonomy":"post_tag","embeddable":true,"href":"https:\/\/3keys.com\/es\/wp-json\/wp\/v2\/tags?post=147"}],"curies":[{"name":"wp","href":"https:\/\/api.w.org\/{rel}","templated":true}]}}