{"id":149,"date":"2020-11-06T10:26:36","date_gmt":"2020-11-06T07:26:36","guid":{"rendered":"https:\/\/3keys.k2d.ru\/?page_id=149"},"modified":"2023-08-29T22:42:31","modified_gmt":"2023-08-29T19:42:31","slug":"track-trace","status":"publish","type":"page","link":"https:\/\/3keys.com\/es\/expertise\/regulations\/beer\/track-trace\/","title":{"rendered":"Cerveza"},"content":{"rendered":"<p><\/p>\n<p><strong>1 de abril de 2021 &#8211; 28 de febrero de 2023 &#8211;\u00a0<\/strong>el experimento de serializaci\u00f3n en Rusia<\/p>\n<p><strong>1ro de abril del 2021 &#8211; 28 de febrero del 2023 <\/strong>&#8211;\u00a0un experimento de etiquetado de cerveza, bebidas a base de cerveza y ciertos tipos de bebidas con bajo contenido de alcohol<\/p>\n<p style=\"font-weight: 400;\"><strong>1ro abril del 2021 &#8211; 30 junio del 2021<\/strong> &#8211;\u00a0Desarrollo y aprobaci\u00f3n de recomendaciones metodol\u00f3gicas<\/p>\n<p><strong>1ro de julio del 2021 &#8211; 28 de febrero del 2023<\/strong> &#8211;\u00a0Desarrollo y testeo de mecanismos para integrar el Sistema de Informaci\u00f3n Automatizado de Estado Unificado (EGAIS) y el sistema de marcado\/codificaci\u00f3n Chestny ZNAK<\/p>\n<h2>Arquitectura propuesta de las regulaciones Rusas de T&amp;T para el mercado de la cerveza*<\/h2>\n<h4>1.\u00a0<\/h4>\n<p>El sistema de informaci\u00f3n automatizado \u201cEGAIS\u201d ** es un sistema de informaci\u00f3n automatizado estatal unificado para contabilizar el volumen de producci\u00f3n y facturaci\u00f3n de alcohol et\u00edlico, productos alcoh\u00f3licos y que contienen alcohol. En el caso particular de la producci\u00f3n de cerveza, los participantes del volumen de negocios deben declarar el volumen de producci\u00f3n, venta al por mayor y compra de lotes en EGAIS. Los minoristas deben informar sobre los vol\u00famenes vendidos. Despu\u00e9s de la introducci\u00f3n de la serializaci\u00f3n de cerveza, esperamos la integraci\u00f3n y simbiosis entre los sistemas EGAIS y GIS MT. Otro escenario posible es tambi\u00e9n que se suprima la presentaci\u00f3n de informes a EGAIS para todos los actores del mercado, excepto los productores de cerveza. Asimismo, la trazabilidad de los lotes despu\u00e9s de su producci\u00f3n e introducci\u00f3n al mercado ser\u00e1 proporcionada por GIS MT.<\/p>\n<h4>2.<\/h4>\n<p>El fabricante realiza un pedido de n\u00fameros de serie \u00fanicos con c\u00f3digos criptogr\u00e1ficos para cada art\u00edculo comercial producido (SKU) seg\u00fan el plan de producci\u00f3n. Los n\u00fameros de serie y los c\u00f3digos de cifrado son emitidos por el sistema OMS CRPT.<\/p>\n<h4>3.<\/h4>\n<p>Estos n\u00fameros de serie est\u00e1n codificados en c\u00f3digos Data Matrix y se aplican a paquetes de consumidores individuales. Este proceso los hace serializados. Los paquetes se colocan en cajas y otras formas de contenedores y luego se agregan en paletas. Cada nivel de un contenedor est\u00e1 etiquetado con un SSCC \u00fanico de c\u00f3digos GS1-128 asignados por el fabricante. Los c\u00f3digos est\u00e1n asociados en una estructura padre \/ hijo.<\/p>\n<h4>4.<\/h4>\n<p>Cada c\u00f3digo aplicado y la estructura jer\u00e1rquica se almacena en el repositorio privado. Luego, se informa a los sistemas OMS y GIS MT, junto con atributos adicionales, como la fecha de caducidad.<\/p>\n<h4>5.<\/h4>\n<p>Una vez finalizada la producci\u00f3n de un lote y el procedimiento de control de calidad, los paquetes serializados se notifican a GIS MT como disponibles para su posterior venta.<\/p>\n<h4>6.<\/h4>\n<p>En cualquier punto de la cadena de suministro, la agregaci\u00f3n de productos puede cambiar. Cuando esto sucede, se refleja en el repositorio y se informa a GIS MT. Asimismo, los productos pueden ser dados de baja por diversos motivos, como da\u00f1os, caducidad, desabastecimiento, etc.<\/p>\n<h4>7.<\/h4>\n<p>Una vez que los productos serializados se empaquetan en cajas y pal\u00e9s, el fabricante los env\u00eda al siguiente socio de la cadena de suministro. Cada contenedor serializado se escanea y los c\u00f3digos \u00fanicos se incluyen en un Documento de transferencia universal (UTD).<\/p>\n<h4>8.<\/h4>\n<p>El UTD se env\u00eda a un proveedor certificado de EDI, que luego se reenv\u00eda al destinatario del env\u00edo.<\/p>\n<h4>9.<\/h4>\n<p>Al recibir un env\u00edo serializado, el mayorista escanea cada contenedor serializado para verificarlo con el UTD entrante. Cualquier discrepancia se resuelve mediante documentos EDI adicionales, como UCD. Una vez que el receptor firma electr\u00f3nicamente el UTD, se produce el cambio de propiedad. Por \u00faltimo, la informaci\u00f3n se env\u00eda a GIS MT.<\/p>\n<h4>10.<\/h4>\n<p>Finalmente, cuando el paquete serializado se vende en una tienda minorista al consumidor final, el Data Matrix se escanea en el POS. Los n\u00fameros de serie \u00fanicos se incluyen en el recibo de efectivo electr\u00f3nico, que se env\u00eda a trav\u00e9s de un operador de datos fiscales a GIS MT.<\/p>\n<h4>11.<\/h4>\n<p>Cualquier consumidor puede escanear un c\u00f3digo DataMatrix con una aplicaci\u00f3n de tel\u00e9fono para verificar la autenticidad del producto y obtener m\u00e1s informaci\u00f3n sobre su origen.<\/p>\n<p>* A actualizar despu\u00e9s de la aprobaci\u00f3n de los documentos reglamentarios.<\/p>\n<p>** EGAIS = USAIS = Sistema de informaci\u00f3n automatizado del estado unificado.<\/p>\n<h2>\u00a0Regulaciones rusas de T&amp;T para la importaci\u00f3n de cerveza<\/h2>\n<h4>1.<\/h4>\n<p>El importador realiza un pedido de n\u00fameros de serie \u00fanicos con c\u00f3digos de cifrado para cada art\u00edculo comercial producido (SKU) seg\u00fan el plan de producci\u00f3n \/ compra. Los n\u00fameros de serie y los c\u00f3digos criptogr\u00e1ficos son emitidos por OMS CRPT.<\/p>\n<h4>2.<\/h4>\n<p>Estos n\u00fameros de serie se pasan a la f\u00e1brica, donde se codifican en c\u00f3digos Data Matrix. Luego, esto se aplica a los paquetes de consumidores individuales en la l\u00ednea de empaque, haci\u00e9ndolos serializados. Los paquetes se colocan en cajas y otras formas de contenedores y luego se agregan en paletas. Cada nivel del contenedor est\u00e1 etiquetado con un SSCC \u00fanico de c\u00f3digos GS1-128 asignados por el fabricante. Los c\u00f3digos est\u00e1n asociados en una estructura padre \/ hijo.<\/p>\n<h4>3.<\/h4>\n<p>Cada c\u00f3digo aplicado y la estructura jer\u00e1rquica se almacenan en el repositorio privado y el importador los informa a los sistemas OMS y GIS MT. Tambi\u00e9n prevalecen otros atributos adicionales, como la fecha de vencimiento.<\/p>\n<h4>4.<\/h4>\n<p>Alternativamente, el proceso de serializaci\u00f3n puede tener lugar en un almac\u00e9n fuera de Rusia o en el almac\u00e9n de aduanas. La jerarqu\u00eda completa debe notificarse a GIS MT antes de que el env\u00edo pueda ser despachado de aduana.<\/p>\n<h4>5.<\/h4>\n<p>El sistema de informaci\u00f3n automatizado \u201cEGAIS\u201d es un sistema de informaci\u00f3n automatizado estatal unificado para contabilizar el volumen de producci\u00f3n y rotaci\u00f3n de alcohol et\u00edlico, productos alcoh\u00f3licos y que contienen alcohol. En el caso particular de la cerveza, los participantes de la facturaci\u00f3n deben declarar el volumen de producci\u00f3n, venta al por mayor y compra de lotes en EGAIS. Mientras que los minoristas esperan informes sobre los vol\u00famenes vendidos. Despu\u00e9s de la introducci\u00f3n de la serializaci\u00f3n de cerveza, esperamos la integraci\u00f3n y simbiosis entre los sistemas EGAIS y GIS MT. Un escenario posible es tambi\u00e9n que se eliminen los informes a EGAIS para todos los actores del mercado, excepto los productores \/ importadores de cerveza. Del mismo modo, la trazabilidad de los lotes despu\u00e9s de su producci\u00f3n \/ importaci\u00f3n e introducci\u00f3n al mercado ser\u00e1 proporcionada por GIS MT. El escenario descrito es similar al del mercado de la leche, donde GIS Mercury controla el mercado de la leche por lotes hasta que se envasa. Cuando aparece el paquete de cliente \u00fanico, puede comenzar la serializaci\u00f3n a trav\u00e9s de GIS MT.<\/p>\n<h4>6.<\/h4>\n<p>El importador, o el agente de aduanas, presenta una declaraci\u00f3n de aduana (GTD) al Servicio Federal de Aduanas. El GTD incluye una lista de c\u00f3digos de contenedor \u00fanicos. El Servicio Federal de Aduanas verifica los c\u00f3digos con GIS MT y autoriza el env\u00edo.<\/p>\n<h4>7.<\/h4>\n<p>Con el fin de que los productos est\u00e9n disponibles para su venta posterior, el importador informa los c\u00f3digos de contenedores \u00fanicos a GIS MT.<\/p>\n<h4>8.<\/h4>\n<p>En cualquier punto de la cadena de suministro, la agregaci\u00f3n de productos puede cambiar. Cuando esto sucede, se refleja en el repositorio y se informa a GIS MT. Asimismo, los productos pueden ser dados de baja por diversos motivos, como da\u00f1os, caducidad, desabastecimiento, etc.<\/p>\n<h4>9.<\/h4>\n<p>Una vez que los productos serializados se empaquetan en cajas y pal\u00e9s, el importador los env\u00eda al siguiente socio de la cadena de suministro. Cada contenedor serializado se escanea y los c\u00f3digos \u00fanicos se incluyen en un Documento de transferencia universal (UTD).<\/p>\n<h4>10.<\/h4>\n<p>El UTD se env\u00eda a un proveedor certificado de EDI, que luego se reenv\u00eda al destinatario del env\u00edo.<\/p>\n<p>* A actualizar despu\u00e9s de la aprobaci\u00f3n de los documentos reglamentarios.<\/p>\n<p>** EGAIS = USAIS = Sistema de informaci\u00f3n automatizado del estado unificado.<\/p>\n<p>&nbsp;<\/p>\n<p><\/p>","protected":false},"excerpt":{"rendered":"<p>1 de abril de 2021 &#8211; 28 de febrero de 2023 &#8211;\u00a0el experimento de serializaci\u00f3n en Rusia 1ro de abril del 2021 &#8211; 28 de<\/p>\n","protected":false},"author":1,"featured_media":0,"parent":288,"menu_order":6,"comment_status":"closed","ping_status":"closed","template":"page_regulations.php","meta":{"inline_featured_image":false},"categories":[11],"tags":[],"class_list":["post-149","page","type-page","status-publish","hentry","category-russia"],"_links":{"self":[{"href":"https:\/\/3keys.com\/es\/wp-json\/wp\/v2\/pages\/149","targetHints":{"allow":["GET"]}}],"collection":[{"href":"https:\/\/3keys.com\/es\/wp-json\/wp\/v2\/pages"}],"about":[{"href":"https:\/\/3keys.com\/es\/wp-json\/wp\/v2\/types\/page"}],"author":[{"embeddable":true,"href":"https:\/\/3keys.com\/es\/wp-json\/wp\/v2\/users\/1"}],"replies":[{"embeddable":true,"href":"https:\/\/3keys.com\/es\/wp-json\/wp\/v2\/comments?post=149"}],"version-history":[{"count":36,"href":"https:\/\/3keys.com\/es\/wp-json\/wp\/v2\/pages\/149\/revisions"}],"predecessor-version":[{"id":1819,"href":"https:\/\/3keys.com\/es\/wp-json\/wp\/v2\/pages\/149\/revisions\/1819"}],"up":[{"embeddable":true,"href":"https:\/\/3keys.com\/es\/wp-json\/wp\/v2\/pages\/288"}],"wp:attachment":[{"href":"https:\/\/3keys.com\/es\/wp-json\/wp\/v2\/media?parent=149"}],"wp:term":[{"taxonomy":"category","embeddable":true,"href":"https:\/\/3keys.com\/es\/wp-json\/wp\/v2\/categories?post=149"},{"taxonomy":"post_tag","embeddable":true,"href":"https:\/\/3keys.com\/es\/wp-json\/wp\/v2\/tags?post=149"}],"curies":[{"name":"wp","href":"https:\/\/api.w.org\/{rel}","templated":true}]}}