{"id":15,"date":"2020-11-02T18:40:01","date_gmt":"2020-11-02T15:40:01","guid":{"rendered":"https:\/\/3keys.k2d.ru\/?page_id=15"},"modified":"2025-06-27T11:44:32","modified_gmt":"2025-06-27T08:44:32","slug":"services-products","status":"publish","type":"page","link":"https:\/\/3keys.com\/es\/services-products\/","title":{"rendered":"Servicios &#038; Productos"},"content":{"rendered":"<p><\/p>\n<h2>AS\u00cd ES C\u00d3MO PODEMOS BENEFICIAR SU NEGOCIO<\/h2>\n<p>Si est\u00e1 buscando un socio confiable de Track &amp; Trace, est\u00e1 en el lugar correcto. Nuestro equipo trabaja arduamente para conocer y mejorar r\u00e1pidamente sus procesos existentes, ayud\u00e1ndolo a eliminar cuellos de botella, reducir errores y resolver la confusi\u00f3n. Nuestros servicios de consultor\u00eda se basan en muchos a\u00f1os de experiencia en serializaci\u00f3n y Track &amp; Trace, un profundo conocimiento de las pr\u00e1cticas de la cadena de suministro, as\u00ed como en una experiencia inigualable para abordar las necesidades regulatorias.<\/p>\n<h2>LOS 3 PRINCIPALES CASOS DE NEGOCIO DE TRACK &amp; TRACE CON LOS QUE ESTAMOS TRABAJANDO:<\/h2>\n<h3>Desarrollo y entrega de proyectos Track &amp; Trace para cumplimiento<\/h3>\n<p>Desarrollar y entregar procesos de cadena de suministro y fabricaci\u00f3n que cumplan con las regulaciones establecidas. Este caso en particular tiene como objetivo mitigar los riesgos comerciales de las empresas de fabricaci\u00f3n y cadena de suministro de la manera m\u00e1s eficiente. Encontramos el equilibrio \u00f3ptimo entre el tiempo, el costo del proyecto Track &amp; Trace y los cambios de proceso que una empresa debe implementar para cumplir con las regulaciones.<\/p>\n<h3>Iniciativas de protecci\u00f3n de marca<\/h3>\n<p>Realizar una iniciativa de protecci\u00f3n de marca, disuadiendo ataques del comercio il\u00edcito que perjudica al negocio. El desaf\u00edo aqu\u00ed es desarrollar e implementar la soluci\u00f3n de T&amp;T relevante que aproveche el aumento de la facturaci\u00f3n de productos aut\u00e9nticos. La misma soluci\u00f3n brinda a las empresas una ventaja competitiva al generar lealtad y la confianza de los consumidores.<\/p>\n<h3>Optimizaci\u00f3n digital de la cadena de suministro<\/h3>\n<p>Optimizar la cadena de suministro a trav\u00e9s de la digitalizaci\u00f3n. El trabajo aqu\u00ed es combinar las mejores tecnolog\u00edas y un profundo conocimiento del negocio para llevar los procesos de la cadena de suministro al siguiente nivel. La digitalizaci\u00f3n brinda una gran ventaja competitiva al mejorar el pron\u00f3stico de la demanda, el uso efectivo del espacio del almac\u00e9n, una velocidad de SC m\u00e1s sustancial, una seguridad de SC robusta y una visibilidad de SC de extremo a extremo.<\/p>\n<p><\/p>","protected":false},"excerpt":{"rendered":"<p>AS\u00cd ES C\u00d3MO PODEMOS BENEFICIAR SU NEGOCIO Si est\u00e1 buscando un socio confiable de Track &amp; Trace, est\u00e1 en el lugar correcto. Nuestro equipo trabaja<\/p>\n","protected":false},"author":1,"featured_media":0,"parent":0,"menu_order":25,"comment_status":"closed","ping_status":"closed","template":"page_services_products.php","meta":{"inline_featured_image":false},"categories":[],"tags":[],"class_list":["post-15","page","type-page","status-publish","hentry"],"_links":{"self":[{"href":"https:\/\/3keys.com\/es\/wp-json\/wp\/v2\/pages\/15","targetHints":{"allow":["GET"]}}],"collection":[{"href":"https:\/\/3keys.com\/es\/wp-json\/wp\/v2\/pages"}],"about":[{"href":"https:\/\/3keys.com\/es\/wp-json\/wp\/v2\/types\/page"}],"author":[{"embeddable":true,"href":"https:\/\/3keys.com\/es\/wp-json\/wp\/v2\/users\/1"}],"replies":[{"embeddable":true,"href":"https:\/\/3keys.com\/es\/wp-json\/wp\/v2\/comments?post=15"}],"version-history":[{"count":17,"href":"https:\/\/3keys.com\/es\/wp-json\/wp\/v2\/pages\/15\/revisions"}],"predecessor-version":[{"id":2688,"href":"https:\/\/3keys.com\/es\/wp-json\/wp\/v2\/pages\/15\/revisions\/2688"}],"wp:attachment":[{"href":"https:\/\/3keys.com\/es\/wp-json\/wp\/v2\/media?parent=15"}],"wp:term":[{"taxonomy":"category","embeddable":true,"href":"https:\/\/3keys.com\/es\/wp-json\/wp\/v2\/categories?post=15"},{"taxonomy":"post_tag","embeddable":true,"href":"https:\/\/3keys.com\/es\/wp-json\/wp\/v2\/tags?post=15"}],"curies":[{"name":"wp","href":"https:\/\/api.w.org\/{rel}","templated":true}]}}