{"id":17,"date":"2020-11-02T18:40:19","date_gmt":"2020-11-02T15:40:19","guid":{"rendered":"https:\/\/3keys.k2d.ru\/?page_id=17"},"modified":"2025-04-29T09:39:52","modified_gmt":"2025-04-29T06:39:52","slug":"consulting","status":"publish","type":"page","link":"https:\/\/3keys.com\/es\/services-products\/consulting\/","title":{"rendered":"Consultor\u00eda"},"content":{"rendered":"<p><\/p>\n<h2>Servicios de consultor\u00eda<\/h2>\n<p>El equipo de 3KEYS dise\u00f1a y entrega proyectos de Track &amp; Trace y Serializaci\u00f3n end-to-end, adem\u00e1s de brindar servicios de consultor\u00eda para la fase espec\u00edfica del proyecto, en funci\u00f3n de los requisitos del cliente. Nuestro equipo est\u00e1 formado por consultores funcionales s\u00e9nior con mucha experiencia, Senior Solution Architects, y Solution Owners.<\/p>\n<h2 class=\"services--category--name\">CONSULTORIA DE NEGOCIOS<\/h2>\n<h3 class=\"services--item--name\">Asesoramiento para cumplimiento<\/h3>\n<div class=\"services--item--switch\">\n<div class=\"services--item open\">\n<div class=\"services--item--description\">\n<p>Nuestro proceso Track &amp; Trace comienza con los gobiernos que establecen reglas estrictas y desarrollan herramientas para proteger a las empresas y los consumidores de la falsificaci\u00f3n y para evitar la p\u00e9rdida de ingresos e impuestos. Nuestros consultores de 3KEYS tienen un amplio conocimiento de las regulaciones (EU TPD, FCTC, EU FMD, US DSCSA, proyecto ruso \u201cMarkirovka\u201d (CRPT) y otros) para diferentes industrias y pa\u00edses. Esto nos permite ayudarlo a responder a las regulaciones de cumplimiento impuestas por el gobierno del pa\u00eds donde realiza negocios. Adem\u00e1s, 3KEYS brinda consejos sobre las pr\u00f3ximas regulaciones de Track &amp; Trace para asegurarse de que cumple con las normas antes de la fecha l\u00edmite. Nuestro enfoque evita las complicaciones que podr\u00edan surgir en caso de incumplimiento de los plazos, como multas e interrupciones en las operaciones.<\/p>\n<h3 class=\"services--item--name\">An\u00e1lisis de Impacto del Negocio<\/h3>\n<div class=\"services--item--switch\">\n<div class=\"services--category\">\n<div class=\"services--items\">\n<div class=\"services--item open\">\n<div class=\"services--item--description\">\n<p>No hace falta decir que la serializaci\u00f3n tiene un impacto dr\u00e1stico en sus procesos comerciales. 3KEYS puede ayudarlo a comprender los impactos del cumplimiento en sus procesos internos. Tambi\u00e9n podemos asesorar sobre c\u00f3mo abordar dichos impactos de la manera m\u00e1s eficiente sin interrumpir las operaciones de la empresa. Usted notar\u00e1 que Serializaci\u00f3n tiene un efecto positivo en los procesos internos de su compa\u00f1\u00eda y ROI. Elevado aseguramiento de calidad, reducci\u00f3n de retornos del mercado, informaci\u00f3n de inventarios en tiempo real e integridad de la cadena de suministro, est\u00e1n entre muchos otros beneficios que viene junto con la serializaci\u00f3n de productos.<\/p>\n<\/div>\n<\/div>\n<\/div>\n<\/div>\n<div class=\"services--category\">\n<div class=\"services--category--caption\">\n<div class=\"services--category--icon\">\n<h2 class=\"services--category--name\">CONSULTOR\u00cdA FUNCIONAL<\/h2>\n<h3 class=\"services--item--name\">An\u00e1lisis y Dise\u00f1o<\/h3>\n<div class=\"services--item--switch\">\n<div class=\"services--item open\">\n<div class=\"services--item--description\">\n<p>El equipo de 3KEYS analiza los requisitos de negocio y los procesos actuales y los asigna a los procesos futuros. Adem\u00e1s, verifica que el dise\u00f1o se ajuste a los est\u00e1ndares requeridos. Si hay brechas, 3KEYS le proporcionar\u00e1 un plan exacto con una recomendaci\u00f3n para una soluci\u00f3n.<\/p>\n<\/div>\n<\/div>\n<h3 class=\"services--item\">Implementaci\u00f3n<\/h3>\n<div class=\"services--item open\">\n<div class=\"services--item--description\">\n<p>3KEYS es una empresa independiente del proveedor. Desarrollamos soluciones a medida y seleccionamos proveedores seg\u00fan las necesidades del proyecto. 3KEYS implementa sistemas de serializaci\u00f3n y seguimiento y localizaci\u00f3n para garantizar una producci\u00f3n mejorada y eficiencia log\u00edstica, as\u00ed como para ayudar a proporcionar la informaci\u00f3n necesaria para informar y mostrar el cumplimiento al gobierno de manera efectiva y sistem\u00e1tica.<\/p>\n<\/div>\n<\/div>\n<div class=\"services--item\">\n<div class=\"services--item--cation\">\n<div class=\"services--item--cation--container\">\n<h3 class=\"services--item--name\">Validaci\u00f3n del sistema<\/h3>\n<div class=\"services--category\">\n<div class=\"services--items\">\n<div class=\"services--item open\">\n<div class=\"services--item--description\">\n<p>3KEYS tiene mucha experiencia en validaci\u00f3n de sistemas (GxP, GAMP5). Cumplimiento de todas las regulaciones cuando trabajamos, p. Ej. para la industria farmac\u00e9utica u otras industrias reguladas es evidente. Entregaremos resultados auditables.<\/p>\n<\/div>\n<\/div>\n<\/div>\n<\/div>\n<div class=\"services--category\">\n<div class=\"services--category--caption\">\n<div class=\"services--category--icon\">\n<h2 class=\"services--category--name\">CONSULTOR\u00cdA T\u00c9CNICA<\/h2>\n<h3 class=\"services--item--name\">Desarrollos ABAP<\/h3>\n<div class=\"services--item open\">\n<div class=\"services--item--description\">\n<p>Nuestros desarrolladores de 3KEYS se aseguran de que sus sistemas de TI est\u00e9n bien mantenidos, brindando soporte de TI y orientaci\u00f3n t\u00e9cnica en un entorno exigente. Todo mientras mejoramos la eficiencia general de sus sistemas de TI. Los consultores de 3KEYS tienen mucha experiencia en SAP ABAP y ABAP Object Oriented. Garantizamos el desarrollo de programas y soluciones precisas para su negocio. Otro componente importante es que todas las interrelaciones relevantes con el \u00e1rea t\u00e9cnica dentro del sistema SAP est\u00e9n bien explicadas y comprendidas por el equipo central.<\/p>\n<\/div>\n<\/div>\n<div class=\"services--item\">\n<div class=\"services--item--cation\">\n<div class=\"services--item--cation--container\">\n<h3 class=\"services--item--name\">Desarrollos JAVA<\/h3>\n<div class=\"services--item--switch\">\n<div class=\"services\">\n<div class=\"content\">\n<div class=\"services--categories\">\n<div class=\"services--category\">\n<div class=\"services--items\">\n<div class=\"services--item open\">\n<div class=\"services--item--description\">\n<p>Los desarrolladores de 3KEYS tienen experiencia en la creaci\u00f3n y el soporte de soluciones de serializaci\u00f3n de nivel empresarial y adaptadores de conectividad utilizando una amplia variedad de lenguajes y plataformas de programaci\u00f3n, incluidos Java stack, .NET, Python, JS y m\u00e1s. Tenemos experiencia probada en la entrega de soluciones locales y en la nube adaptadas a las necesidades del cliente.<\/p>\n<\/div>\n<\/div>\n<\/div>\n<\/div>\n<\/div>\n<\/div>\n<\/div>\n<div class=\"additionally\">\n<div class=\"content\">\n<div class=\"additionally--card\">\n<div class=\"additionally--card--caption\">\n<div class=\"additionally--card--caption\">\n<h2 class=\"additionally--card--name\">GESTI\u00d3N DE PROYECTOS<\/h2>\n<div class=\"additionally--card\">\n<div class=\"additionally--card--description\">\n<p>Ofrecemos a nuestros clientes Project Managers con gran experiencia en serializaci\u00f3n y seguimiento y localizaci\u00f3n. Nuestros directores de proyectos tienen experiencia en varios pa\u00edses e industrias, como productos farmac\u00e9uticos, tabaco, bienes de consumo y otros. Estos gerentes de proyectos tienen experiencia en el manejo de grandes proyectos en todo el mundo, cooperan con m\u00faltiples proveedores y tienen un enfoque de entrega de equipo mixto. Al trabajar con 3KEYS, sus proyectos se gestionan de manera eficaz y eficiente: con los recursos adecuados, las habilidades adecuadas, a tarifas muy competitivas y flexibilidad en la dotaci\u00f3n de personal del proyecto.<\/p>\n<\/div>\n<\/div>\n<div class=\"additionally--card\">\n<h2 class=\"additionally--card--caption\">ENTRENAMENTO<\/h2>\n<div class=\"additionally--card\">\n<div class=\"additionally--card--description\">\n<p>Para garantizar las operaciones habituales sin interrupciones y el aprendizaje del personal para navegar y administrar el nuevo sistema Track &amp; Trace, desarrollamos una formaci\u00f3n eficaz para transferir los nuevos conocimientos. 3KEYS proporciona un programa de capacitaci\u00f3n consistente con un enfoque en la orientaci\u00f3n y ejecuci\u00f3n durante todo el proyecto.<\/p>\n<\/div>\n<\/div>\n<div class=\"additionally--card--caption\">\n<div class=\"additionally--card--caption\">\n<h2 class=\"additionally--card--name\">SOPORTE DE NEGOCIO BAU<\/h2>\n<div class=\"additionally\">\n<div class=\"content\">\n<div class=\"additionally--card\">\n<div class=\"additionally--card--description\">\n<p>Una vez finalizada la formaci\u00f3n, nuestro equipo sigue disponible para responder a todas sus preguntas y abordar todos los posibles problemas que puedan surgir. 3KEYS proporciona soporte 24 X 7 Track &amp; Trace por parte del equipo offshore y soporte 8 X 5 por parte del equipo alem\u00e1n.<\/p>\n<\/div>\n<\/div>\n<\/div>\n<\/div>\n<h2 class=\"gbt\">GBT<\/h2>\n<div class=\"gbt--intro\">GBT establece una genealog\u00eda completa de productos a trav\u00e9s de sistemas desde el origen de las materias primas a trav\u00e9s de la producci\u00f3n hasta la distribuci\u00f3n de los productos terminados.<\/div>\n<div class=\"speech_bubble\">\n<div class=\"gbt\">\n<div class=\"content\">\n<div class=\"column\">\n<div class=\"gbt-description\">\n<p>Hoy en d\u00eda, GBT es un nicho de mercado y solo existen unos pocos expertos en todo el mundo. 3KEYS GmbH tiene un conocimiento y una experiencia pionera y \u00fanica en la implementaci\u00f3n de SAP Global Batch Traceability al poder rastrear completamente los lotes en sentido ascendente y descendente de GBT, lo que garantiza el cumplimiento oportuno de los plazos de presentaci\u00f3n de informes legales y proporciona una mayor comprensi\u00f3n de los flujos de la cadena de suministro de las empresas.<\/p>\n<\/div>\n<\/div>\n<\/div>\n<\/div>\n<div class=\"gbt--scheme\" data-sr-id=\"21\">\n<div class=\"content\">\u00a0<\/div>\n<\/div>\n<\/div>\n<\/div>\n<div class=\"additionally--card--description\">\u00a0<\/div>\n<\/div>\n<\/div>\n<\/div>\n<div class=\"additionally--card--description\">\u00a0<\/div>\n<\/div>\n<\/div>\n<\/div>\n<\/div>\n<\/div>\n<\/div>\n<\/div>\n<\/div>\n<div class=\"services--item--switch\">\u00a0<\/div>\n<\/div>\n<\/div>\n<\/div>\n<div class=\"services--item--switch\">\u00a0<\/div>\n<\/div>\n<\/div>\n<\/div>\n<\/div>\n<\/div>\n<\/div>\n<\/div>\n<\/div>\n<\/div>\n<\/div>\n<div class=\"services--item\">\n<div class=\"services--item--cation\">\n<div class=\"services--item--cation--container\">\u00a0<\/div>\n<\/div>\n<\/div>\n<\/div>\n<p><\/p>","protected":false},"excerpt":{"rendered":"<p>Servicios de consultor\u00eda El equipo de 3KEYS dise\u00f1a y entrega proyectos de Track &amp; Trace y Serializaci\u00f3n end-to-end, adem\u00e1s de brindar servicios de consultor\u00eda para<\/p>\n","protected":false},"author":1,"featured_media":0,"parent":15,"menu_order":4,"comment_status":"closed","ping_status":"closed","template":"page_consulting.php","meta":{"inline_featured_image":false},"categories":[],"tags":[],"class_list":["post-17","page","type-page","status-publish","hentry"],"_links":{"self":[{"href":"https:\/\/3keys.com\/es\/wp-json\/wp\/v2\/pages\/17","targetHints":{"allow":["GET"]}}],"collection":[{"href":"https:\/\/3keys.com\/es\/wp-json\/wp\/v2\/pages"}],"about":[{"href":"https:\/\/3keys.com\/es\/wp-json\/wp\/v2\/types\/page"}],"author":[{"embeddable":true,"href":"https:\/\/3keys.com\/es\/wp-json\/wp\/v2\/users\/1"}],"replies":[{"embeddable":true,"href":"https:\/\/3keys.com\/es\/wp-json\/wp\/v2\/comments?post=17"}],"version-history":[{"count":23,"href":"https:\/\/3keys.com\/es\/wp-json\/wp\/v2\/pages\/17\/revisions"}],"predecessor-version":[{"id":3365,"href":"https:\/\/3keys.com\/es\/wp-json\/wp\/v2\/pages\/17\/revisions\/3365"}],"up":[{"embeddable":true,"href":"https:\/\/3keys.com\/es\/wp-json\/wp\/v2\/pages\/15"}],"wp:attachment":[{"href":"https:\/\/3keys.com\/es\/wp-json\/wp\/v2\/media?parent=17"}],"wp:term":[{"taxonomy":"category","embeddable":true,"href":"https:\/\/3keys.com\/es\/wp-json\/wp\/v2\/categories?post=17"},{"taxonomy":"post_tag","embeddable":true,"href":"https:\/\/3keys.com\/es\/wp-json\/wp\/v2\/tags?post=17"}],"curies":[{"name":"wp","href":"https:\/\/api.w.org\/{rel}","templated":true}]}}