{"id":2,"date":"2020-11-01T21:37:01","date_gmt":"2020-11-01T18:37:01","guid":{"rendered":"https:\/\/3keys.k2d.ru\/?page_id=2"},"modified":"2026-03-25T12:43:10","modified_gmt":"2026-03-25T09:43:10","slug":"home","status":"publish","type":"page","link":"https:\/\/3keys.com\/es\/","title":{"rendered":"P\u00e1gina Principal"},"content":{"rendered":"<p><\/p>\n<h1>3Keys &#8211; experto en Track&amp;Trace\u00a0<\/h1>\n<ul>\n<li>Digitalice su cadena de suministro con un experto en Track &amp; Trace.<\/li>\n<li>Proteja su marca de falsificaciones con tecnolog\u00eda de punta.<\/li>\n<li>Cumpla con las nuevas regulaciones de Track &amp; Trace de una manera m\u00e1s r\u00e1pida.<\/li>\n<\/ul>\n<h2>Qui\u00e9nes somos<\/h2>\n<p>3KEYS es una empresa de consultor\u00eda dedicada a la serializaci\u00f3n y Track &amp; Trace.<br \/>\nNosotros nos encargamos de la serializaci\u00f3n y Track &amp; Trace a nivel mundial y en todas las empresas del rubro industrias con un<br \/>\nenfoque independiente de proveedor.<\/p>\n<h2>Valor que aportamos<\/h2>\n<p>Definimos los procesos correctos y entregamos las soluciones adecuadas para asegurar la cadena de suministro de cualquier negocio. <br \/>\nEl resultado permite que la cadena de suministro sea transparente para su an\u00e1lisis y optimizaci\u00f3n. Garantizamos a nuestros clientes un f\u00e1cil acceso a la autenticidad y seguridad del producto en cumplimiento con las normativas del negocio.<\/p>\n<h2 class=\"benefits--title\"><span class=\"text\">Lo que nos hace especial<\/span><\/h2>\n<h3>Nivel Inigualable De Experiencia En T&amp;T<\/h3>\n<p>Somos uno de los equipos con m\u00e1s experiencia en el mercado de Track &amp; Trace. La mayor\u00eda de nuestros expertos cuentan con m\u00e1s de 15 a\u00f1os de experiencia en serializaci\u00f3n y Track &amp; Trace, aportando conocimientos profundos de las mejores pr\u00e1cticas en el manejo de la cadena de suministro, as\u00ed como una experiencia inigualable para abordar las necesidades regulatorias.<\/p>\n<h3>Registro De Seguimiento De Entregas Exitosas<\/h3>\n<p>Hemos culminado satisfactoriamente diversos proyectos muy desafiantes en industrias con estrictas regulaciones de trazabilidad (Track &amp; Trace), como Tabacaleras, Farmac\u00e9uticas, FMCG y Automotriz. Esta experiencia, junto con s\u00f3lidos conocimientos en consultor\u00eda nos permite encontrar y aplicar soluciones de optimizaci\u00f3n para cualquier industria compatibles con Track &amp; Trace, ya sea regulada o no regulada.<\/p>\n<h3>Experiencia De Extremo A Extremo<\/h3>\n<p>Nuestros clientes pueden delegar el proyecto completo, a 3Keys, como un proveedor integral, optimizando su funcionamiento y eficiencia, y pueden esperar la m\u00e1s alta calidad en la entrega.<\/p>\n<h3>Presencia Global<\/h3>\n<p>Nuestra presencia global en combinaci\u00f3n con el grupo m\u00e1s grande de consultores especializados en Track &amp; Trace, da como resultado un equipo con profundo conocimiento de los diversos requisitos\u00a0\u00a0 internacionales lo que nos pone en facultad de realizar trabajos con un enfoque y desarrollo de caracter\u00edsticas mixtas haci\u00e9ndonos altamente flexibles en la gesti\u00f3n de los recursos del proyecto, manteniendo la m\u00e1xima calidad en la entrega. La diversidad de nuestro equipo nos permite realizar proyectos con los recursos adecuados, las habilidades adecuadas a tasas muy competitivas.<\/p>\n<h3>Primer Acercamiento Al Cliente<\/h3>\n<p>Con 3KEYS garantizamos un proyecto autodirigido con los m\u00ednimos recursos internos necesarios para el seguimiento del proceso. Nos aseguramos de que todos los roles relevantes del proyecto cuenten con personal. Desde expertos t\u00e9cnicos, desarrolladores hasta los administradores de programas. Adem\u00e1s, 3KEYS proporciona soporte 24\/7 de segundo y tercer nivel en serializaci\u00f3n y Track &amp; Trace por parte de un equipo nearshore y offshore.<\/p>\n<p><\/p>","protected":false},"excerpt":{"rendered":"<p>3Keys &#8211; experto en Track&amp;Trace\u00a0 Digitalice su cadena de suministro con un experto en Track &amp; Trace. Proteja su marca de falsificaciones con tecnolog\u00eda de<\/p>\n","protected":false},"author":1,"featured_media":0,"parent":0,"menu_order":1,"comment_status":"closed","ping_status":"closed","template":"page_index.php","meta":{"inline_featured_image":false},"categories":[],"tags":[],"class_list":["post-2","page","type-page","status-publish","hentry"],"_links":{"self":[{"href":"https:\/\/3keys.com\/es\/wp-json\/wp\/v2\/pages\/2","targetHints":{"allow":["GET"]}}],"collection":[{"href":"https:\/\/3keys.com\/es\/wp-json\/wp\/v2\/pages"}],"about":[{"href":"https:\/\/3keys.com\/es\/wp-json\/wp\/v2\/types\/page"}],"author":[{"embeddable":true,"href":"https:\/\/3keys.com\/es\/wp-json\/wp\/v2\/users\/1"}],"replies":[{"embeddable":true,"href":"https:\/\/3keys.com\/es\/wp-json\/wp\/v2\/comments?post=2"}],"version-history":[{"count":88,"href":"https:\/\/3keys.com\/es\/wp-json\/wp\/v2\/pages\/2\/revisions"}],"predecessor-version":[{"id":5071,"href":"https:\/\/3keys.com\/es\/wp-json\/wp\/v2\/pages\/2\/revisions\/5071"}],"wp:attachment":[{"href":"https:\/\/3keys.com\/es\/wp-json\/wp\/v2\/media?parent=2"}],"wp:term":[{"taxonomy":"category","embeddable":true,"href":"https:\/\/3keys.com\/es\/wp-json\/wp\/v2\/categories?post=2"},{"taxonomy":"post_tag","embeddable":true,"href":"https:\/\/3keys.com\/es\/wp-json\/wp\/v2\/tags?post=2"}],"curies":[{"name":"wp","href":"https:\/\/api.w.org\/{rel}","templated":true}]}}