{"id":3448,"date":"2025-07-07T16:49:17","date_gmt":"2025-07-07T13:49:17","guid":{"rendered":"https:\/\/3keys.com\/?page_id=3448"},"modified":"2025-07-09T14:37:30","modified_gmt":"2025-07-09T11:37:30","slug":"food-us","status":"publish","type":"page","link":"https:\/\/3keys.com\/es\/expertise\/regulations\/food\/food-us\/","title":{"rendered":"Tabacalera (EU TPD)"},"content":{"rendered":"<p><\/p>\n<p>Mayo 2019: toda la UE se puso en marcha con la regulaci\u00f3n TPD, que es la regulaci\u00f3n m\u00e1s compleja relacionada con la serializaci\u00f3n y la trazabilidad jam\u00e1s experimentada por una industria. Todos los productos terminados de cigarrillos (FMC, RYO \/ MYO) deb\u00edan codificarse y seguirse y rastrearse a lo largo de la cadena de suministro hasta el \u00faltimo operador econ\u00f3mico antes de la venta minorista.<\/p>\n<p>Setiembre 2023: CMCT: +60 pa\u00edses de todo el mundo entrar\u00e1n en funcionamiento con una nueva regulaci\u00f3n del tabaco<\/p>\n<p>Mayo 2024: EUTPD para OTP (otros productos de tabaco: puros, tabaco de mascar, HnB), entrar\u00e1 en funcionamiento como la etapa final de TPD para todos los pa\u00edses de la UE Setiembre 2028: CMCT para OTP, para m\u00e1s de 60 pa\u00edses<\/p>\n<h2>Regulaciones europeas de T&amp;T para la industria tabacalera<\/h2>\n<div class=\"column\">\n<div class=\"regulations--scheme--number\">\n<h4 class=\"scheme--number--digit\">1.<\/h4>\n<div class=\"scheme--number--description\">\n<p>Los planes de producci\u00f3n designados determinan el n\u00famero de identificadores \u00fanicos. Los identificadores \u00fanicos se solicitan al emisor de identificaci\u00f3n del mercado de destino con un m\u00ednimo de 48 horas antes del inicio de producci\u00f3n.<\/p>\n<\/div>\n<\/div>\n<div class=\"regulations--scheme--number\">\n<h4 class=\"scheme--number--digit\">2.<\/h4>\n<div class=\"scheme--number--description\">\n<p>Estos c\u00f3digos DOT o Data Matrix se aplican a paquetes individuales. Los paquetes se colocan en exteriores; Los exteriores est\u00e1n codificados con un c\u00f3digo Data Matrix \u00fanico (solicitado o generado autom\u00e1ticamente). Los exteriores del \u201cmastercase\u201d tambi\u00e9n se codifican con c\u00f3digo 2D o lineal. Las cajas de pallets est\u00e1n codificadas por SSCC. Los c\u00f3digos est\u00e1n asociados en una estructura padre \/ hijo. Todos los c\u00f3digos se almacenan en un repositorio privado; luego se transfiere a un repositorio primario (uno por fabricante o importador) y a un repositorio secundario (uno para la industria).<\/p>\n<\/div>\n<\/div>\n<div class=\"regulations--scheme--number\">\n<h4 class=\"scheme--number--digit\">3.<\/h4>\n<div class=\"scheme--number--description\">\n<p>Los pallets se almacenan en WH (F\u00e1brica WH + Mercado WH). Cada evento en el almac\u00e9n (desembalaje, embalaje, destrucci\u00f3n, env\u00edos, devoluciones) tambi\u00e9n se registra mediante escaneo y se almacena en los tres repositorios mencionados anteriormente. Cada evento genera un mensaje EUTPD que ser\u00e1 validado. Solo con un reconocimiento positivo se pueden enviar los productos a la siguiente etapa. Este mensaje contiene toda la informaci\u00f3n sobre el producto (identificador \u00fanico, informaci\u00f3n de jerarqu\u00eda), informaci\u00f3n de transporte (matr\u00edcula, documentaci\u00f3n aduanera) y pedido. Estos mensajes deben enviarse dentro de un plazo de 24 horas antes del env\u00edo.<\/p>\n<\/div>\n<\/div>\n<\/div>\n<div class=\"column\">\n<div class=\"regulations--scheme--number\">\n<h4 class=\"scheme--number--digit\">4.<\/h4>\n<div class=\"scheme--number--description\">\n<p>Y para env\u00edo dentro de las 24 horas posteriores al evento. A continuaci\u00f3n, los productos se env\u00edan a distribuidores \/ 3PL \/ DSD.<\/p>\n<\/div>\n<\/div>\n<div class=\"regulations--scheme--number\">\n<h4 class=\"scheme--number--digit\">5.<\/h4>\n<div class=\"scheme--number--description\">\n<p>La informaci\u00f3n sobre facturas y pagos tambi\u00e9n se env\u00eda a los repositorios primario y secundario a trav\u00e9s de un flujo de informaci\u00f3n separado.<\/p>\n<\/div>\n<\/div>\n<div class=\"regulations--scheme--number\">\n<h4 class=\"scheme--number--digit\">6.<\/h4>\n<div class=\"scheme--number--description\">\n<p>La llegada del bien al distribuidor \/ 3PL \/ DSD debe registrarse mediante escaneo como con cualquier otro evento. Los mensajes EUTPD deben enviarse dentro de las 24 horas posteriores a la recepci\u00f3n.<\/p>\n<\/div>\n<\/div>\n<\/div>\n<div class=\"column\">\n<div class=\"regulations--scheme--number\">\n<h4 class=\"scheme--number--digit\">7.<\/h4>\n<div class=\"scheme--number--description\">\n<p>Los procesos y funcionalidades realizados por Mayoristas (\u201cX-Layer\u201d) se registran y transmiten al repositorio secundario a trav\u00e9s del Enrutador.<\/p>\n<\/div>\n<\/div>\n<div class=\"regulations--scheme--number\">\n<h4 class=\"scheme--number--digit\">8.<\/h4>\n<div class=\"scheme--number--description\">\n<p>Los productos finalmente se env\u00edan al primer punto de venta minorista, donde termina la trazabilidad.<\/p>\n<\/div>\n<\/div>\n<\/div>\n<p><\/p>","protected":false},"excerpt":{"rendered":"<p>Mayo 2019: toda la UE se puso en marcha con la regulaci\u00f3n TPD, que es la regulaci\u00f3n m\u00e1s compleja relacionada con la serializaci\u00f3n y la<\/p>\n","protected":false},"author":1,"featured_media":0,"parent":3446,"menu_order":2,"comment_status":"closed","ping_status":"closed","template":"page_regulations.php","meta":{"inline_featured_image":false},"categories":[22],"tags":[],"class_list":["post-3448","page","type-page","status-publish","hentry","category-usa"],"_links":{"self":[{"href":"https:\/\/3keys.com\/es\/wp-json\/wp\/v2\/pages\/3448","targetHints":{"allow":["GET"]}}],"collection":[{"href":"https:\/\/3keys.com\/es\/wp-json\/wp\/v2\/pages"}],"about":[{"href":"https:\/\/3keys.com\/es\/wp-json\/wp\/v2\/types\/page"}],"author":[{"embeddable":true,"href":"https:\/\/3keys.com\/es\/wp-json\/wp\/v2\/users\/1"}],"replies":[{"embeddable":true,"href":"https:\/\/3keys.com\/es\/wp-json\/wp\/v2\/comments?post=3448"}],"version-history":[{"count":21,"href":"https:\/\/3keys.com\/es\/wp-json\/wp\/v2\/pages\/3448\/revisions"}],"predecessor-version":[{"id":3481,"href":"https:\/\/3keys.com\/es\/wp-json\/wp\/v2\/pages\/3448\/revisions\/3481"}],"up":[{"embeddable":true,"href":"https:\/\/3keys.com\/es\/wp-json\/wp\/v2\/pages\/3446"}],"wp:attachment":[{"href":"https:\/\/3keys.com\/es\/wp-json\/wp\/v2\/media?parent=3448"}],"wp:term":[{"taxonomy":"category","embeddable":true,"href":"https:\/\/3keys.com\/es\/wp-json\/wp\/v2\/categories?post=3448"},{"taxonomy":"post_tag","embeddable":true,"href":"https:\/\/3keys.com\/es\/wp-json\/wp\/v2\/tags?post=3448"}],"curies":[{"name":"wp","href":"https:\/\/api.w.org\/{rel}","templated":true}]}}