{"id":7,"date":"2020-11-02T18:38:46","date_gmt":"2020-11-02T15:38:46","guid":{"rendered":"https:\/\/3keys.k2d.ru\/?page_id=7"},"modified":"2025-06-27T11:44:32","modified_gmt":"2025-06-27T08:44:32","slug":"expertise","status":"publish","type":"page","link":"https:\/\/3keys.com\/es\/expertise\/","title":{"rendered":"Experiencia"},"content":{"rendered":"<p><\/p>\n<h1>Experiencia<\/h1>\n<h2>SOMOS M\u00c1S QUE UNA COMPA\u00d1\u00cdA DE CONSULTOR\u00cdA TOP<\/h2>\n<p>La experiencia de nuestra empresa se manifiesta en tres \u00e1reas conectadas del negocio.<\/p>\n<h2>1. El negocio de la consultor\u00eda<\/h2>\n<p>Ayudamos a otras empresas a encontrar o desarrollar e implementar la soluci\u00f3n Track &amp; Trace correcta. Puede confiar en nosotros como especialistas o proveedores de soluciones independientes de la industria. Agregamos valor a nuevos clientes con la experiencia adquirida de las soluciones IT y Track &amp; Trace en mercados avanzados. Tenemos un conocimiento pionero \u00fanico en GBT: los proyectos con el m\u00e1s alto nivel de transparencia.<\/p>\n<h2>2. Desarrollo de productos<\/h2>\n<p>Creamos nuestros propios productos para Track &amp; Trace. Creamos estos productos utilizando tecnolog\u00edas con pedigr\u00ed, conocimiento profundo y experiencia de proyectos completados con \u00e9xito en todo el mundo.<\/p>\n<h3>3. Soporte<\/h3>\n<p>Los servicios de soporte de 3KEYS se proporcionan para cualquier soluci\u00f3n Track &amp; Trace utilizada en su empresa, ya sea por problemas operativos o de integraci\u00f3n con sistemas de l\u00ednea, socios externos, repositorios nacionales y otros sistemas externos.<\/p>\n<h2>EXPERIENCIA \u00daNICA PARA EL MERCADO RUSO<\/h2>\n<h3>En 3KEYS contamos con una amplia experiencia en T&amp;T Rusia obtenida de nuestros proyectos de integraci\u00f3n.<\/h3>\n<p>La legislaci\u00f3n rusa representa uno de los escenarios de cumplimiento entre industrias m\u00e1s complejas de Track &amp; Trace en el mundo. Y el conocimiento adquirido en el mercado ruso se aplica a un amplio espectro de proyectos de Track &amp; Trace. Como ejemplo, nuestro trabajo ruso se transform\u00f3 m\u00e1s tarde en uno de nuestros productos llamado \u00abConector 3KEYS\u00bb, que ahora tambi\u00e9n tiene \u00e9xito en Europa.<\/p>\n<p><\/p>","protected":false},"excerpt":{"rendered":"<p>Experiencia SOMOS M\u00c1S QUE UNA COMPA\u00d1\u00cdA DE CONSULTOR\u00cdA TOP La experiencia de nuestra empresa se manifiesta en tres \u00e1reas conectadas del negocio. 1. El negocio<\/p>\n","protected":false},"author":1,"featured_media":0,"parent":0,"menu_order":24,"comment_status":"closed","ping_status":"closed","template":"page_expertise.php","meta":{"inline_featured_image":false},"categories":[],"tags":[],"class_list":["post-7","page","type-page","status-publish","hentry"],"_links":{"self":[{"href":"https:\/\/3keys.com\/es\/wp-json\/wp\/v2\/pages\/7","targetHints":{"allow":["GET"]}}],"collection":[{"href":"https:\/\/3keys.com\/es\/wp-json\/wp\/v2\/pages"}],"about":[{"href":"https:\/\/3keys.com\/es\/wp-json\/wp\/v2\/types\/page"}],"author":[{"embeddable":true,"href":"https:\/\/3keys.com\/es\/wp-json\/wp\/v2\/users\/1"}],"replies":[{"embeddable":true,"href":"https:\/\/3keys.com\/es\/wp-json\/wp\/v2\/comments?post=7"}],"version-history":[{"count":14,"href":"https:\/\/3keys.com\/es\/wp-json\/wp\/v2\/pages\/7\/revisions"}],"predecessor-version":[{"id":2679,"href":"https:\/\/3keys.com\/es\/wp-json\/wp\/v2\/pages\/7\/revisions\/2679"}],"wp:attachment":[{"href":"https:\/\/3keys.com\/es\/wp-json\/wp\/v2\/media?parent=7"}],"wp:term":[{"taxonomy":"category","embeddable":true,"href":"https:\/\/3keys.com\/es\/wp-json\/wp\/v2\/categories?post=7"},{"taxonomy":"post_tag","embeddable":true,"href":"https:\/\/3keys.com\/es\/wp-json\/wp\/v2\/tags?post=7"}],"curies":[{"name":"wp","href":"https:\/\/api.w.org\/{rel}","templated":true}]}}