{"id":886,"date":"2021-04-30T12:36:37","date_gmt":"2021-04-30T09:36:37","guid":{"rendered":"https:\/\/3keys.com\/?page_id=886"},"modified":"2025-03-28T10:19:01","modified_gmt":"2025-03-28T07:19:01","slug":"cis-connector-for-sap-att","status":"publish","type":"page","link":"https:\/\/3keys.com\/es\/services-products\/cis-connector-for-sap-att\/","title":{"rendered":"3KEYS Connector CIS para SAP ATT"},"content":{"rendered":"<p><\/p>\n<div class=\"page_header\">\n<div class=\"content\">\n<h1 class=\"page_title\">CRPT Connector para SAP ATT<\/h1>\n<\/div>\n<\/div>\n<div class=\"connector_main\">\n<div class=\"content\">\n<div class=\"connector_main--text\">\n<div class=\"connector_main--description\">\n<p><strong>El conector CRPT es una soluci\u00f3n proporcionada por 3KEYS. El conector CRPT ayuda a las empresas a cumplir con los requisitos de presentaci\u00f3n de informes a las bases de datos federales rusas para medicamentos, tabaco, calzado, neum\u00e1ticos, productos de la industria ligera y tambi\u00e9n para las pr\u00f3ximas regulaciones, como agua, productos l\u00e1cteos y otros productos. <\/strong><\/p>\n<p>El conector CRPT est\u00e1 disponible tanto en las instalaciones como en la nube. El Conector es la combinaci\u00f3n de programas ABAP y Java previamente desarrollados, que se utilizan para transferir reportes de mensajes Rusos, digitalmente firmados, desde SAP ATTP \/ ATT al sistema CRPT, mediante una conexi\u00f3n segura. Adem\u00e1s, descarga los mensajes entrantes de CRPT y los reenv\u00eda a SAP ATTP \/ ATT para su posterior procesamiento y proporciona la supervisi\u00f3n de los mensajes entrantes y salientes. Aprenda a cumplir con las regulaciones rusas para Track and Trace utilizando el conector CRPT de 3KEYS: \u00a1la soluci\u00f3n probada!<\/p>\n<\/div>\n<p><a class=\"download_doc\" href=\"https:\/\/3keys.com\/wp-content\/uploads\/2020\/12\/3Keys-CRPT.pdf\" target=\"_blank\" rel=\"noopener noreferrer\">WHITE PAPER<\/a><\/div>\n<div class=\"connector_main--logo\">\u00a0<\/div>\n<\/div>\n<\/div>\n<div class=\"connector_detail bg\">\n<div class=\"connector_description connector_description__top\">\n<div class=\"content\">\n<div class=\"connector_description_item\">\n<div class=\"connector_description_item\">\n<h2 class=\"connector_description_item--title\">\u00bfPOR QU\u00c9 SE NECESITA EL CONECTOR?<\/h2>\n<div class=\"connector_description_item--description\">El paquete de SAP ATTP 3.0 para Rusia permite generar informes en formatos XML \/ JSON y cargarlos autom\u00e1ticamente a un archivo compartido o enviarlos a los sistemas GIS despu\u00e9s de la aprobaci\u00f3n manual y firma digital aplicada localmente. El conector 3Keys permite bidireccionar (entrante y saliente) entre los sistemas SAP ATT y GIS MT, IS MDLP, IS MOTP en modo automatizado sin instalar software de firma digital en las m\u00e1quinas de los usuarios.<\/div>\n<\/div>\n<div class=\"connector_description_item\">\n<h2 class=\"connector_description_item--title\">\u00bfC\u00d3MO SE UTILIZAR\u00c1 EL CONECTOR?<\/h2>\n<div class=\"connector_description_item--description\">El conector CRPT se instalar\u00e1 en SAP ATT como est\u00e1ndar de implementaci\u00f3n de c\u00f3digo ABAP pre-entregado ATT BADIs. Los BADI llaman a los componentes de Java que luego se utilizan para comunicarse con el SIG. Los BADI llaman a los extremos HTTP del componente Java, que a su vez se comunica con los sistemas GIS. Viceversa, el c\u00f3digo ABAP implementa un conjunto de m\u00f3dulos de funci\u00f3n que luego se exponen como puntos finales HTTP desde ATT y se llaman desde el componente Java para notificaciones push y actualizar los estados de los informes. El componente Java del conector proporciona conectividad GOST TLS con las API IS MDLP y GIS MT, se integra con la biblioteca CryptoPro JCP para admitir firmas digitales y habilitar el sondeo de las API de GIS para los mensajes entrantes.<\/div>\n<\/div>\n<\/div>\n<\/div>\n<\/div>\n<div class=\"connector_func_and_security\">\n<div class=\"content\">\n<div class=\"connector_functionality\">\n<h2 class=\"connector_functionality--title\">3KEYS CRPT Connector para SAP ATT proporciona la siguiente funcionalidad:<\/h2>\n<div class=\"connector_functionality--description\">\n<ul>\n<li>Implementa la capa de autenticaci\u00f3n y comunicaci\u00f3n con todas las funciones, caracter\u00edsticas de seguridad (documento, firma, autenticaci\u00f3n basada en certificado) requerida por CRPT.<\/li>\n<li>Proporciona la funcionalidad de firma digital GOST a trav\u00e9s de la biblioteca CryptoPro u otro criptogr\u00e1fico certificado.<\/li>\n<li>Provee firma digital autom\u00e1tica de pedidos de c\u00f3digos criptogr\u00e1ficos a OMS (industrias no farmac\u00e9uticas)<\/li>\n<li>Env\u00ede autom\u00e1ticamente informes de ATT a las API de GIS.<\/li>\n<li>Proporciona conexi\u00f3n GOST TLS.<\/li>\n<li>Sondeo de sistemas GIS para procesar el estado de los informes salientes enviados.<\/li>\n<li>Sondea los sistemas GIS en busca de nuevos mensajes entrantes (notificaciones 6xx) y descargarlos en ATT<\/li>\n<li>Transacci\u00f3n ATT para monitorear mensajes entrantes y salientes<\/li>\n<\/ul>\n<h3>El conector en la nube tambi\u00e9n proporciona:<\/h3>\n<ul>\n<li>Middleware como servicio para conectar SAP ATT con OMS, GIS MT, IS MDLP y MOTP<\/li>\n<li>Nube alojada en Rusia (Yandex Cloud) para proporcionar el cumplimiento total de la firma electr\u00f3nica de GOST (la versi\u00f3n en la nube)<\/li>\n<\/ul>\n<\/div>\n<\/div>\n<div class=\"card connector_security\">\n<div class=\"card--caption\">\n<h2 class=\"card--name\">SEGURIDAD<\/h2>\n<\/div>\n<div class=\"card--description\">\n<ul>\n<li>La soluci\u00f3n est\u00e1 asegurada, probada y GxP validada por una empresa profesional independiente externa.<\/li>\n<li>Se ha demostrado que no existe la posibilidad de eludir la lista de control de acceso y obtener acceso no autorizado al API para los clientes leg\u00edtimos de Connector Cloud.<\/li>\n<li>El nivel de seguridad general se ha evaluado como alto.<\/li>\n<li>El software adicional del lado del cliente (como SAP PO) y mecanismos de seguridad (Gateways, Firewalls, Proxies) se pueden utilizar.<\/li>\n<\/ul>\n<div class=\"connector_description_item\">\n<h2 class=\"connector_description_item--title\">\u00bfC\u00d3MO SE VALIDA EL CONECTOR?<\/h2>\n<div class=\"connector_description_item--description\">El conector 3KEYS CRPT se desarrolla de acuerdo con las mejores pr\u00e1cticas del sistema computarizado de validaci\u00f3n (CSV).<\/div>\n<\/div>\n<div class=\"connector_description_item\">\n<h2 class=\"connector_description_item--title\">\u00bfC\u00d3MO MIGRAR DE CONNECTOR AL EST\u00c1NDAR SAP SI ES NECESARIO?<\/h2>\n<div class=\"connector_description_item--description\">El conector 3KEYS CRPT proporciona par\u00e1metros que se pueden configurar como activos o inactivos en cualquier momento sin realizar cambios en el c\u00f3digo.\u00a0Esto permite a los clientes volver al est\u00e1ndar SAP y desactivar la implementaci\u00f3n del conector sin programaci\u00f3n.<\/div>\n<\/div>\n<\/div>\n<\/div>\n<\/div>\n<\/div>\n<\/div>\n<p><\/p>","protected":false},"excerpt":{"rendered":"<p>CRPT Connector para SAP ATT El conector CRPT es una soluci\u00f3n proporcionada por 3KEYS. El conector CRPT ayuda a las empresas a cumplir con los<\/p>\n","protected":false},"author":1,"featured_media":0,"parent":15,"menu_order":2,"comment_status":"closed","ping_status":"closed","template":"page_connector.php","meta":{"inline_featured_image":false},"categories":[],"tags":[],"class_list":["post-886","page","type-page","status-publish","hentry"],"_links":{"self":[{"href":"https:\/\/3keys.com\/es\/wp-json\/wp\/v2\/pages\/886","targetHints":{"allow":["GET"]}}],"collection":[{"href":"https:\/\/3keys.com\/es\/wp-json\/wp\/v2\/pages"}],"about":[{"href":"https:\/\/3keys.com\/es\/wp-json\/wp\/v2\/types\/page"}],"author":[{"embeddable":true,"href":"https:\/\/3keys.com\/es\/wp-json\/wp\/v2\/users\/1"}],"replies":[{"embeddable":true,"href":"https:\/\/3keys.com\/es\/wp-json\/wp\/v2\/comments?post=886"}],"version-history":[{"count":54,"href":"https:\/\/3keys.com\/es\/wp-json\/wp\/v2\/pages\/886\/revisions"}],"predecessor-version":[{"id":3348,"href":"https:\/\/3keys.com\/es\/wp-json\/wp\/v2\/pages\/886\/revisions\/3348"}],"up":[{"embeddable":true,"href":"https:\/\/3keys.com\/es\/wp-json\/wp\/v2\/pages\/15"}],"wp:attachment":[{"href":"https:\/\/3keys.com\/es\/wp-json\/wp\/v2\/media?parent=886"}],"wp:term":[{"taxonomy":"category","embeddable":true,"href":"https:\/\/3keys.com\/es\/wp-json\/wp\/v2\/categories?post=886"},{"taxonomy":"post_tag","embeddable":true,"href":"https:\/\/3keys.com\/es\/wp-json\/wp\/v2\/tags?post=886"}],"curies":[{"name":"wp","href":"https:\/\/api.w.org\/{rel}","templated":true}]}}