{"id":893,"date":"2021-04-30T13:54:20","date_gmt":"2021-04-30T10:54:20","guid":{"rendered":"https:\/\/3keys.com\/?page_id=893"},"modified":"2025-03-31T12:59:34","modified_gmt":"2025-03-31T09:59:34","slug":"sap-att-and-gbt","status":"publish","type":"page","link":"https:\/\/3keys.com\/es\/services-products\/sap-att-and-gbt\/","title":{"rendered":"SAP ATT &#038; GBT"},"content":{"rendered":"<p><\/p>\n<h1>SAP ATT &amp; GBT<\/h1>\n<h2>SAP ADVANCED TRACK AND TRACE (SAP ATT \/ SAP ATTP)<\/h2>\n<p>SAP es el l\u00edder del mercado en software de aplicaciones empresariales, y ayuda a las empresas de todos los tama\u00f1os y en todas las industrias a funcionar al m\u00e1ximo.<\/p>\n<p>SAP ATT es una soluci\u00f3n dise\u00f1ada por SAP para proteger su negocio y cumplir con los requisitos espec\u00edficos de cada pa\u00eds para la serializaci\u00f3n de medicamentos y otras regulaciones que cambian r\u00e1pidamente mientras maneja grandes vol\u00famenes de datos con inteligencia.<\/p>\n<p>SAP ATT proporciona un repositorio de serializaci\u00f3n corporativo, gesti\u00f3n de n\u00fameros de serie y capacidades de informes normativos.<\/p>\n<p>&nbsp;<\/p>\n<h3>\u00a0\u00bfPor qu\u00e9 recomendamos SAP Advanced Track and Trace?<\/h3>\n<h4>INTEGRACI\u00d3N ACTUALIZADA CON REGULADORES<\/h4>\n<p>\u00a0Admite la integraci\u00f3n actualizada con sistemas regulatorios cuyos requisitos pueden cambiar.<\/p>\n<h4>INTEGRACI\u00d3N EFICIENTE DE LA SERIALIZACI\u00d3N<\/h4>\n<p>Integraci\u00f3n efectiva de la serializaci\u00f3n en los procesos comerciales actuales y el ecosistema comercial: integraci\u00f3n de datos maestros, operaciones de almac\u00e9n, socios log\u00edsticos, etc.<\/p>\n<h4>\u00a0CONTROL EFICIENTE DE BIG DATA<\/h4>\n<p>\u00a0Mantener una alta velocidad de procesamiento independientemente de la cantidad de n\u00fameros de serie es uno de las tareas m\u00e1s importantes.<\/p>\n<p>&nbsp;<\/p>\n<h3>Funciones de SAP ATT<\/h3>\n<h4>Informes de cumplimiento<\/h4>\n<p>Interfaces y paquetes de informes locales preconfigurados, incluido el cumplimiento por parte Rusos con los requerimientos del Ministerio de Industria y Comercio.<\/p>\n<h4>Repositorio global de n\u00fameros de serie<\/h4>\n<ul>\n<li>Manejo de eventos en formato EPCIS o PML<\/li>\n<li>Ver informes de eventos por n\u00famero de serie<\/li>\n<li>Soporte GS1: n\u00facleo EPCIS 1.1, vocabulario comercial EPCIS, Tag Data Standard 1.9<\/li>\n<\/ul>\n<h4>Integraci\u00f3n efectiva de procesos comerciales<\/h4>\n<ul>\n<li>Integraci\u00f3n con transacciones en ERP, WMS y l\u00edneas de empaque.<\/li>\n<li>Kit de herramientas para la integraci\u00f3n con la funcionalidad WM en SAP ERP<\/li>\n<li>Kit de herramientas para la integraci\u00f3n con SAP EWM.<\/li>\n<\/ul>\n<h4>\u00a0Gesti\u00f3n de rangos de n\u00fameros globales<\/h4>\n<ul>\n<li>Soluci\u00f3n completa para la gesti\u00f3n de n\u00fameros de serie.<\/li>\n<li>Gesti\u00f3n tanto de rangos como de n\u00fameros individuales.<\/li>\n<li>Generador de n\u00fameros de serie aleatorios incorporado.<\/li>\n<\/ul>\n<h4>Trazabilidad<\/h4>\n<ul>\n<li>Productos, lotes, eventos y documentos de transacciones serializados.<\/li>\n<li>Ver la jerarqu\u00eda de objetos (agregaciones).<\/li>\n<li>Mensajes para informes gubernamentales y para enviar a las contrapartes<\/li>\n<li>Control de autorizaci\u00f3n de objetos.<\/li>\n<\/ul>\n<p>&nbsp;<\/p>\n<h3>Beneficios de SAP ATT<\/h3>\n<h4>Integraci\u00f3n perfecta<\/h4>\n<p>Si ya tiene productos SAP ERP, SAP EWM, S \/ 4HANA, la integraci\u00f3n con operaciones log\u00edsticas es inmediata.\u00a0Si tiene otro ERP \/ WMS (Oracle, 1C, Microsoft) la integraci\u00f3n se realiza de manera comprensible utilizando servicios web.<\/p>\n<h4>Paquete de funciones de terminal\u00a0<\/h4>\n<p>Un paquete de funciones para incorporar la funcionalidad de serializaci\u00f3n en aplicaciones existentes en el terminal.<\/p>\n<h4>Escalado efectivo<\/h4>\n<p>Escalabilidad de la soluci\u00f3n para diferentes categor\u00edas de productos y entidades legales.\u00a0<\/p>\n<h4>Sistema aut\u00f3nomo<\/h4>\n<p>No hay carga adicional en el sistema ERP.\u00a0Toda la informaci\u00f3n de serializaci\u00f3n se almacena en ATT, no es necesario cambios en el ERP.<\/p>\n<h4>Alto rendimiento\u00a0<\/h4>\n<p>Mantener una alta productividad de las operaciones del almac\u00e9n durante la validaci\u00f3n de la marca.\u00a0Flexible gesti\u00f3n del dr\u00e1stico aumento de la cantidad de n\u00fameros de serie.\u00a0Procesamiento de alta velocidad en cualquier cantidad de datos.<\/p>\n<h4>Cumplimiento de requisitos legales<\/h4>\n<p>Notificaci\u00f3n de cambios en el estado de los productos serializados.\u00a0<\/p>\n<h4>Cumplimiento de GxP<\/h4>\n<p>Cumplimiento de los requisitos legales para la validaci\u00f3n de sistemas inform\u00e1ticos para la industrias farmac\u00e9utica y alimentaria.<\/p>\n<h4>Trazabilidad completa<\/h4>\n<p>Seguimiento del ciclo de vida completo de una etiqueta desde la solicitud del c\u00f3digo hasta la venta.<\/p>\n<h4>Comprobaci\u00f3n del estado del n\u00famero de serie<\/h4>\n<p>La capacidad de verificar el estado del n\u00famero de serie en l\u00ednea antes de realizar una operaci\u00f3n log\u00edstica.<\/p>\n<p>&nbsp;<\/p>\n<h2>GBT (Global Batch Tracebility)<\/h2>\n<p>GBT (Global Batch Tracebility) establece una genealog\u00eda completa de productos a trav\u00e9s de sistemas desde el origen de las materias primas a trav\u00e9s de la producci\u00f3n hasta la distribuci\u00f3n de los productos terminados.<\/p>\n<p>Hoy en d\u00eda, GBT es un nicho de mercado y solo existen unos pocos expertos en todo el mundo. 3KEYS GmbH tiene un conocimiento y una experiencia pionera y \u00fanica en la implementaci\u00f3n de SAP Global Batch Traceability al poder rastrear completamente los lotes en sentido ascendente y descendente de GBT, lo que garantiza el cumplimiento oportuno de los plazos de presentaci\u00f3n de informes legales y proporciona una mayor comprensi\u00f3n de los flujos de la cadena de suministro de las empresas.<\/p>\n<p>&nbsp;<\/p>\n<p><\/p>","protected":false},"excerpt":{"rendered":"<p>SAP ATT &amp; GBT SAP ADVANCED TRACK AND TRACE (SAP ATT \/ SAP ATTP) SAP es el l\u00edder del mercado en software de aplicaciones empresariales,<\/p>\n","protected":false},"author":1,"featured_media":0,"parent":15,"menu_order":1,"comment_status":"closed","ping_status":"closed","template":"page_sap.php","meta":{"inline_featured_image":false},"categories":[],"tags":[],"class_list":["post-893","page","type-page","status-publish","hentry"],"_links":{"self":[{"href":"https:\/\/3keys.com\/es\/wp-json\/wp\/v2\/pages\/893","targetHints":{"allow":["GET"]}}],"collection":[{"href":"https:\/\/3keys.com\/es\/wp-json\/wp\/v2\/pages"}],"about":[{"href":"https:\/\/3keys.com\/es\/wp-json\/wp\/v2\/types\/page"}],"author":[{"embeddable":true,"href":"https:\/\/3keys.com\/es\/wp-json\/wp\/v2\/users\/1"}],"replies":[{"embeddable":true,"href":"https:\/\/3keys.com\/es\/wp-json\/wp\/v2\/comments?post=893"}],"version-history":[{"count":21,"href":"https:\/\/3keys.com\/es\/wp-json\/wp\/v2\/pages\/893\/revisions"}],"predecessor-version":[{"id":3356,"href":"https:\/\/3keys.com\/es\/wp-json\/wp\/v2\/pages\/893\/revisions\/3356"}],"up":[{"embeddable":true,"href":"https:\/\/3keys.com\/es\/wp-json\/wp\/v2\/pages\/15"}],"wp:attachment":[{"href":"https:\/\/3keys.com\/es\/wp-json\/wp\/v2\/media?parent=893"}],"wp:term":[{"taxonomy":"category","embeddable":true,"href":"https:\/\/3keys.com\/es\/wp-json\/wp\/v2\/categories?post=893"},{"taxonomy":"post_tag","embeddable":true,"href":"https:\/\/3keys.com\/es\/wp-json\/wp\/v2\/tags?post=893"}],"curies":[{"name":"wp","href":"https:\/\/api.w.org\/{rel}","templated":true}]}}