{"id":9,"date":"2020-11-02T18:39:12","date_gmt":"2020-11-02T15:39:12","guid":{"rendered":"https:\/\/3keys.k2d.ru\/?page_id=9"},"modified":"2024-07-12T15:28:27","modified_gmt":"2024-07-12T12:28:27","slug":"project-delivery","status":"publish","type":"page","link":"https:\/\/3keys.com\/es\/expertise\/project-delivery\/","title":{"rendered":"Entrega de Proyectos"},"content":{"rendered":"<p><\/p>\n<h1>Entrega de Proyectos<\/h1>\n<h2>ENFOQUE DE ENTREGA CON EQUIPO MIXTO<\/h2>\n<p>Esto reduce significativamente los costos de proyecto de Track &amp; Trace manteniendo la calidad al m\u00e1s alto nivel.<\/p>\n<h3>Equipo Central<\/h3>\n<p>Este equipo est\u00e1 formado por muy experimentos Consultores Funcionales Senior, Solution Architects Senior y Solution Owners, de diferentes parts del mundo. Estos recursos comparten el conocimiento clave a trav\u00e9s de proyectos, recopilan la experiencia de la compa\u00f1\u00eda \u00a0y tratan con clientes. Son los mejore en Track &amp; Trace a nivel global.<\/p>\n<h3>Equipo Nearshore<\/h3>\n<p>Miembros funcionales experimentados con un record perfecto de entrega de proyectos de Track &amp; Trace, tienen su sede principalmente en Europa del Este y Rusia. Este equipo se encarga de proyectos locales y globales con los m\u00e1s altos standards.<\/p>\n<h3>Equipo Offshore<\/h3>\n<p>Este equipo principalmente de soporte al equipo nearshore is est\u00e1 orientado en proyectos locales en la regi\u00f3n Asia Pac\u00edfico. La regi\u00f3n es altamente competitiva debido a la profesionalidad de nuestros recursos y a nuestra presencia nativa, que nos permite contratar a lo mejor de lo mejor.<\/p>\n<h2>Entrega de proyecto<\/h2>\n<p>3KEYS puede entregar el proyecto de principio a fin y tambi\u00e9n puede abordar la fase espec\u00edfica del proyecto de forma individual. Nuestros especialistas est\u00e1n capacitados para desempe\u00f1arse bajo diferentes metodolog\u00edas de entrega de proyectos: Waterfall, Agile o Mixed.<\/p>\n<h2>Escalabilidad<\/h2>\n<p>3Keys es capaz de ajustar de manera flexible el n\u00famero de recursos de acuerdo a la necesidad del cliente. Mantener el conocimiento dentro de la organizaci\u00f3n del cliente, es una prioridad.<\/p>\n<p><\/p>","protected":false},"excerpt":{"rendered":"<p>Entrega de Proyectos ENFOQUE DE ENTREGA CON EQUIPO MIXTO Esto reduce significativamente los costos de proyecto de Track &amp; Trace manteniendo la calidad al m\u00e1s<\/p>\n","protected":false},"author":1,"featured_media":0,"parent":7,"menu_order":6,"comment_status":"closed","ping_status":"closed","template":"page_project_delivery.php","meta":{"inline_featured_image":false},"categories":[],"tags":[],"class_list":["post-9","page","type-page","status-publish","hentry"],"_links":{"self":[{"href":"https:\/\/3keys.com\/es\/wp-json\/wp\/v2\/pages\/9","targetHints":{"allow":["GET"]}}],"collection":[{"href":"https:\/\/3keys.com\/es\/wp-json\/wp\/v2\/pages"}],"about":[{"href":"https:\/\/3keys.com\/es\/wp-json\/wp\/v2\/types\/page"}],"author":[{"embeddable":true,"href":"https:\/\/3keys.com\/es\/wp-json\/wp\/v2\/users\/1"}],"replies":[{"embeddable":true,"href":"https:\/\/3keys.com\/es\/wp-json\/wp\/v2\/comments?post=9"}],"version-history":[{"count":18,"href":"https:\/\/3keys.com\/es\/wp-json\/wp\/v2\/pages\/9\/revisions"}],"predecessor-version":[{"id":2681,"href":"https:\/\/3keys.com\/es\/wp-json\/wp\/v2\/pages\/9\/revisions\/2681"}],"up":[{"embeddable":true,"href":"https:\/\/3keys.com\/es\/wp-json\/wp\/v2\/pages\/7"}],"wp:attachment":[{"href":"https:\/\/3keys.com\/es\/wp-json\/wp\/v2\/media?parent=9"}],"wp:term":[{"taxonomy":"category","embeddable":true,"href":"https:\/\/3keys.com\/es\/wp-json\/wp\/v2\/categories?post=9"},{"taxonomy":"post_tag","embeddable":true,"href":"https:\/\/3keys.com\/es\/wp-json\/wp\/v2\/tags?post=9"}],"curies":[{"name":"wp","href":"https:\/\/api.w.org\/{rel}","templated":true}]}}