{"id":901,"date":"2021-04-30T15:04:51","date_gmt":"2021-04-30T12:04:51","guid":{"rendered":"https:\/\/3keys.com\/?page_id=901"},"modified":"2025-03-28T10:03:18","modified_gmt":"2025-03-28T07:03:18","slug":"kvinta","status":"publish","type":"page","link":"https:\/\/3keys.com\/es\/services-products\/kvinta\/","title":{"rendered":"Soluci\u00f3n Kvinta T&#038;T SaaS"},"content":{"rendered":"<p><\/p>\n<div class=\"kvinta_main\">\n<div class=\"content\">\n<div class=\"v-right__kvinta_main\">\n<div class=\"kvinta_main--intro\">\n<div class=\"kvinta_main\">\n<div class=\"content\">\n<div class=\"v-right__kvinta_main\">\n<div class=\"kvinta_main--intro\">\n<h1><strong>KVINTA<\/strong><\/h1>\n<p><strong>Kvinta es una nueva soluci\u00f3n SaaS independiente de plataforma<\/strong> de reconocidos expertos de la industria. Kvinta aborda las necesidades de trazabilidad y serializaci\u00f3n de las empresas en toda la cadena de suministro.<\/p>\n<\/div>\n<\/div>\n<div class=\"v-left__kvinta_main\">\n<p>Con una alta personalizaci\u00f3n y funciones anal\u00edticas avanzadas, Kvinta ayuda a las empresas a cumplir con las regulaciones de Track &amp; Trace, luchar contra la falsificaci\u00f3n de productos y el comercio ilegal.<\/p>\n<p>La soluci\u00f3n est\u00e1 dise\u00f1ada para conectar a todas las entidades involucradas para permitir una digitalizaci\u00f3n eficiente, transparencia y trazabilidad de extremo a extremo en toda la cadena de suministro.<\/p>\n<p>La nube KVINTA sirve como una soluci\u00f3n de Nivel 4 \u0422 &amp; T, ofreciendo un repositorio central para n\u00fameros de serie, eventos e informes de cumplimiento listos para usar en diferentes mercados y legislaciones.<\/p>\n<\/div>\n<\/div>\n<\/div>\n<div class=\"kvinta_detail bg\">\n<div class=\"triangle_decor_top middle\"><a class=\"download_doc\" href=\"https:\/\/3keys.com\/wp-content\/uploads\/2021\/01\/WP-Kvinta-6.pdf\" target=\"_blank\" rel=\"noopener noreferrer\">WHITE PAPER<\/a><\/div>\n<div class=\"triangle_decor_top big_light\">\u00a0<\/div>\n<div class=\"kvinta--scheme\">\n<div class=\"content\">\n<div class=\"product__block\">\u00a0<\/div>\n<\/div>\n<\/div>\n<div class=\"kvinta_detail--description\">\n<div class=\"content\">\n<div class=\"kvinta_description--items\">\n<div class=\"card kvinta_description_item\">\n<div class=\"card--description\">\n<h2>Por qu\u00e9 recomendamos Kvint\u0430<\/h2>\n<h3>FLEXIBILIDAD DE PR\u00d3XIMA GENERACI\u00d3N<\/h3>\n<p>Kvinta se basa en la tecnolog\u00eda patentada que le da flexibilidad sin precedente al proceso de implementaci\u00f3n.\u00a0La soluci\u00f3n est\u00e1 dise\u00f1ada para proporcionar un enfoque de combinaci\u00f3n y combinaci\u00f3n: puede incluir l\u00f3gica espec\u00edfica del cliente y cambiar el dise\u00f1o de la soluci\u00f3n a medida en el futuro.\u00a0Esta tecnolog\u00eda patentada permite el despliegue de la funcionalidad que su empresa necesita actualmente, lo que reducecostos de mantenimiento, infraestructura en la nube y pruebas de regresi\u00f3n.\u00a0Este enfoque se aplica a cualquier plataforma en la nube en la que Kvinta puede ejecutarse como una soluci\u00f3n de un solo inquilino \/ multi-inquilino.<\/p>\n<h3>RENDIMIENTO DE PR\u00d3XIMA GENERACI\u00d3N<\/h3>\n<p>Kvinta puede equilibrar autom\u00e1ticamente la carga del sistema para todas sus operaciones de tiempo cr\u00edtico, incluidos los proceso de validaci\u00f3n, mapeo de datos, informes y otros.\u00a0Esto aporta un valor al control total de los datos que es imprescindible para una soluci\u00f3n de T&amp;T.\u00a0El paquete completo de tecnolog\u00edas y los conceptos integrados de escalabilidad permite a Kvinta ser una soluci\u00f3n de alto rendimiento.<\/p>\n<h3>SOLUCI\u00d3N M\u00d3VIL DE PR\u00d3XIMA GENERACI\u00d3N<\/h3>\n<p>Kvinta es un SaaS con una potente soluci\u00f3n m\u00f3vil incorporada que est\u00e1 disponible en versiones est\u00e1ndar (Android y IOS).\u00a0La gesti\u00f3n de dispositivos est\u00e1 incluida en la soluci\u00f3n.\u00a0Con eso puedes agregar sin problemas partes externas a su aplicaci\u00f3n, por ejemplo, permitir que los proveedores o empresas asociadas se integren con Kvinta sin ning\u00fan esfuerzo adicional.\u00a0La soluci\u00f3n m\u00f3vil admite ubicaciones y \u00e1reas con red de cobertura limitada utilizando las capacidades fuera de l\u00ednea de Kvinta.\u00a0Tecnolog\u00edas modernas como el reconocimiento de voz y la retroalimentaci\u00f3n llevan la conveniencia operativa al siguiente nivel.<\/p>\n<h3>ESCALABILIDAD DE PR\u00d3XIMA GENERACI\u00d3N<\/h3>\n<p>En la realidad moderna que cambia r\u00e1pidamente, la escalabilidad es crucial para ser competitivo.\u00a0La eficiencia del almacenamiento de datos junto con el procesamiento de datos distribuidos es la clave de Kvinta para escalar.\u00a0Permite automaticamente escalar la capacidad de procesamiento del sistema hacia arriba | hacia abajo de acuerdo con las demandas de los clientes en t\u00e9rminos de volumen de datos y despliegue nuevas funcionalidades sin afectar los tiempos de inactividad.<\/p>\n<h3>EXPERIENCIA DE PR\u00d3XIMA GENERACI\u00d3N<\/h3>\n<p>Kvinta tiene un enfoque especial en los \u00faltimos est\u00e1ndares de UX y brinda un uso intuitivo para cada uno de los roles aplicados: operaciones manuales a trav\u00e9s de la soluci\u00f3n m\u00f3vil en el almac\u00e9n o anal\u00edtica y de informes a trav\u00e9s de portal en la oficina.<\/p>\n<h3>AN\u00c1LISIS DE PR\u00d3XIMA GENERACI\u00d3N<\/h3>\n<p>Kvinta es capaz de consolidar m\u00faltiples niveles de datos relevantes para el negocio: datos de eventos de T&amp;T m\u00e1s datos comerciales adicionales de otras fuentes.\u00a0Eso hace que Kvinta sea un centro de datos para T&amp;T reportes relevante, para informes avanzados de log\u00edstica, ventas y marketing, e incluso para reconstruir y analizar los procesos de negocio utilizando tecnolog\u00eda de miner\u00eda de procesos.<\/p>\n<p>&nbsp;<\/p>\n<h2>Caracter\u00edsticas de Kvinta<\/h2>\n<h3>Repositorio de T&amp;T con todas las funciones<\/h3>\n<p>Todos los datos de seguimiento y rastreo que se capturan durante la producci\u00f3n y el movimiento del producto a trav\u00e9s de la cadena de suministro se almacena en un repositorio Track &amp; Trace.\u00a0Un repositorio Track &amp; Trace contiene todas las reglas elevantes para respaldar los procesos comerciales, garantiza la integridad de los datos y proporciona las herramientas necesarias para la integraci\u00f3n con partes externas as\u00ed como con sistemas internos de back-end.<\/p>\n<h3>Amplia capacidad de an\u00e1lisis<\/h3>\n<p>Los datos operativos valiosos pueden ser extra\u00eddos peri\u00f3dicos o en tiempo real del repositorio de T&amp;T Kvinta para realizar cualquier tipo de an\u00e1lisis para respaldar las decisiones comerciales del cliente.<\/p>\n<h3>Capacidades de reporte enriquecidas<\/h3>\n<p>Kvinta proporciona una gran variedad de informes predefinidos y tambi\u00e9n una forma f\u00e1cil de dise\u00f1ar su sus propios formatos para minimizar el esfuerzo de presentaci\u00f3n de informes.<\/p>\n<h3>Soluci\u00f3n m\u00f3vil con todas las funciones<\/h3>\n<p>El escaneo m\u00f3vil es una parte fundamental de la soluci\u00f3n T&amp;T.\u00a0Es necesario para que los operadores puedan capturar y enviar los datos de T&amp;T\u00a0 al Repositorio de T&amp;T.\u00a0Kvinta utiliza esta tarea dentro del sistema de una manera amigable.<\/p>\n<h3>Gesti\u00f3n de liberaci\u00f3n<\/h3>\n<p>La flexible y robusta gesti\u00f3n de liberaci\u00f3n permite la implementaci\u00f3n perfecta de nuevas funcionalidades solicitada por el negocio de los clientes.<\/p>\n<h3>Tecnolog\u00eda de IA<\/h3>\n<p>La detecci\u00f3n proactiva de problemas en la cadena de suministro y la fabricaci\u00f3n permite a las empresas reducir los riesgos operacionales y aumentar el nivel de cumplimiento.<\/p>\n<h3>Reconocimiento por voz y control de voz<\/h3>\n<p>La soluci\u00f3n Kvinta es capaz no solo de reconocer su voz sino tambi\u00e9n de operar el sistema a trav\u00e9s de voz.\u00a0Esto puede ser un gran beneficio en entornos industriales dif\u00edciles.<\/p>\n<h3>Est\u00e1ndares globales de soporte<\/h3>\n<p>Kvinta es compatible con los est\u00e1ndares globales utilizados para la codificaci\u00f3n y la transmisi\u00f3n de datos, como el soporte de datos GS1, GS1-128 o GS1 DataMatrix, y los est\u00e1ndares EPCIS de las versiones 1.2 y 2.0, pero no limitado para garantizar una integraci\u00f3n fluida en el panorama de procesos y sistemas del Cliente.<\/p>\n<h3>M\u00e1ximo rendimiento del sistema<\/h3>\n<p>Una arquitectura de sistema de vanguardia permite a Kvinta ofrecer un sistema convincente y eficiente rendimiento del sistema para evitar un impacto en las operaciones.<\/p>\n<h3>Independencia de la plataforma en la nube<\/h3>\n<p>Kvinta es independiente de cualquier plataforma en la nube en particular y de esta forma ampliar la elecci\u00f3n de la plataforma por parte del cliente y agregar flexibilidad a la soluci\u00f3n.<\/p>\n<p>&nbsp;<\/p>\n<h2>Beneficios de Kvinta<\/h2>\n<h3>M\u00e1ximo rendimiento y escalabilidad<\/h3>\n<p>La nube de Kvinta y sus aplicaciones m\u00f3viles se implementan en un estilo reactivo sin bloqueo, brindando la mejor garant\u00eda de latencia y rendimiento.\u00a0Nuestras canalizaci\u00f3n de datos est\u00e1 dise\u00f1ada para recibir millones de mensajes por hora.\u00a0La nube de Kvinta puede escalar hacia arriba y hacia abajo seg\u00fan la demanda.<\/p>\n<h3>Soluci\u00f3n m\u00f3vil totalmente integrada<\/h3>\n<p>Kvinta proporciona una soluci\u00f3n m\u00f3vil con todas las funciones, cambiando sin problemas entre operaciones en l\u00ednea y fuera de l\u00ednea para entornos con mala conectividad.\u00a0Nuestro sistema de gesti\u00f3n de dispositivos permite gestionar de manera\u00a0 de dirigida y fiable la aplicaci\u00f3n m\u00f3vil.<\/p>\n<h3>Anal\u00edtica avanzada y observabilidad<\/h3>\n<p>Kvinta utiliza inteligencia artificial\u00a0 en el aprendizaje autom\u00e1tico para la detecci\u00f3n y resoluci\u00f3n de problemas, detecci\u00f3n de anomal\u00edas y para la activaci\u00f3n de alarma inteligente.\u00a0La soluci\u00f3n es capaz de gestionar el proceso de retirada de productos de forma ajustada y evaluaci\u00f3n de la eficiencia de los socios de la cadena de suministro.<\/p>\n<h3>Disponibilidad 24\/7<\/h3>\n<p>La soluci\u00f3n es compatible las 24 horas del d\u00eda, los 7 d\u00edas de la semana, sin excepciones. La redundancia inherente integrada en el dise\u00f1o del servicio sin estado de la nube Kvinta, que es distribuida y sincronizada en m\u00faltiples regiones geogr\u00e1ficas, significa que incluso en el caso de un evento de gran escala con infraestructura de Internet global subyacente, la nube de Kvinta permanecer\u00e1 accesible a nuestra clientela.<\/p>\n<h3>Seguridad de alta gama<\/h3>\n<p>Todos los datos del cliente est\u00e1n cifrados en flight y en rest.\u00a0Los flujos de trabajo adicionales de Blockchain permiten un nivel de seguridad a\u00fan mayor.<\/p>\n<h3>Modelo de precios rentable<\/h3>\n<p>Un modelo de precios altamente competitivo varias veces m\u00e1s asequible que las soluciones m\u00e1s destacadas actualmente en el mercado debido a la arquitectura flexible de la soluci\u00f3n.<\/p>\n<h3>Integraci\u00f3n vers\u00e1til<\/h3>\n<p>Kvinta act\u00faa como una plataforma de integraci\u00f3n central y puede conectarse con software de soluciones interno y externo.\u00a0Kvinta se integra de forma inmediata con las principales bases de datos en la nube (tanto SQL como noSQL), sistemas de gesti\u00f3n y control de accesos.\u00a0(LDAP, POSIX, SAML).<\/p>\n<h3>Fiabilidad superior<\/h3>\n<p>Cada servicio de datos en la nube de Kvinta tiene un factor de redundancia de al menos tres.\u00a0Cada bit de datos del cliente se replica entre tres zonas de disponibilidad.\u00a0Kvinta ejecuta un amplio conjunto de pruebas de integraci\u00f3n antes de cualquier\u00a0 ctualizaci\u00f3n, y apoyamos a nuestros clientes para que incluyan sus escenarios de prueba tanto\u00a0 funcionales como regresiones de desempe\u00f1o.<\/p>\n<h3>Control de datos<\/h3>\n<p>Un motor de validaci\u00f3n hace posible la coherencia, junto con la visibilidad del portal de seguimiento.\u00a0El aprendizaje autom\u00e1tico adicional genera validaciones adicionales de eventos que podr\u00eda no haber sido identificados como cr\u00edticos por una empresa.<\/p>\n<\/div>\n<\/div>\n<\/div>\n<\/div>\n<\/div>\n<\/div>\n<\/div>\n<\/div>\n<\/div>\n<\/div>\n<p><\/p>","protected":false},"excerpt":{"rendered":"<p>KVINTA Kvinta es una nueva soluci\u00f3n SaaS independiente de plataforma de reconocidos expertos de la industria. Kvinta aborda las necesidades de trazabilidad y serializaci\u00f3n de<\/p>\n","protected":false},"author":1,"featured_media":0,"parent":15,"menu_order":0,"comment_status":"closed","ping_status":"closed","template":"page_kvinta.php","meta":{"inline_featured_image":false},"categories":[],"tags":[],"class_list":["post-901","page","type-page","status-publish","hentry"],"_links":{"self":[{"href":"https:\/\/3keys.com\/es\/wp-json\/wp\/v2\/pages\/901","targetHints":{"allow":["GET"]}}],"collection":[{"href":"https:\/\/3keys.com\/es\/wp-json\/wp\/v2\/pages"}],"about":[{"href":"https:\/\/3keys.com\/es\/wp-json\/wp\/v2\/types\/page"}],"author":[{"embeddable":true,"href":"https:\/\/3keys.com\/es\/wp-json\/wp\/v2\/users\/1"}],"replies":[{"embeddable":true,"href":"https:\/\/3keys.com\/es\/wp-json\/wp\/v2\/comments?post=901"}],"version-history":[{"count":50,"href":"https:\/\/3keys.com\/es\/wp-json\/wp\/v2\/pages\/901\/revisions"}],"predecessor-version":[{"id":3345,"href":"https:\/\/3keys.com\/es\/wp-json\/wp\/v2\/pages\/901\/revisions\/3345"}],"up":[{"embeddable":true,"href":"https:\/\/3keys.com\/es\/wp-json\/wp\/v2\/pages\/15"}],"wp:attachment":[{"href":"https:\/\/3keys.com\/es\/wp-json\/wp\/v2\/media?parent=901"}],"wp:term":[{"taxonomy":"category","embeddable":true,"href":"https:\/\/3keys.com\/es\/wp-json\/wp\/v2\/categories?post=901"},{"taxonomy":"post_tag","embeddable":true,"href":"https:\/\/3keys.com\/es\/wp-json\/wp\/v2\/tags?post=901"}],"curies":[{"name":"wp","href":"https:\/\/api.w.org\/{rel}","templated":true}]}}