{"id":11,"date":"2020-11-02T18:39:29","date_gmt":"2020-11-02T15:39:29","guid":{"rendered":"https:\/\/3keys.k2d.ru\/?page_id=11"},"modified":"2024-10-11T13:09:14","modified_gmt":"2024-10-11T10:09:14","slug":"team","status":"publish","type":"page","link":"https:\/\/3keys.com\/pt\/expertise\/team\/","title":{"rendered":"Equipe"},"content":{"rendered":"<p><\/p>\n<h1>Equipe<\/h1>\n<p><strong>Contamos com uma equipe de mais de 100 profissionais<\/strong> de confian\u00e7a que conhecem o ramo de Track &amp; Trace. Eles podem resolver os problemas dos clientes de diferentes \u00e2ngulos, oferecer os melhores servi\u00e7os do mercado e construir relacionamentos de confian\u00e7a com nossos valiosos clientes.<\/p>\n<h2>Fundadores<\/h2>\n<h3 class=\"team--member--name\">STEPAN LIALINE<\/h3>\n<div class=\"team--member--description\">\n<p>Montar uma equipe \u00e9 como minerar ouro. Reunimos uma equipe de talentos de v\u00e1rias partes do mundo. Especialistas e profissionais seniores e alguns juniores em desenvolvimento. Tenho muito orgulho de cada um deles.<\/p>\n<h3 class=\"team--member--name\">PHILIPP KOEHLER<\/h3>\n<div class=\"team--member--description\">\n<p>A individualidade e abordagem \u00fanica de trabalho de cada membro da equipe cria um ambiente de trabalho colaborativo e inclusivo na 3KEYS. Al\u00e9m disso, a estrutura organizacional horizontal, o ambiente multicultural e a abordagem de entrega de equipe mista nos permitem reagir muito rapidamente \u00e0s exig\u00eancias do cliente e apresentar as melhores solu\u00e7\u00f5es.<\/p>\n<h3 class=\"team--member--name\">PAVEL KANSKOV<\/h3>\n<div class=\"team--member--description\">\n<p>Os membros da nossa equipe possuem ampla experi\u00eancia em Serializa\u00e7\u00e3o e Track &amp; Trace com um conhecimento profundo das pr\u00e1ticas da cadeia de suprimentos, o que permite aplicar as melhores pr\u00e1ticas e padr\u00f5es da ind\u00fastria, bem como possibilitar decis\u00f5es comerciais eficientes.<\/p>\n<h2>Parceiros<\/h2>\n<div class=\"team--member partner\">\n<h3 class=\"team--member--name\">ARJUN JAITLY<\/h3>\n<div class=\"team--member--position\">S\u00f3cio-Gerente do Departamento de Consultoria<\/div>\n<\/div>\n<div class=\"team--member partner\">\n<h3 class=\"team--member--name\">JOSE ANTONIO SALAZAR<\/h3>\n<div class=\"team--member--position\">Diretor de Desenvolvimento de Neg\u00f3cios<\/div>\n<\/div>\n<div class=\"team--member partner\">\n<h3 class=\"team--member--name\">ULRICH SCHILD<\/h3>\n<div class=\"team--member--position\">Diretor de Vendas<\/div>\n<\/div>\n<div class=\"team--member partner\">\n<h3 class=\"team--member--name\">OLIVER HUNCKEL<\/h3>\n<div class=\"team--member--position\">Diretor Financeiro e de RH<\/div>\n<\/div>\n<div class=\"team--member partner\">\n<h3 class=\"team--member--name\">ISHWAR SANADI<\/h3>\n<div class=\"team--member--position\">Lideran\u00e7a de Entrega<\/div>\n<\/div>\n<div class=\"team--member partner\">\n<h3 class=\"team--member--name\">MARK HAAKSMA<\/h3>\n<div class=\"team--member--position\">Dono do Produto de T&amp;T<\/div>\n<\/div>\n<div class=\"team--member partner\">\n<h3 class=\"team--member--name\">ALEXEY IVANCHENKO<\/h3>\n<div class=\"team--member--position\">Especialista S\u00eanior do Setor de Serializa\u00e7\u00e3o e T&amp;T<\/div>\n<\/div>\n<\/div>\n<\/div>\n<\/div>\n<p>&nbsp;<\/p>\n<p><\/p>","protected":false},"excerpt":{"rendered":"<p>Equipe Contamos com uma equipe de mais de 100 profissionais de confian\u00e7a que conhecem o ramo de Track &amp; Trace. Eles podem resolver os problemas<\/p>\n","protected":false},"author":1,"featured_media":0,"parent":7,"menu_order":7,"comment_status":"closed","ping_status":"closed","template":"page_team.php","meta":{"inline_featured_image":false},"categories":[],"tags":[],"class_list":["post-11","page","type-page","status-publish","hentry"],"_links":{"self":[{"href":"https:\/\/3keys.com\/pt\/wp-json\/wp\/v2\/pages\/11","targetHints":{"allow":["GET"]}}],"collection":[{"href":"https:\/\/3keys.com\/pt\/wp-json\/wp\/v2\/pages"}],"about":[{"href":"https:\/\/3keys.com\/pt\/wp-json\/wp\/v2\/types\/page"}],"author":[{"embeddable":true,"href":"https:\/\/3keys.com\/pt\/wp-json\/wp\/v2\/users\/1"}],"replies":[{"embeddable":true,"href":"https:\/\/3keys.com\/pt\/wp-json\/wp\/v2\/comments?post=11"}],"version-history":[{"count":26,"href":"https:\/\/3keys.com\/pt\/wp-json\/wp\/v2\/pages\/11\/revisions"}],"predecessor-version":[{"id":3039,"href":"https:\/\/3keys.com\/pt\/wp-json\/wp\/v2\/pages\/11\/revisions\/3039"}],"up":[{"embeddable":true,"href":"https:\/\/3keys.com\/pt\/wp-json\/wp\/v2\/pages\/7"}],"wp:attachment":[{"href":"https:\/\/3keys.com\/pt\/wp-json\/wp\/v2\/media?parent=11"}],"wp:term":[{"taxonomy":"category","embeddable":true,"href":"https:\/\/3keys.com\/pt\/wp-json\/wp\/v2\/categories?post=11"},{"taxonomy":"post_tag","embeddable":true,"href":"https:\/\/3keys.com\/pt\/wp-json\/wp\/v2\/tags?post=11"}],"curies":[{"name":"wp","href":"https:\/\/api.w.org\/{rel}","templated":true}]}}