{"id":1297,"date":"2022-03-23T11:45:34","date_gmt":"2022-03-23T08:45:34","guid":{"rendered":"https:\/\/3keys.com\/?page_id=1297"},"modified":"2025-04-29T09:41:23","modified_gmt":"2025-04-29T06:41:23","slug":"zero-phase","status":"publish","type":"page","link":"https:\/\/3keys.com\/pt\/services-products\/zero-phase\/","title":{"rendered":"ZERO PHASE"},"content":{"rendered":"<p><\/p>\n<p>ZERO PHASE \u00e9 um produto de consultoria independente que se foca nos passos, quest\u00f5es e desafios mais importantes que as empresas enfrentam. ZERO PHASE permite-lhe minimizar os riscos logo desde o in\u00edcio do projeto. O nosso produto \u00e9 interessante para importadores, distribuidores, produtores e outras empresas que enfrentam a serializa\u00e7\u00e3o e rastreabilidade (T&amp;T).<br \/>Como resultado a sua empresa estar\u00e1 preparada para a escolha certa dos parceiros de projeto e do pr\u00f3prio projeto T&amp;T.<\/p>\n<p><\/p>","protected":false},"excerpt":{"rendered":"<p>ZERO PHASE \u00e9 um produto de consultoria independente que se foca nos passos, quest\u00f5es e desafios mais importantes que as empresas enfrentam. ZERO PHASE permite-lhe<\/p>\n","protected":false},"author":1,"featured_media":0,"parent":15,"menu_order":0,"comment_status":"closed","ping_status":"closed","template":"page_zero_phase.php","meta":{"inline_featured_image":false},"categories":[],"tags":[],"class_list":["post-1297","page","type-page","status-publish","hentry"],"_links":{"self":[{"href":"https:\/\/3keys.com\/pt\/wp-json\/wp\/v2\/pages\/1297","targetHints":{"allow":["GET"]}}],"collection":[{"href":"https:\/\/3keys.com\/pt\/wp-json\/wp\/v2\/pages"}],"about":[{"href":"https:\/\/3keys.com\/pt\/wp-json\/wp\/v2\/types\/page"}],"author":[{"embeddable":true,"href":"https:\/\/3keys.com\/pt\/wp-json\/wp\/v2\/users\/1"}],"replies":[{"embeddable":true,"href":"https:\/\/3keys.com\/pt\/wp-json\/wp\/v2\/comments?post=1297"}],"version-history":[{"count":20,"href":"https:\/\/3keys.com\/pt\/wp-json\/wp\/v2\/pages\/1297\/revisions"}],"predecessor-version":[{"id":3367,"href":"https:\/\/3keys.com\/pt\/wp-json\/wp\/v2\/pages\/1297\/revisions\/3367"}],"up":[{"embeddable":true,"href":"https:\/\/3keys.com\/pt\/wp-json\/wp\/v2\/pages\/15"}],"wp:attachment":[{"href":"https:\/\/3keys.com\/pt\/wp-json\/wp\/v2\/media?parent=1297"}],"wp:term":[{"taxonomy":"category","embeddable":true,"href":"https:\/\/3keys.com\/pt\/wp-json\/wp\/v2\/categories?post=1297"},{"taxonomy":"post_tag","embeddable":true,"href":"https:\/\/3keys.com\/pt\/wp-json\/wp\/v2\/tags?post=1297"}],"curies":[{"name":"wp","href":"https:\/\/api.w.org\/{rel}","templated":true}]}}