{"id":13,"date":"2020-11-02T18:39:44","date_gmt":"2020-11-02T15:39:44","guid":{"rendered":"https:\/\/3keys.k2d.ru\/?page_id=13"},"modified":"2023-08-09T12:03:04","modified_gmt":"2023-08-09T09:03:04","slug":"regulations","status":"publish","type":"page","link":"https:\/\/3keys.com\/pt\/expertise\/regulations\/","title":{"rendered":"Normas"},"content":{"rendered":"<p><\/p>\n<h1 class=\"regulations_index--title\">Normas<\/h1>\n<div class=\"regulations_index--description\">\n<p>As especifica\u00e7\u00f5es de Track &amp; Trace das ind\u00fastrias diferem significativamente, sem mencionar as normas legais de v\u00e1rios pa\u00edses. Os especialistas da 3KEYS s\u00e3o bem experientes em ambas. Nossa equipe implementa com sucesso projetos de qualquer complexidade em v\u00e1rias partes do mundo, levando em considera\u00e7\u00e3o suas necessidades e as da ind\u00fastria, bem como os requisitos legais. Aqui voc\u00ea encontra as principais caracter\u00edsticas da regula\u00e7\u00e3o em diferentes mercados.<\/p>\n<h2 class=\"regulations--item--title\"><a href=\"https:\/\/3keys.com\/pt\/expertise\/regulations\/pharma\/supply-chain\/\">Farmac\u00eautico (R\u00fassia)<\/a><\/h2>\n<h2 class=\"regulations--item--title\"><a href=\"https:\/\/3keys.com\/pt\/expertise\/regulations\/pharma\/brazil\/\">Farmac\u00eautico (Brasil)<\/a><\/h2>\n<h2 class=\"regulations--item--title\"><a href=\"https:\/\/3keys.com\/pt\/expertise\/regulations\/tobacco\/track-trace\/\">Tabaco<\/a><\/h2>\n<h2 class=\"regulations--item--title\"><a href=\"https:\/\/3keys.com\/pt\/expertise\/regulations\/bottled-water\/track-trace\/\">\u00c1gua engarrafada<\/a><\/h2>\n<h2 class=\"regulations--item--title\"><a href=\"https:\/\/3keys.com\/pt\/expertise\/regulations\/dairy\/track-trace\/\">Latic\u00ednios<\/a><\/h2>\n<h2 class=\"regulations--item--title\"><a href=\"https:\/\/3keys.com\/pt\/expertise\/regulations\/beer\/track-trace\/\">Cervejeiro<\/a><\/h2>\n<\/div>\n<p><\/p>","protected":false},"excerpt":{"rendered":"<p>Normas As especifica\u00e7\u00f5es de Track &amp; Trace das ind\u00fastrias diferem significativamente, sem mencionar as normas legais de v\u00e1rios pa\u00edses. Os especialistas da 3KEYS s\u00e3o bem<\/p>\n","protected":false},"author":1,"featured_media":0,"parent":7,"menu_order":8,"comment_status":"closed","ping_status":"closed","template":"page_regulations_index.php","meta":{"inline_featured_image":false},"categories":[],"tags":[],"class_list":["post-13","page","type-page","status-publish","hentry"],"_links":{"self":[{"href":"https:\/\/3keys.com\/pt\/wp-json\/wp\/v2\/pages\/13","targetHints":{"allow":["GET"]}}],"collection":[{"href":"https:\/\/3keys.com\/pt\/wp-json\/wp\/v2\/pages"}],"about":[{"href":"https:\/\/3keys.com\/pt\/wp-json\/wp\/v2\/types\/page"}],"author":[{"embeddable":true,"href":"https:\/\/3keys.com\/pt\/wp-json\/wp\/v2\/users\/1"}],"replies":[{"embeddable":true,"href":"https:\/\/3keys.com\/pt\/wp-json\/wp\/v2\/comments?post=13"}],"version-history":[{"count":15,"href":"https:\/\/3keys.com\/pt\/wp-json\/wp\/v2\/pages\/13\/revisions"}],"predecessor-version":[{"id":1812,"href":"https:\/\/3keys.com\/pt\/wp-json\/wp\/v2\/pages\/13\/revisions\/1812"}],"up":[{"embeddable":true,"href":"https:\/\/3keys.com\/pt\/wp-json\/wp\/v2\/pages\/7"}],"wp:attachment":[{"href":"https:\/\/3keys.com\/pt\/wp-json\/wp\/v2\/media?parent=13"}],"wp:term":[{"taxonomy":"category","embeddable":true,"href":"https:\/\/3keys.com\/pt\/wp-json\/wp\/v2\/categories?post=13"},{"taxonomy":"post_tag","embeddable":true,"href":"https:\/\/3keys.com\/pt\/wp-json\/wp\/v2\/tags?post=13"}],"curies":[{"name":"wp","href":"https:\/\/api.w.org\/{rel}","templated":true}]}}