{"id":147,"date":"2020-11-06T10:26:04","date_gmt":"2020-11-06T07:26:04","guid":{"rendered":"https:\/\/3keys.k2d.ru\/?page_id=147"},"modified":"2023-08-29T22:56:36","modified_gmt":"2023-08-29T19:56:36","slug":"track-trace","status":"publish","type":"page","link":"https:\/\/3keys.com\/pt\/expertise\/regulations\/dairy\/track-trace\/","title":{"rendered":"Latic\u00ednios"},"content":{"rendered":"<p><\/p>\n<h1 class=\"regulations--item--title\">Latic\u00ednios<\/h1>\n<p><strong>20 de janeiro de 2021 \u2014 in\u00edcio da serializa\u00e7\u00e3o para latic\u00ednios.<\/strong><\/p>\n<p>Fabricantes, importadores, atacadistas e varejistas podem serializar voluntariamente, introduzir no mercado e registrar a venda de latic\u00ednios ao consumidor final atrav\u00e9s do registro de POS.<\/p>\n<p><strong>1\u00ba de junho de 2021 \u2013 serializa\u00e7\u00e3o obrigat\u00f3ria para sorvetes e queijos.<\/strong><\/p>\n<p>Os fabricantes de queijos e sorvetes devem estar cadastrados no sistema Chestny Znak e devem descrever seus produtos no Cat\u00e1logo Nacional. Nesse momento, os processos para solicita\u00e7\u00e3o e pagamento dos c\u00f3digos, bem como a aplica\u00e7\u00e3o do c\u00f3digo na embalagem e a introdu\u00e7\u00e3o no mercado, incluindo o relat\u00f3rio, devem estar totalmente implementados.<\/p>\n<p><strong>1\u00ba de setembro de 2021 \u2013 serializa\u00e7\u00e3o obrigat\u00f3ria para outros latic\u00ednios com prazo de validade superior a 40 dias.<\/strong><\/p>\n<p>Os fabricantes de latic\u00ednios com prazo de validade superior a 40 dias devem estar cadastrados no sistema Chestny Znak e devem descrever seus produtos no Cat\u00e1logo Nacionalnyy. Nesse momento, os processos para solicita\u00e7\u00e3o e pagamento dos c\u00f3digos, bem como a aplica\u00e7\u00e3o do c\u00f3digo na embalagem e a introdu\u00e7\u00e3o no mercado, incluindo o relat\u00f3rio, devem estar totalmente implementados.<\/p>\n<p><strong>1\u00ba de dezembro de 2021 \u2013 serializa\u00e7\u00e3o obrigat\u00f3ria para outros latic\u00ednios com prazo de validade inferior a 40 dias.<\/strong><\/p>\n<p>Os fabricantes de latic\u00ednios com prazo de validade inferior a 40 dias devem estar cadastrados no sistema Chestny Znak e devem descrever seus produtos no Cat\u00e1logo Nacional. Nesse momento, os processos para solicita\u00e7\u00e3o e pagamento dos c\u00f3digos, bem como a aplica\u00e7\u00e3o do c\u00f3digo na embalagem e a introdu\u00e7\u00e3o no mercado, incluindo o relat\u00f3rio, devem estar totalmente implementados.<\/p>\n<p><strong>20 de janeiro de 2022 \u2013 relat\u00f3rio obrigat\u00f3rio de informa\u00e7\u00f5es de vendas de latic\u00ednios com prazo de validade inferior a 40 dias.<\/strong><\/p>\n<p>As lojas de varejo que vendem quaisquer latic\u00ednios devem come\u00e7ar a escanear os c\u00f3digos e devem informar o volume de vendas ao sistema GIS MT por meio de registros. Nesse momento, os processos de vendas devem ser testados, os scanners 2D devem estar dispon\u00edveis nas caixas registradoras e o software da caixa registradora deve ser atualizado, caso necess\u00e1rio.<\/p>\n<p><strong>1 de junho de 2022 \u2013 relat\u00f3rio obrigat\u00f3rio de informa\u00e7\u00f5es de vendas de latic\u00ednios com prazo de validade superior a 40 dias.<\/strong><\/p>\n<p>As lojas de varejo que vendem quaisquer latic\u00ednios devem come\u00e7ar a escanear os c\u00f3digos e devem informar o volume de vendas ao sistema GIS MT por meio de registros. Nesse momento, os processos de vendas devem ser testados, os scanners 2D devem estar dispon\u00edveis nas caixas registradoras e o software da caixa registradora deve ser atualizado, caso necess\u00e1rio.<\/p>\n<p><strong>1\u00ba de setembro de 2022 \u2013 a contabiliza\u00e7\u00e3o de volumes e artigos ser\u00e1 introduzida no atacado e no varejo.<\/strong><\/p>\n<p>Fabricantes, importadores, atacadistas e varejistas precisam utilizar o fluxo de documentos eletr\u00f4nicos, bem como trocar as informa\u00e7\u00f5es com o sistema CRPT sobre os lotes de mercadorias (informa\u00e7\u00f5es sobre o produto e a quantidade de mercadorias despachadas), sem especificar os c\u00f3digos que est\u00e3o sendo movimentados entre eles.<\/p>\n<p><strong>1\u00ba de setembro de 2022 \u2013 a retirada de produtos deve ser registrada.<\/strong><\/p>\n<p>Todos os participantes devem informar o sistema CRPT sobre a retirada de um produto de circula\u00e7\u00e3o por quaisquer motivos que n\u00e3o sejam as vendas (o produto e a quantidade retirados sem especificar os c\u00f3digos de serializa\u00e7\u00e3o).<\/p>\n<p><strong>1\u00ba de dezembro de 2022 &#8211; serializa\u00e7\u00e3o obrigat\u00f3ria para os agricultores na venda atrav\u00e9s de seus pr\u00f3prios PDVs e vendas diretas<\/strong>.<\/p>\n<p>Os fabricantes que vendem seus produtos diretamente ao consumidor final devem estar cadastrados no sistema Chestny Znak e devem descrever seus produtos no cat\u00e1logo Nacional. Nesse momento, os processos para solicita\u00e7\u00e3o e pagamento dos c\u00f3digos, bem como a aplica\u00e7\u00e3o do c\u00f3digo na embalagem e a introdu\u00e7\u00e3o no mercado, incluindo o relat\u00f3rio, devem estar totalmente implementados.<\/p>\n<p><strong>1\u00ba de dezembro de 2023 \u2013 para unidade de Latic\u00ednios com prazo de validade superior a 40 dias.<\/strong><\/p>\n<p>Fabricantes, importadores, atacadistas e varejistas, desde ent\u00e3o, precisam informar os dados de cada unidade de Latic\u00ednios com prazo de validade superior a 40 dias para a unidade de sistema CRPT por meio do fluxo eletr\u00f4nico de documentos.<\/p>\n<p><strong>1\u00ba de dezembro de 2023 \u2013 para unidade de Latic\u00ednios com prazo de validade inferior a 40 dias.<\/strong><\/p>\n<p>Todos os participantes devem informar o sistema CRPT sobre a retirada de um produto de circula\u00e7\u00e3o por quaisquer motivos que n\u00e3o sejam as vendas (o produto e a quantidade retirados, incluindo os c\u00f3digos de serializa\u00e7\u00e3o).<\/p>\n<div class=\"regulations--scheme--title\">\n<div class=\"content\">\n<h2>\u00a0Normas russas de T&amp;T para o mercado de latic\u00ednios<\/h2>\n<\/div>\n<\/div>\n<div class=\"regulations--scheme\">\n<div class=\"column\">\n<div class=\"regulations--scheme--number\">\n<div class=\"scheme--number--digit\">1. O FGIS Mercury \u00e9 o sistema de certifica\u00e7\u00e3o veterin\u00e1ria estatal que rastreia a movimenta\u00e7\u00e3o dos lotes dos produtos controlados da fazenda para o estoque. \u00c9 integrado ao GIS MT e deve ser fornecido um n\u00famero de certificado veterin\u00e1rio v\u00e1lido da mat\u00e9ria-prima inicial. Isso \u00e9 necess\u00e1rio ao introduzir no mercado um latic\u00ednio serializado em embalagens para o consumidor.<\/div>\n<\/div>\n<div class=\"regulations--scheme--number\">\n<div class=\"scheme--number--digit\">2. O fabricante faz um pedido de n\u00fameros de s\u00e9rie \u00fanicos com c\u00f3digos criptogr\u00e1ficos para cada item comercial produzido (SKU) com base no plano de produ\u00e7\u00e3o. Os n\u00fameros de s\u00e9rie e c\u00f3digos criptogr\u00e1ficos s\u00e3o emitidos pelo sistema OMS CRPT. O fabricante pode escolher entre a etiquetagem direta (e receber de volta os n\u00fameros de s\u00e9rie do OMS) ou pode especificar uma gr\u00e1fica como prestadora de servi\u00e7os, caso em que os n\u00fameros de s\u00e9rie ser\u00e3o recuperados diretamente pela gr\u00e1fica atrav\u00e9s do sistema MCDN e pr\u00e9-impressos como c\u00f3digos DataMatrix no material de embalagem.<\/div>\n<\/div>\n<div class=\"regulations--scheme--number\">\n<div class=\"scheme--number--digit\">3. No caso de etiquetagem direta, esses n\u00fameros de s\u00e9rie s\u00e3o codificados em c\u00f3digos DataMatrix e aplicados a embalagens de consumo individuais durante a produ\u00e7\u00e3o. A outra alternativa \u00e9 utilizar os c\u00f3digos DataMatrix pr\u00e9-impressos para embalagem. Este processo torna o produto final serializado. As embalagens s\u00e3o colocadas em caixas e outras formas de cont\u00eaineres para depois serem agregadas em paletes. Cada n\u00edvel de um cont\u00eainer \u00e9 etiquetado com um SSCC \u00fanico de c\u00f3digos GS1-128 atribu\u00eddos pelo fabricante. Os c\u00f3digos s\u00e3o associados numa estrutura pai\/filho.<\/div>\n<\/div>\n<div class=\"regulations--scheme--number\">\n<div class=\"scheme--number--digit\">4. Cada c\u00f3digo aplicado e a estrutura hier\u00e1rquica s\u00e3o armazenados no reposit\u00f3rio privado. Em seguida, s\u00e3o informados aos sistemas OMS e GIS MT, juntamente com outros atributos, como data de validade.<\/div>\n<\/div>\n<\/div>\n<div class=\"column\">\n<div class=\"regulations--scheme--number\">\n<div class=\"scheme--number--digit\">5. Ap\u00f3s o t\u00e9rmino da produ\u00e7\u00e3o de um lote e do procedimento de controle de qualidade, as embalagens serializadas s\u00e3o informadas ao GIS MT como dispon\u00edveis para posterior venda. Para latic\u00ednios, o n\u00famero do certificado veterin\u00e1rio do GIS Mercury \u00e9 inclu\u00eddo na notifica\u00e7\u00e3o.<\/div>\n<\/div>\n<div class=\"regulations--scheme--number\">\n<div class=\"scheme--number--digit\">6. Em qualquer ponto da cadeia de suprimentos, a agrega\u00e7\u00e3o do produto pode mudar. Quando isso acontece, isso \u00e9 refletido no reposit\u00f3rio e informado ao GIS MT. Da mesma forma, os produtos podem ser cancelados por v\u00e1rios motivos, como danos, vencimento, faltas, etc.<\/div>\n<\/div>\n<div class=\"regulations--scheme--number\">\n<div class=\"scheme--number--digit\">7. Depois que as mercadorias serializadas s\u00e3o embaladas em caixas e paletes, elas s\u00e3o despachadas do fabricante para o pr\u00f3ximo parceiro da cadeia de suprimentos. Os c\u00f3digos \u00fanicos de cada cont\u00eainer serializado s\u00e3o lidos e inclu\u00eddos num Documento de Transfer\u00eancia Universal (UTD).<\/div>\n<\/div>\n<div class=\"regulations--scheme--number\">\n<div class=\"scheme--number--digit\">8. O UTD \u00e9 enviado a uma empresa de EDI certificada, que \u00e9 ent\u00e3o encaminhado ao destinat\u00e1rio da remessa.<\/div>\n<\/div>\n<\/div>\n<div class=\"column\">\n<div class=\"regulations--scheme--number\">\n<div class=\"scheme--number--digit\">9. Ao receber uma remessa serializada, o atacadista faz a leitura do c\u00f3digo de cada cont\u00eainer serializado para compar\u00e1-lo ao UTD de chegada. Quaisquer discrep\u00e2ncias s\u00e3o resolvidas atrav\u00e9s de outros documentos de EDI, como o UCD. Assim que o UTD \u00e9 assinado eletronicamente pelo destinat\u00e1rio, ocorre a mudan\u00e7a de propriedade. Por \u00faltimo, a informa\u00e7\u00e3o \u00e9 enviada ao GIS MT.<\/div>\n<\/div>\n<div class=\"regulations--scheme--number\">\n<div class=\"scheme--number--digit\">10. Quando a embalagem serializada \u00e9 vendida numa loja do varejo para o consumidor final, o c\u00f3digo DataMatrix \u00e9 lido no PDV. Os n\u00fameros de s\u00e9rie \u00fanicos s\u00e3o inclu\u00eddos no recibo eletr\u00f4nico, que \u00e9 enviado por meio de um Operador de Dados Fiscais ao GIS MT.<\/div>\n<\/div>\n<div class=\"regulations--scheme--number\">\n<div class=\"scheme--number--digit\">11. Qualquer consumidor pode ler um c\u00f3digo DataMatrix com um aplicativo de celular para verificar a autenticidade do produto e saber mais sobre sua origem.<\/div>\n<\/div>\n<div>\n<div class=\"regulations--scheme--title\">\n<div class=\"content\">\n<h3>\u00a0Normas russas de T&amp;T para importa\u00e7\u00e3o de latic\u00ednios<\/h3>\n<\/div>\n<\/div>\n<div class=\"regulations--scheme\">\n<div class=\"column\">\n<div class=\"regulations--scheme--number\">\n<div class=\"scheme--number--digit\">1. O importador faz um pedido de n\u00fameros de s\u00e9rie \u00fanicos com c\u00f3digos criptogr\u00e1ficos para cada item comercial produzido (SKU) com base no plano de produ\u00e7\u00e3o\/compra. Os n\u00fameros de s\u00e9rie e c\u00f3digos criptogr\u00e1ficos s\u00e3o emitidos pelo sistema OMS CRPT. O importador pode escolher entre a etiquetagem direta (e receber de volta os N\u00fameros de S\u00e9rie do OMS e pass\u00e1-los para a Unidade de Etiquetagem) ou especificar uma gr\u00e1fica local ou estrangeira como prestadora de servi\u00e7os, caso em que os n\u00fameros de s\u00e9rie ser\u00e3o recuperados diretamente pela gr\u00e1fica atrav\u00e9s do sistema MCDN e pr\u00e9-impressos como c\u00f3digos DataMatrix no material de embalagem.<\/div>\n<\/div>\n<div class=\"regulations--scheme--number\">\n<div class=\"scheme--number--digit\">2. No caso de etiquetagem direta, esses n\u00fameros de s\u00e9rie s\u00e3o passados para a Unidade de Etiquetagem, onde s\u00e3o codificados em c\u00f3digos DataMatrix e aplicados a embalagens de consumo individuais durante a produ\u00e7\u00e3o. A outra alternativa \u00e9 utilizar os c\u00f3digos DataMatrix pr\u00e9-impressos para embalagem. Este processo torna o produto final serializado. As embalagens s\u00e3o colocadas em caixas e outras formas de cont\u00eaineres para depois serem agregadas em paletes. Cada n\u00edvel do cont\u00eainer \u00e9 etiquetado com um SSCC \u00fanico de c\u00f3digos GS1-128 atribu\u00eddos pelo fabricante. Os c\u00f3digos s\u00e3o associados numa estrutura pai\/filho.<\/div>\n<\/div>\n<div class=\"regulations--scheme--number\">\n<div class=\"scheme--number--digit\">3. Cada c\u00f3digo aplicado e a estrutura hier\u00e1rquica s\u00e3o armazenados no reposit\u00f3rio privado e posteriormente informados pelo importador aos sistemas OMS e GIS MT. Outros atributos, como a data de validade, tamb\u00e9m s\u00e3o comuns.<\/div>\n<\/div>\n<\/div>\n<div class=\"column\">\n<div class=\"regulations--scheme--number\">\n<div class=\"scheme--number--digit\">4. O FGIS Mercury \u00e9 o sistema de certifica\u00e7\u00e3o veterin\u00e1ria estatal que rastreia a movimenta\u00e7\u00e3o dos lotes dos produtos controlados da fazenda para o estoque. \u00c9 integrado ao GIS MT e deve ser fornecido um n\u00famero de certificado veterin\u00e1rio v\u00e1lido da mat\u00e9ria-prima inicial. Isso \u00e9 necess\u00e1rio ao introduzir no mercado um latic\u00ednio serializado em embalagens para o consumidor.<\/div>\n<\/div>\n<div class=\"regulations--scheme--number\">\n<div class=\"scheme--number--digit\">5. O importador, ou despachante aduaneiro, apresenta uma declara\u00e7\u00e3o aduaneira (GTD) ao Servi\u00e7o Federal Alfandeg\u00e1rio. O GTD inclui uma lista de c\u00f3digos \u00fanicos dos cont\u00eaineres. O Servi\u00e7o Federal Alfandeg\u00e1rio verifica os c\u00f3digos com o GIS MT e libera a remessa.<\/div>\n<\/div>\n<div class=\"regulations--scheme--number\">\n<div class=\"scheme--number--digit\">6. Para disponibilizar os produtos para posterior venda, o importador informa os c\u00f3digos \u00fanicos dos cont\u00eaineres ao GIS MT. Para latic\u00ednios, o n\u00famero do certificado veterin\u00e1rio do GIS Mercury \u00e9 inclu\u00eddo na notifica\u00e7\u00e3o.<\/div>\n<\/div>\n<\/div>\n<div class=\"column\">\n<div class=\"regulations--scheme--number\">\n<div class=\"scheme--number--digit\">7. Em qualquer ponto da cadeia de suprimentos, a agrega\u00e7\u00e3o do produto pode mudar. Quando isso acontece, isso \u00e9 refletido no reposit\u00f3rio e informado ao GIS MT. Da mesma forma, os produtos podem ser cancelados por v\u00e1rios motivos, como danos, vencimento, faltas, etc.<\/div>\n<\/div>\n<div class=\"regulations--scheme--number\">\n<div class=\"scheme--number--digit\">8. Depois que as mercadorias serializadas s\u00e3o embaladas em caixas e paletes, elas s\u00e3o despachadas do importador para o pr\u00f3ximo parceiro da cadeia de suprimentos. Os c\u00f3digos \u00fanicos de cada cont\u00eainer serializado s\u00e3o lidos e inclu\u00eddos num Documento de Transfer\u00eancia Universal (UTD).<\/div>\n<\/div>\n<div class=\"regulations--scheme--number\">\n<div class=\"scheme--number--digit\">9. O UTD \u00e9 enviado a uma empresa de EDI certificada, que \u00e9 ent\u00e3o encaminhado ao destinat\u00e1rio da remessa.<\/div>\n<\/div>\n<div>\u00a0<\/div>\n<\/div>\n<\/div>\n<\/div>\n<\/div>\n<\/div>\n<p><\/p>","protected":false},"excerpt":{"rendered":"<p>Latic\u00ednios 20 de janeiro de 2021 \u2014 in\u00edcio da serializa\u00e7\u00e3o para latic\u00ednios. Fabricantes, importadores, atacadistas e varejistas podem serializar voluntariamente, introduzir no mercado e registrar<\/p>\n","protected":false},"author":1,"featured_media":0,"parent":285,"menu_order":4,"comment_status":"closed","ping_status":"closed","template":"page_regulations.php","meta":{"inline_featured_image":false},"categories":[11],"tags":[],"class_list":["post-147","page","type-page","status-publish","hentry","category-russia"],"_links":{"self":[{"href":"https:\/\/3keys.com\/pt\/wp-json\/wp\/v2\/pages\/147","targetHints":{"allow":["GET"]}}],"collection":[{"href":"https:\/\/3keys.com\/pt\/wp-json\/wp\/v2\/pages"}],"about":[{"href":"https:\/\/3keys.com\/pt\/wp-json\/wp\/v2\/types\/page"}],"author":[{"embeddable":true,"href":"https:\/\/3keys.com\/pt\/wp-json\/wp\/v2\/users\/1"}],"replies":[{"embeddable":true,"href":"https:\/\/3keys.com\/pt\/wp-json\/wp\/v2\/comments?post=147"}],"version-history":[{"count":54,"href":"https:\/\/3keys.com\/pt\/wp-json\/wp\/v2\/pages\/147\/revisions"}],"predecessor-version":[{"id":1821,"href":"https:\/\/3keys.com\/pt\/wp-json\/wp\/v2\/pages\/147\/revisions\/1821"}],"up":[{"embeddable":true,"href":"https:\/\/3keys.com\/pt\/wp-json\/wp\/v2\/pages\/285"}],"wp:attachment":[{"href":"https:\/\/3keys.com\/pt\/wp-json\/wp\/v2\/media?parent=147"}],"wp:term":[{"taxonomy":"category","embeddable":true,"href":"https:\/\/3keys.com\/pt\/wp-json\/wp\/v2\/categories?post=147"},{"taxonomy":"post_tag","embeddable":true,"href":"https:\/\/3keys.com\/pt\/wp-json\/wp\/v2\/tags?post=147"}],"curies":[{"name":"wp","href":"https:\/\/api.w.org\/{rel}","templated":true}]}}