{"id":149,"date":"2020-11-06T10:26:36","date_gmt":"2020-11-06T07:26:36","guid":{"rendered":"https:\/\/3keys.k2d.ru\/?page_id=149"},"modified":"2023-08-29T22:42:31","modified_gmt":"2023-08-29T19:42:31","slug":"track-trace","status":"publish","type":"page","link":"https:\/\/3keys.com\/pt\/expertise\/regulations\/beer\/track-trace\/","title":{"rendered":"Cervejeiro"},"content":{"rendered":"<p><\/p>\n<h1 class=\"regulations--item--title\">Cervejeiro<\/h1>\n<p><strong>1\u00ba de abril de 2021 a 28\u00ba de fevereiro de 2023 \u2013 experimento de serializa\u00e7\u00e3o na R\u00fassia<\/strong><\/p>\n<p><strong>1 April 2021 &#8211; February 28, 2023 &#8211;<\/strong> An experiment of labeling beer, beer-based drinks, and certain types of low-alcohol drinks<\/p>\n<p style=\"font-weight: 400;\"><strong>1 April 2021 &#8211; June 30, 2021 &#8211;<\/strong> Development and approval of methodological recommendations<\/p>\n<p><strong>1 July 2021 &#8211; 28 February 2023 &#8211;<\/strong> Development and testing of mechanisms for integrating the Unified State Automated Information System (EGAIS) and the Chestny ZNAK marking system<\/p>\n<h2>Arquitetura proposta de normas russas de T&amp;T para o mercado de cerveja*<\/h2>\n<div class=\"regulations--scheme--numbers\">\n<div class=\"column\">\n<div class=\"regulations--scheme--number\">\n<div class=\"scheme--number--digit\">1. O sistema de informa\u00e7\u00e3o automatizado \u201cEGAIS\u201d** \u00e9 um sistema de informa\u00e7\u00e3o automatizado estatal unificado para contabilizar o volume de produ\u00e7\u00e3o e o faturamento de \u00e1lcool et\u00edlico, bebidas alco\u00f3licas e produtos contendo \u00e1lcool. No caso espec\u00edfico da produ\u00e7\u00e3o de cerveja, os participantes do faturamento devem declarar o volume de produ\u00e7\u00e3o, a venda por atacado e a compra de lotes no EGAIS. Os varejistas devem informar sobre os volumes vendidos. Ap\u00f3s a introdu\u00e7\u00e3o da serializa\u00e7\u00e3o de cerveja, esperamos integra\u00e7\u00e3o e simbiose entre os sistemas EGAIS e GIS MT. Outro cen\u00e1rio poss\u00edvel \u00e9 que o envio de informa\u00e7\u00f5es ao EGAIS seja abolido para todos os participantes do mercado, exceto produtores de cerveja. Da mesma forma, a rastreabilidade dos lotes ap\u00f3s a sua produ\u00e7\u00e3o e introdu\u00e7\u00e3o no mercado ser\u00e1 fornecida pelo GIS MT.<\/div>\n<\/div>\n<div class=\"regulations--scheme--number\">\n<div class=\"scheme--number--digit\">2. O fabricante faz um pedido de n\u00fameros de s\u00e9rie \u00fanicos com c\u00f3digos criptogr\u00e1ficos para cada item comercial produzido (SKU) com base no plano de produ\u00e7\u00e3o. Os n\u00fameros de s\u00e9rie e c\u00f3digos criptogr\u00e1ficos s\u00e3o emitidos pelo sistema OMS CRPT.<\/div>\n<\/div>\n<div class=\"regulations--scheme--number\">\n<div class=\"scheme--number--digit\">3. Esses n\u00fameros de s\u00e9rie s\u00e3o codificados em c\u00f3digos DataMatrix e aplicados a embalagens individuais para o consumidor. Este processo os torna serializados. As embalagens s\u00e3o colocadas em caixas e outras formas de cont\u00eaineres para depois serem agregadas em paletes. Cada n\u00edvel de um cont\u00eainer \u00e9 etiquetado com um SSCC \u00fanico de c\u00f3digos GS1-128 atribu\u00eddos pelo fabricante. Os c\u00f3digos s\u00e3o associados numa estrutura pai\/filho.<\/div>\n<\/div>\n<div class=\"regulations--scheme--number\">\n<div class=\"scheme--number--digit\">4. Cada c\u00f3digo aplicado e a estrutura hier\u00e1rquica s\u00e3o armazenados no reposit\u00f3rio privado. Em seguida, s\u00e3o informados aos sistemas OMS e GIS MT, juntamente com outros atributos, como data de validade.<\/div>\n<\/div>\n<\/div>\n<div class=\"column\">\n<div class=\"regulations--scheme--number\">\n<div class=\"scheme--number--digit\">5. Ap\u00f3s o t\u00e9rmino da produ\u00e7\u00e3o de um lote e do procedimento de controle de qualidade, as embalagens serializadas s\u00e3o informadas ao GIS MT como dispon\u00edveis para posterior venda.<\/div>\n<\/div>\n<div class=\"regulations--scheme--number\">\n<div class=\"scheme--number--digit\">6. Em qualquer ponto da cadeia de suprimentos, a agrega\u00e7\u00e3o do produto pode mudar. Quando isso acontece, isso \u00e9 refletido no reposit\u00f3rio e informado ao GIS MT. Da mesma forma, os produtos podem ser cancelados por v\u00e1rios motivos, como danos, vencimento, faltas, etc.<\/div>\n<\/div>\n<div class=\"regulations--scheme--number\">\n<div class=\"scheme--number--digit\">7. Depois que as mercadorias serializadas s\u00e3o embaladas em caixas e paletes, elas s\u00e3o despachadas do fabricante para o pr\u00f3ximo parceiro da cadeia de suprimentos. Os c\u00f3digos \u00fanicos de cada cont\u00eainer serializado s\u00e3o lidos e inclu\u00eddos num Documento de Transfer\u00eancia Universal (UTD).<\/div>\n<\/div>\n<div class=\"regulations--scheme--number\">\n<div class=\"scheme--number--digit\">8. O UTD \u00e9 enviado a uma empresa de EDI certificada, que \u00e9 ent\u00e3o encaminhado ao destinat\u00e1rio da remessa.<\/div>\n<\/div>\n<\/div>\n<div class=\"column\">\n<div class=\"regulations--scheme--number\">\n<div class=\"scheme--number--digit\">9. Ao receber uma remessa serializada, o atacadista faz a leitura do c\u00f3digo de cada cont\u00eainer serializado para compar\u00e1-lo ao UTD de chegada. Quaisquer discrep\u00e2ncias s\u00e3o resolvidas atrav\u00e9s de outros documentos de EDI, como o UCD. Assim que o UTD \u00e9 assinado eletronicamente pelo destinat\u00e1rio, ocorre a mudan\u00e7a de propriedade. Por \u00faltimo, a informa\u00e7\u00e3o \u00e9 enviada ao GIS MT.<\/div>\n<\/div>\n<div class=\"regulations--scheme--number\">\n<div class=\"scheme--number--digit\">10. Quando a embalagem serializada \u00e9 vendida numa loja do varejo para o consumidor final, o c\u00f3digo DataMatrix \u00e9 lido no PDV. Os n\u00fameros de s\u00e9rie \u00fanicos s\u00e3o inclu\u00eddos no recibo eletr\u00f4nico, que \u00e9 enviado por meio de um Operador de Dados Fiscais ao GIS MT.<\/div>\n<\/div>\n<div class=\"regulations--scheme--number\">\n<div class=\"scheme--number--digit\">11. Qualquer consumidor pode ler um c\u00f3digo DataMatrix com um aplicativo de celular para verificar a autenticidade do produto e saber mais sobre sua origem.<\/div>\n<\/div>\n<\/div>\n<\/div>\n<div class=\"regulations--scheme--note\">\n<p>* A ser atualizado ap\u00f3s a aprova\u00e7\u00e3o dos documentos regulat\u00f3rios.<\/p>\n<p>** EGAIS = USAIS = Sistema de Informa\u00e7\u00e3o Automatizado Estatal Unificado<\/p>\n<h2>Arquitetura proposta de normas russas de T&amp;T para importa\u00e7\u00e3o de cerveja*<\/h2>\n<div class=\"regulations--scheme--numbers\">\n<div class=\"column\">\n<div class=\"regulations--scheme--number\">\n<div class=\"scheme--number--digit\">1. O importador faz um pedido de n\u00fameros de s\u00e9rie \u00fanicos com c\u00f3digos criptogr\u00e1ficos para cada item comercial produzido (SKU) com base no plano de produ\u00e7\u00e3o\/compra. Os n\u00fameros de s\u00e9rie e c\u00f3digos criptogr\u00e1ficos s\u00e3o emitidos pelo sistema OMS CRPT.<\/div>\n<\/div>\n<div class=\"regulations--scheme--number\">\n<div class=\"scheme--number--digit\">2. Esses n\u00fameros de s\u00e9rie s\u00e3o passados para a f\u00e1brica, onde s\u00e3o codificados em c\u00f3digos DataMatrix. Isso \u00e9 ent\u00e3o aplicado a embalagens individuais para o consumidor na linha de embalagem, tornando-as serializadas. As embalagens s\u00e3o colocadas em caixas e outras formas de cont\u00eaineres para depois serem agregadas em paletes. Cada n\u00edvel do cont\u00eainer \u00e9 etiquetado com um SSCC \u00fanico de c\u00f3digos GS1-128 atribu\u00eddos pelo fabricante. Os c\u00f3digos s\u00e3o associados numa estrutura pai\/filho.<\/div>\n<\/div>\n<div class=\"regulations--scheme--number\">\n<div class=\"scheme--number--digit\">3. Cada c\u00f3digo aplicado e a estrutura hier\u00e1rquica s\u00e3o armazenados no reposit\u00f3rio privado e posteriormente informados pelo importador aos sistemas OMS e GIS MT. Outros atributos, como a data de validade, tamb\u00e9m s\u00e3o comuns.<\/div>\n<\/div>\n<div class=\"regulations--scheme--number\">\n<div class=\"scheme--number--digit\">4. Como alternativa, o processo de serializa\u00e7\u00e3o pode ocorrer em um armaz\u00e9m fora da R\u00fassia ou no armaz\u00e9m alfandeg\u00e1rio. A hierarquia completa deve ser informada ao GIS MT antes que a remessa possa ser liberada pela alf\u00e2ndega.<\/div>\n<\/div>\n<\/div>\n<div class=\"column\">\n<div class=\"regulations--scheme--number\">\n<div class=\"scheme--number--digit\">5. O sistema de informa\u00e7\u00e3o automatizado \u201cEGAIS\u201d** \u00e9 um sistema de informa\u00e7\u00e3o automatizado estatal unificado para contabilizar o volume de produ\u00e7\u00e3o e o faturamento de \u00e1lcool et\u00edlico, bebidas alco\u00f3licas e produtos contendo \u00e1lcool. No caso espec\u00edfico da produ\u00e7\u00e3o de cerveja, os participantes do faturamento devem declarar o volume de produ\u00e7\u00e3o, a venda por atacado e a compra de lotes no EGAIS. Os varejistas devem informar sobre os volumes vendidos. Ap\u00f3s a introdu\u00e7\u00e3o da serializa\u00e7\u00e3o de cerveja, esperamos integra\u00e7\u00e3o e simbiose entre os sistemas EGAIS e GIS MT. Um poss\u00edvel cen\u00e1rio \u00e9 que o envio de informa\u00e7\u00f5es ao EGAIS seja abolido para todos os participantes do mercado, exceto produtores\/importadores de cerveja. Da mesma forma, a rastreabilidade dos lotes ap\u00f3s sua produ\u00e7\u00e3o e introdu\u00e7\u00e3o no mercado ser\u00e1 fornecida pelo GIS MT. O cen\u00e1rio descrito \u00e9 semelhante ao do mercado de leite, onde o GIS Mercury controla o mercado de leite em lote at\u00e9 que seja embalado. Quando a embalagem \u00fanica do cliente aparece &#8211; a serializa\u00e7\u00e3o via GIS MT pode come\u00e7ar.<\/div>\n<\/div>\n<div class=\"regulations--scheme--number\">\n<div class=\"scheme--number--digit\">6. O importador, ou despachante aduaneiro, apresenta uma declara\u00e7\u00e3o aduaneira (GTD) ao Servi\u00e7o Federal Alfandeg\u00e1rio. O GTD inclui uma lista de c\u00f3digos \u00fanicos dos cont\u00eaineres. O Servi\u00e7o Federal Alfandeg\u00e1rio verifica os c\u00f3digos com o GIS MT e libera a remessa.<\/div>\n<\/div>\n<div class=\"regulations--scheme--number\">\n<div class=\"scheme--number--digit\">7. Para disponibilizar os produtos para posterior venda, o importador informa os c\u00f3digos \u00fanicos dos cont\u00eaineres ao GIS MT.<\/div>\n<\/div>\n<div class=\"regulations--scheme--number\">\n<div class=\"scheme--number--digit\">8. Em qualquer ponto da cadeia de suprimentos, a agrega\u00e7\u00e3o do produto pode mudar. Quando isso acontece, isso \u00e9 refletido no reposit\u00f3rio e informado ao GIS MT. Da mesma forma, os produtos podem ser cancelados por v\u00e1rios motivos, como danos, vencimento, faltas, etc.<\/div>\n<\/div>\n<\/div>\n<div class=\"column\">\n<div class=\"regulations--scheme--number\">\n<div class=\"scheme--number--digit\">9. Depois que as mercadorias serializadas s\u00e3o embaladas em caixas e paletes, elas s\u00e3o despachadas do importador para o pr\u00f3ximo parceiro da cadeia de suprimentos. Os c\u00f3digos \u00fanicos de cada cont\u00eainer serializado s\u00e3o lidos e inclu\u00eddos num Documento de Transfer\u00eancia Universal (UTD).<\/div>\n<\/div>\n<div class=\"regulations--scheme--number\">\n<div class=\"scheme--number--digit\">10. O UTD \u00e9 enviado a uma empresa de EDI certificada, que \u00e9 ent\u00e3o encaminhado ao destinat\u00e1rio da remessa.<\/div>\n<\/div>\n<\/div>\n<\/div>\n<div class=\"regulations--scheme--note\">\n<p>* A ser atualizado ap\u00f3s a aprova\u00e7\u00e3o dos documentos regulat\u00f3rios.<\/p>\n<p>** EGAIS = USAIS = Sistema de Informa\u00e7\u00e3o Automatizado Estatal Unificado<\/p>\n<\/div>\n<\/div>\n<p><\/p>","protected":false},"excerpt":{"rendered":"<p>Cervejeiro 1\u00ba de abril de 2021 a 28\u00ba de fevereiro de 2023 \u2013 experimento de serializa\u00e7\u00e3o na R\u00fassia 1 April 2021 &#8211; February 28, 2023<\/p>\n","protected":false},"author":1,"featured_media":0,"parent":288,"menu_order":6,"comment_status":"closed","ping_status":"closed","template":"page_regulations.php","meta":{"inline_featured_image":false},"categories":[11],"tags":[],"class_list":["post-149","page","type-page","status-publish","hentry","category-russia"],"_links":{"self":[{"href":"https:\/\/3keys.com\/pt\/wp-json\/wp\/v2\/pages\/149","targetHints":{"allow":["GET"]}}],"collection":[{"href":"https:\/\/3keys.com\/pt\/wp-json\/wp\/v2\/pages"}],"about":[{"href":"https:\/\/3keys.com\/pt\/wp-json\/wp\/v2\/types\/page"}],"author":[{"embeddable":true,"href":"https:\/\/3keys.com\/pt\/wp-json\/wp\/v2\/users\/1"}],"replies":[{"embeddable":true,"href":"https:\/\/3keys.com\/pt\/wp-json\/wp\/v2\/comments?post=149"}],"version-history":[{"count":36,"href":"https:\/\/3keys.com\/pt\/wp-json\/wp\/v2\/pages\/149\/revisions"}],"predecessor-version":[{"id":1819,"href":"https:\/\/3keys.com\/pt\/wp-json\/wp\/v2\/pages\/149\/revisions\/1819"}],"up":[{"embeddable":true,"href":"https:\/\/3keys.com\/pt\/wp-json\/wp\/v2\/pages\/288"}],"wp:attachment":[{"href":"https:\/\/3keys.com\/pt\/wp-json\/wp\/v2\/media?parent=149"}],"wp:term":[{"taxonomy":"category","embeddable":true,"href":"https:\/\/3keys.com\/pt\/wp-json\/wp\/v2\/categories?post=149"},{"taxonomy":"post_tag","embeddable":true,"href":"https:\/\/3keys.com\/pt\/wp-json\/wp\/v2\/tags?post=149"}],"curies":[{"name":"wp","href":"https:\/\/api.w.org\/{rel}","templated":true}]}}