{"id":15,"date":"2020-11-02T18:40:01","date_gmt":"2020-11-02T15:40:01","guid":{"rendered":"https:\/\/3keys.k2d.ru\/?page_id=15"},"modified":"2025-06-27T11:44:32","modified_gmt":"2025-06-27T08:44:32","slug":"services-products","status":"publish","type":"page","link":"https:\/\/3keys.com\/pt\/services-products\/","title":{"rendered":"Servi\u00e7os &#038; Produtos"},"content":{"rendered":"<p><\/p>\n<h1 class=\"page_title\">Servi\u00e7os &amp; Produtos<\/h1>\n<h2 class=\"services--main--title\">VEJA COMO\u00a0<strong class=\"typed type_element0\">PODEMOS BENEFICIAR SUA EMPRESA<\/strong><\/h2>\n<div class=\"services--main--description\">\n<p>Se voc\u00ea est\u00e1 procurando por um parceiro confi\u00e1vel de Track &amp; Trace &#8211; voc\u00ea est\u00e1 no lugar certo. Nossa equipe trabalha intensamente para descobrir e melhorar rapidamente seus processos existentes, ajudando voc\u00ea a remover gargalos, reduzir erros e resolver a confus\u00e3o. Nossos servi\u00e7os de consultoria s\u00e3o baseados em muitos anos de experi\u00eancia em Serializa\u00e7\u00e3o e Track &amp; Trace, um profundo conhecimento das pr\u00e1ticas da cadeia de suprimentos, bem como em experi\u00eancia incompar\u00e1vel no atendimento \u00e0s exig\u00eancias regulat\u00f3rias.<\/p>\n<h2 class=\"services--secondary--title\">OS 3 PRINCIPAIS BUSINESS CASES DE TRACK &amp; TRACE COM OS QUAIS ESTAMOS TRABALHANDO<\/h2>\n<div class=\"services--blocks\">\n<div class=\"services--block\">\n<div class=\"content\">\n<div class=\"services--blocks\">\n<div class=\"services--block\">\n<h3 class=\"services--block--title\">Desenvolvimento e entrega de projetos de Track &amp; Trace para conformidade<\/h3>\n<div class=\"services--block--description\">\n<p>Desenvolver e entregar processos de fabrica\u00e7\u00e3o e cadeia de suprimentos em conformidade com as normas levantadas. Este case em particular \u00e9 para mitigar os riscos comerciais das empresas de fabrica\u00e7\u00e3o e cadeia de suprimentos da maneira mais eficiente. Encontramos o equil\u00edbrio ideal entre o tempo, o custo do projeto de Track &amp; Trace e as mudan\u00e7as de processo que uma empresa deve implementar para estar em conformidade com as normas.<\/p>\n<\/div>\n<\/div>\n<div class=\"services--block\">\n<h3 class=\"services--block--title\">Iniciativas de prote\u00e7\u00e3o de marca<\/h3>\n<div class=\"services--block--description\">\n<p>Realizar uma iniciativa de prote\u00e7\u00e3o de marca, dissuadindo ataques do com\u00e9rcio ilegal que prejudica o neg\u00f3cio. O desafio aqui \u00e9 desenvolver e implementar a solu\u00e7\u00e3o de T&amp;T correspondente para alavancar o aumento do volume de neg\u00f3cios de produtos aut\u00eanticos. A mesma solu\u00e7\u00e3o oferece \u00e0s empresas uma vantagem competitiva ao conquistar a lealdade e a confian\u00e7a dos consumidores.<\/p>\n<\/div>\n<\/div>\n<div class=\"services--block\">\n<h3 class=\"services--block--title\">Otimiza\u00e7\u00e3o digital da cadeia de suprimentos<\/h3>\n<div class=\"services--block--description\">\n<p>Otimizar a cadeia de suprimentos atrav\u00e9s da digitaliza\u00e7\u00e3o. O trabalho aqui \u00e9 combinar as melhores tecnologias e um profundo conhecimento dos neg\u00f3cios para elevar os processos da cadeia de suprimentos a um novo patamar. A digitaliza\u00e7\u00e3o oferece uma enorme vantagem competitiva ao melhorar a previs\u00e3o da demanda, ao usar de maneira eficaz o espa\u00e7o do armaz\u00e9m e ao dar uma maior velocidade, uma seguran\u00e7a robusta e uma visibilidade completa \u00e0 cadeia de suprimentos.<\/p>\n<\/div>\n<\/div>\n<\/div>\n<\/div>\n<div class=\"page_footer\">\n<div class=\"content\">\u00a0<\/div>\n<\/div>\n<\/div>\n<\/div>\n<\/div>\n<p><\/p>","protected":false},"excerpt":{"rendered":"<p>Servi\u00e7os &amp; Produtos VEJA COMO\u00a0PODEMOS BENEFICIAR SUA EMPRESA Se voc\u00ea est\u00e1 procurando por um parceiro confi\u00e1vel de Track &amp; Trace &#8211; voc\u00ea est\u00e1 no lugar<\/p>\n","protected":false},"author":1,"featured_media":0,"parent":0,"menu_order":25,"comment_status":"closed","ping_status":"closed","template":"page_services_products.php","meta":{"inline_featured_image":false},"categories":[],"tags":[],"class_list":["post-15","page","type-page","status-publish","hentry"],"_links":{"self":[{"href":"https:\/\/3keys.com\/pt\/wp-json\/wp\/v2\/pages\/15","targetHints":{"allow":["GET"]}}],"collection":[{"href":"https:\/\/3keys.com\/pt\/wp-json\/wp\/v2\/pages"}],"about":[{"href":"https:\/\/3keys.com\/pt\/wp-json\/wp\/v2\/types\/page"}],"author":[{"embeddable":true,"href":"https:\/\/3keys.com\/pt\/wp-json\/wp\/v2\/users\/1"}],"replies":[{"embeddable":true,"href":"https:\/\/3keys.com\/pt\/wp-json\/wp\/v2\/comments?post=15"}],"version-history":[{"count":17,"href":"https:\/\/3keys.com\/pt\/wp-json\/wp\/v2\/pages\/15\/revisions"}],"predecessor-version":[{"id":2688,"href":"https:\/\/3keys.com\/pt\/wp-json\/wp\/v2\/pages\/15\/revisions\/2688"}],"wp:attachment":[{"href":"https:\/\/3keys.com\/pt\/wp-json\/wp\/v2\/media?parent=15"}],"wp:term":[{"taxonomy":"category","embeddable":true,"href":"https:\/\/3keys.com\/pt\/wp-json\/wp\/v2\/categories?post=15"},{"taxonomy":"post_tag","embeddable":true,"href":"https:\/\/3keys.com\/pt\/wp-json\/wp\/v2\/tags?post=15"}],"curies":[{"name":"wp","href":"https:\/\/api.w.org\/{rel}","templated":true}]}}