{"id":17,"date":"2020-11-02T18:40:19","date_gmt":"2020-11-02T15:40:19","guid":{"rendered":"https:\/\/3keys.k2d.ru\/?page_id=17"},"modified":"2025-04-29T09:39:52","modified_gmt":"2025-04-29T06:39:52","slug":"consulting","status":"publish","type":"page","link":"https:\/\/3keys.com\/pt\/services-products\/consulting\/","title":{"rendered":"Consultoria"},"content":{"rendered":"<p><\/p>\n<h1>Consultoria<\/h1>\n<h2 class=\"services--title\">Servi\u00e7os de Consultoria<\/h2>\n<div class=\"services--description\">\n<p>A equipe da 3KEYS projeta e entrega projetos completos de Track &amp; Trace e Serialization, al\u00e9m de prestar servi\u00e7os de consultoria para a fase espec\u00edfica do projeto, dependendo das exig\u00eancias do cliente. Nossa equipe \u00e9 formada por Consultores Funcionais Seniores, Arquitetos de Solu\u00e7\u00f5es Seniores e Propriet\u00e1rios de Solu\u00e7\u00f5es bastante experientes.<\/p>\n<h2>CONSULTORIA COMERCIAL<\/h2>\n<h3 class=\"services--item--name\">Assessoria de Conformidade<\/h3>\n<div>Nosso processo de Track &amp; Trace come\u00e7a com os governos que estabelecem regras r\u00edgidas e desenvolvem ferramentas para proteger empresas e consumidores da falsifica\u00e7\u00e3o e evitar a perda de receitas e impostos. Os consultores da 3KEYS t\u00eam amplo conhecimento das normas (EU TPD, FCTC, EU FMD, US DSCSA, projeto russo \u201cMarkirovka\u201d (CRPT) e outros) para diferentes ind\u00fastrias e pa\u00edses. Isso nos permite ajudar voc\u00ea a cumprir as normas de conformidade impostas pelo governo do pa\u00eds onde voc\u00ea atua. Al\u00e9m disso, a 3KEYS presta assessoria sobre futuras normas de Track &amp; Trace para garantir que voc\u00ea esteja em conformidade antes do prazo. Nossa abordagem evita complica\u00e7\u00f5es que podem surgir em caso de prazos n\u00e3o cumpridos, como multas e interrup\u00e7\u00f5es nas opera\u00e7\u00f5es.<\/div>\n<\/div>\n<div>\u00a0<\/div>\n<h3>An\u00e1lise de Impacto no Neg\u00f3cio<\/h3>\n<div>Nem \u00e9 preciso dizer que a serializa\u00e7\u00e3o tem um impacto dr\u00e1stico nos processos do seu neg\u00f3cio. A 3KEYS pode ajudar voc\u00ea a conhecer os impactos da conformidade em seus processos internos. Tamb\u00e9m podemos assessorar sobre como lidar com esses impactos da maneira mais eficiente, sem interromper as opera\u00e7\u00f5es da empresa. Voc\u00ea perceber\u00e1 que a serializa\u00e7\u00e3o tem um efeito positivo nos processos internos e no ROI da sua empresa. Maior garantia de qualidade, minimiza\u00e7\u00e3o de recalls de produtos, dados de invent\u00e1rio em tempo real e integridade da cadeia de suprimentos est\u00e3o entre muitos outros benef\u00edcios que acompanham a Serializa\u00e7\u00e3o de Produtos.<\/div>\n<h2 class=\"services--item--switch\">CONSULTORIA FUNCIONAL<\/h2>\n<h3 class=\"services--item--name\">An\u00e1lise e Projeto<\/h3>\n<div class=\"services--item--switch\">A equipe da 3KEYS analisa os requisitos comerciais e os processos no estado atual, mapeia esses processos da forma como deveriam ser e verifica se o projeto est\u00e1 em conformidade com os padr\u00f5es exigidos. Se houver lacunas, a 3KEYS fornecer\u00e1 um plano exato com uma recomenda\u00e7\u00e3o para uma solu\u00e7\u00e3o.<\/div>\n<h3>Implementa\u00e7\u00e3o<\/h3>\n<div>\n<div class=\"services--item--switch\">A 3KEYS \u00e9 uma empresa independente de fornecedores. Desenvolvemos solu\u00e7\u00f5es sob medida e selecionamos fornecedores de acordo com as necessidades do projeto. A 3KEYS implementa Sistemas de Serializa\u00e7\u00e3o e Track &amp; Trace para garantir uma melhora na produ\u00e7\u00e3o e uma efici\u00eancia log\u00edstica, al\u00e9m de auxiliar no fornecimento das informa\u00e7\u00f5es necess\u00e1rias para informar e demonstrar conformidade ao governo de maneira eficaz e sistem\u00e1tica.<\/div>\n<\/div>\n<div>\n<h3 class=\"services--item--name\">Valida\u00e7\u00e3o de Sistemas<\/h3>\n<div class=\"services--item--switch\">A 3KEYS \u00e9 altamente experiente em valida\u00e7\u00e3o de sistemas (GxP, GAMP5). N\u00e3o precisamos mencionar que cumprimos todas as normas quando estamos trabalhando, por exemplo, para a ind\u00fastria farmac\u00eautica ou outras ind\u00fastrias reguladas. Entregaremos resultados auditados.<\/div>\n<\/div>\n<h2>CONSULTORIA T\u00c9CNICA<\/h2>\n<div>\n<h3 class=\"services--item--name\">Desenvolvimentos ABAP<\/h3>\n<div>Os desenvolvedores da 3KEYS garantem que seus sistemas de TI sejam bem preservados e fornecem suporte de TI e orienta\u00e7\u00e3o t\u00e9cnica num ambiente exigente. Ao mesmo tempo, melhoramos a efici\u00eancia geral de seus sistemas de TI. Os consultores da 3KEYS s\u00e3o altamente experientes em SAP ABAP e ABAP Orientado a Objetos. Garantimos o desenvolvimento de programas e solu\u00e7\u00f5es precisas para o seu neg\u00f3cio. Outro componente importante \u00e9 que todas as inter-rela\u00e7\u00f5es relevantes com a \u00e1rea t\u00e9cnica dentro do sistema SAP sejam bem explicadas e compreendidas pela sua equipe principal.<\/div>\n<div>\n<h3 class=\"services--item--name\">Desenvolvimentos JAVA<\/h3>\n<div>Os desenvolvedores da 3KEYS t\u00eam experi\u00eancia na cria\u00e7\u00e3o e suporte de solu\u00e7\u00f5es de serializa\u00e7\u00e3o para empresas e adaptadores de conectividade usando uma ampla variedade de linguagens de programa\u00e7\u00e3o e plataformas, incluindo pilha Java, .NET, Python, JavaScript e muito mais. Temos experi\u00eancia comprovada no fornecimento de solu\u00e7\u00f5es locais e na nuvem adaptadas \u00e0s necessidades do cliente.<\/div>\n<\/div>\n<div>\u00a0<\/div>\n<div>\n<div class=\"services--item--switch\">\n<div class=\"additionally--card\">\n<div class=\"additionally--card--caption\">\n<h2 class=\"additionally--card--name\">GERENCIAMENTO DE PROJETOS<\/h2>\n<\/div>\n<div class=\"additionally--card--description\">\n<p>Fornecemos aos nossos clientes Gerentes de Projeto altamente experientes em Serializa\u00e7\u00e3o e Track &amp; Trace. Nossos Gerentes de Projeto t\u00eam experi\u00eancia em v\u00e1rios pa\u00edses e ind\u00fastrias, como Farmac\u00eautica, Tabaco, Bens de Consumo de Alto Giro e outras. Esses Gerentes de Projeto t\u00eam experi\u00eancia em lidar com grandes projetos em todo o mundo, cooperando com v\u00e1rios fornecedores e realizando uma abordagem de entrega de equipe mista. Ao trabalhar com a 3KEYS, seus projetos s\u00e3o gerenciados de forma eficaz e eficiente: com os recursos certos, as compet\u00eancias certas, a taxas bastante competitivas e flexibilidade na equipe do projeto.<\/p>\n<\/div>\n<\/div>\n<div class=\"additionally--card\">\n<div class=\"additionally--card--caption\">\n<h2 class=\"additionally--card--name\">TREINAMENTO<\/h2>\n<\/div>\n<div class=\"additionally--card--description\">\n<p>Para garantir a continuidade das opera\u00e7\u00f5es normais e a capacidade da sua equipe de utilizar e gerenciar o novo sistema de Track &amp; Trace, desenvolvemos um treinamento eficaz para transferir o novo conhecimento. A 3KEYS fornece um programa de treinamento consistente com foco na orienta\u00e7\u00e3o e entrega durante todo o projeto.<\/p>\n<\/div>\n<\/div>\n<div class=\"additionally--card\">\n<div class=\"additionally--card--caption\">\n<h2 class=\"additionally--card--name\">SUPORTE NO DIA A DIA DA EMPRESA<\/h2>\n<\/div>\n<div class=\"additionally--card--description\">\n<p>Ap\u00f3s o t\u00e9rmino do treinamento, nossa equipe continua \u00e0 disposi\u00e7\u00e3o para esclarecer todas as suas d\u00favidas e solucionar todos os poss\u00edveis problemas que possam surgir. A 3KEYS oferece suporte de Track &amp; Trace 24h por dia, 7 dias por semana, atrav\u00e9s da equipe offshore, e de segunda \u00e0 sexta, em hor\u00e1rio comercial, atrav\u00e9s da equipe alem\u00e3.<\/p>\n<\/div>\n<div class=\"gbt--title--container\">\n<h3 class=\"gbt--title\">GBT<\/h3>\n<\/div>\n<div class=\"content\">\n<div class=\"column\">\n<div class=\"gbt--intro\">O GBT estabelece uma genealogia completa do produto entre os sistemas, desde a origem das mat\u00e9rias-primas, passando pela produ\u00e7\u00e3o at\u00e9 a distribui\u00e7\u00e3o dos produtos acabados.<\/div>\n<div class=\"speech_bubble\">\n<p><strong class=\"typed type_element0\">Entre em contato<\/strong>\u00a0para saber mais sobre o Global Batch Traceability e conhecer nossos consultores profissionais.<\/p>\n<\/div>\n<\/div>\n<div class=\"column\">\n<div class=\"gbt-description\">\n<p>Hoje o GBT \u00e9 um nicho de mercado e existem poucos especialistas em todo o mundo. A 3KEYS tem conhecimento e experi\u00eancia pioneiros \u00fanicos na implementa\u00e7\u00e3o do SAP Global Batch Traceability. Por ser capaz de rastrear completamente os lotes upstream e downstream, o GBT garante a conformidade com os prazos legais para envio de informa\u00e7\u00f5es. E proporciona uma maior compreens\u00e3o dos fluxos da cadeia de suprimentos das empresas.<\/p>\n<\/div>\n<\/div>\n<\/div>\n<\/div>\n<\/div>\n<\/div>\n<div class=\"services--item--switch\">\u00a0<\/div>\n<\/div>\n<p><\/p>","protected":false},"excerpt":{"rendered":"<p>Consultoria Servi\u00e7os de Consultoria A equipe da 3KEYS projeta e entrega projetos completos de Track &amp; Trace e Serialization, al\u00e9m de prestar servi\u00e7os de consultoria<\/p>\n","protected":false},"author":1,"featured_media":0,"parent":15,"menu_order":4,"comment_status":"closed","ping_status":"closed","template":"page_consulting.php","meta":{"inline_featured_image":false},"categories":[],"tags":[],"class_list":["post-17","page","type-page","status-publish","hentry"],"_links":{"self":[{"href":"https:\/\/3keys.com\/pt\/wp-json\/wp\/v2\/pages\/17","targetHints":{"allow":["GET"]}}],"collection":[{"href":"https:\/\/3keys.com\/pt\/wp-json\/wp\/v2\/pages"}],"about":[{"href":"https:\/\/3keys.com\/pt\/wp-json\/wp\/v2\/types\/page"}],"author":[{"embeddable":true,"href":"https:\/\/3keys.com\/pt\/wp-json\/wp\/v2\/users\/1"}],"replies":[{"embeddable":true,"href":"https:\/\/3keys.com\/pt\/wp-json\/wp\/v2\/comments?post=17"}],"version-history":[{"count":23,"href":"https:\/\/3keys.com\/pt\/wp-json\/wp\/v2\/pages\/17\/revisions"}],"predecessor-version":[{"id":3365,"href":"https:\/\/3keys.com\/pt\/wp-json\/wp\/v2\/pages\/17\/revisions\/3365"}],"up":[{"embeddable":true,"href":"https:\/\/3keys.com\/pt\/wp-json\/wp\/v2\/pages\/15"}],"wp:attachment":[{"href":"https:\/\/3keys.com\/pt\/wp-json\/wp\/v2\/media?parent=17"}],"wp:term":[{"taxonomy":"category","embeddable":true,"href":"https:\/\/3keys.com\/pt\/wp-json\/wp\/v2\/categories?post=17"},{"taxonomy":"post_tag","embeddable":true,"href":"https:\/\/3keys.com\/pt\/wp-json\/wp\/v2\/tags?post=17"}],"curies":[{"name":"wp","href":"https:\/\/api.w.org\/{rel}","templated":true}]}}