{"id":2,"date":"2020-11-01T21:37:01","date_gmt":"2020-11-01T18:37:01","guid":{"rendered":"https:\/\/3keys.k2d.ru\/?page_id=2"},"modified":"2026-03-25T12:43:10","modified_gmt":"2026-03-25T09:43:10","slug":"home","status":"publish","type":"page","link":"https:\/\/3keys.com\/pt\/","title":{"rendered":"P\u00e1gina Inicial"},"content":{"rendered":"<p><\/p>\n<h1>3Keys &#8211; Especialista em Track &amp; Trace<\/h1>\n<ul>\n<li>Digitalize sua cadeia de suprimentos com um Especialista em Track &amp; Trace<\/li>\n<li>Proteja sua marca contra falsifica\u00e7\u00f5es de forma eficiente<\/li>\n<li>Esteja em conformidade com as novas normas de Track &amp; Trace de maneira mais r\u00e1pida<\/li>\n<\/ul>\n<h2 class=\"about--title\">Quem somos?<\/h2>\n<div class=\"about--description\">A 3KEYS \u00e9 uma empresa de consultoria especializada em Serializa\u00e7\u00e3o e Track &amp; Trace. Oferecemos projetos de Serializa\u00e7\u00e3o e Track &amp; Trace para v\u00e1rias ind\u00fastrias no mundo todo com uma abordagem independente de fornecedores.<\/div>\n<div>\n<h2 class=\"services--title\">Valor que agregamos<\/h2>\n<div class=\"services--description\">Definimos os processos certos e fornecemos as solu\u00e7\u00f5es certas para proteger a cadeia de suprimentos de qualquer neg\u00f3cio. O resultado permite que a cadeia de suprimentos se torne transparente para an\u00e1lises e otimiza\u00e7\u00e3o. Garantimos que os clientes tenham f\u00e1cil acesso \u00e0 autenticidade e \u00e0 seguran\u00e7a do produto e que as empresas estejam em conformidade com as normas.<\/div>\n<div>\n<h2 class=\"benefits--title\"><span class=\"text\">O que nos faz especiais<\/span><\/h2>\n<h3>N\u00edvel Incompar\u00e1vel de Experi\u00eancia em Track &amp; Trace<\/h3>\n<p>Somos uma das equipes mais experientes no mercado de Track &amp; Trace. Nossos especialistas possuem, em sua maioria, mais de 15 anos de experi\u00eancia em Serializa\u00e7\u00e3o e Track &amp; Trace. Eles carregam um conhecimento profundo das pr\u00e1ticas da cadeia de suprimentos, bem como uma experi\u00eancia incompar\u00e1vel no atendimento \u00e0s exig\u00eancias regulat\u00f3rias.<\/p>\n<h3>Hist\u00f3rico de Entregas Bem-sucedidas<\/h3>\n<p>Conclu\u00edmos v\u00e1rios projetos bastante desafiadores nas ind\u00fastrias mais exigentes em termos de Track &amp; Trace, como a ind\u00fastria do Tabaco, Farmac\u00eautica, Automotiva e de Bens de Consumo de Alto Giro. Essa experi\u00eancia, juntamente com o vasto conhecimento em consultoria, nos permitiu encontrar e aplicar solu\u00e7\u00f5es otimizadas de Track &amp; Trace em v\u00e1rios outros setores regulados e n\u00e3o regulados.<\/p>\n<h3 class=\"benefits--item--title\">Experi\u00eancia de Ponta a Ponta<\/h3>\n<div>Com a 3KEYS, nossos clientes podem entregar todo o projeto a um fornecedor, otimizar seu desempenho e efici\u00eancia, e esperar por uma qualidade de entrega perfeita.<\/div>\n<\/div>\n<\/div>\n<h3>Presen\u00e7a Global<\/h3>\n<div>Nossa presen\u00e7a global, combinada com o maior grupo de consultores especializados em Track &amp; Trace, resulta em<\/div>\n<div>\n<p>um profundo conhecimento dos requisitos legais de diferentes pa\u00edses e ind\u00fastrias, e apresenta uma oportunidade para realizar uma abordagem de entrega com uma equipe mista. Isso nos torna altamente flex\u00edveis na gest\u00e3o dos recursos do projeto, mantendo a alta qualidade da entrega. A diversidade da nossa equipe nos permite realizar projetos com os recursos certos e as compet\u00eancias certas a taxas bastante competitivas.<\/p>\n<h3 class=\"benefits--item--title\">Cliente em Primeiro Lugar<\/h3>\n<\/div>\n<div class=\"benefits--item--switch\">Com a 3KEYS, garantimos um projeto autogerenci\u00e1vel com o m\u00ednimo de recursos internos necess\u00e1rios para o acompanhamento do processo. Garantimos que todas as fun\u00e7\u00f5es relevantes do projeto tenham uma equipe dedicada. Isso come\u00e7a desde os Especialistas T\u00e9cnicos e Desenvolvedores indo at\u00e9 os Gerentes de Programa. Al\u00e9m disso, a 3KEYS fornece suporte de 2\u00ba e 3\u00ba n\u00edvel, 24h por dia, 7 dias por semana, em Serializa\u00e7\u00e3o e Track &amp; Trace, atrav\u00e9s de equipes Nearshore e Offshore.<\/div>\n<p><\/p>","protected":false},"excerpt":{"rendered":"<p>3Keys &#8211; Especialista em Track &amp; Trace Digitalize sua cadeia de suprimentos com um Especialista em Track &amp; Trace Proteja sua marca contra falsifica\u00e7\u00f5es de<\/p>\n","protected":false},"author":1,"featured_media":0,"parent":0,"menu_order":1,"comment_status":"closed","ping_status":"closed","template":"page_index.php","meta":{"inline_featured_image":false},"categories":[],"tags":[],"class_list":["post-2","page","type-page","status-publish","hentry"],"_links":{"self":[{"href":"https:\/\/3keys.com\/pt\/wp-json\/wp\/v2\/pages\/2","targetHints":{"allow":["GET"]}}],"collection":[{"href":"https:\/\/3keys.com\/pt\/wp-json\/wp\/v2\/pages"}],"about":[{"href":"https:\/\/3keys.com\/pt\/wp-json\/wp\/v2\/types\/page"}],"author":[{"embeddable":true,"href":"https:\/\/3keys.com\/pt\/wp-json\/wp\/v2\/users\/1"}],"replies":[{"embeddable":true,"href":"https:\/\/3keys.com\/pt\/wp-json\/wp\/v2\/comments?post=2"}],"version-history":[{"count":88,"href":"https:\/\/3keys.com\/pt\/wp-json\/wp\/v2\/pages\/2\/revisions"}],"predecessor-version":[{"id":5071,"href":"https:\/\/3keys.com\/pt\/wp-json\/wp\/v2\/pages\/2\/revisions\/5071"}],"wp:attachment":[{"href":"https:\/\/3keys.com\/pt\/wp-json\/wp\/v2\/media?parent=2"}],"wp:term":[{"taxonomy":"category","embeddable":true,"href":"https:\/\/3keys.com\/pt\/wp-json\/wp\/v2\/categories?post=2"},{"taxonomy":"post_tag","embeddable":true,"href":"https:\/\/3keys.com\/pt\/wp-json\/wp\/v2\/tags?post=2"}],"curies":[{"name":"wp","href":"https:\/\/api.w.org\/{rel}","templated":true}]}}