{"id":3448,"date":"2025-07-07T16:49:17","date_gmt":"2025-07-07T13:49:17","guid":{"rendered":"https:\/\/3keys.com\/?page_id=3448"},"modified":"2025-07-09T14:37:30","modified_gmt":"2025-07-09T11:37:30","slug":"food-us","status":"publish","type":"page","link":"https:\/\/3keys.com\/pt\/expertise\/regulations\/food\/food-us\/","title":{"rendered":"Tabaco (EU TPD)"},"content":{"rendered":"<p><\/p>\n<h1 class=\"regulations--item--title\">Tabaco<\/h1>\n<p>Maio de 2019: entrou em vigor em toda a UE a norma TPD, que \u00e9 a norma mais complexa relacionada \u00e0 serializa\u00e7\u00e3o e \u00e0 rastreabilidade j\u00e1 experimentada por uma ind\u00fastria. Todos os produtos acabados de cigarros (FMC, RYO\/MYO) precisavam ser codificados, monitorados e rastreados ao longo da cadeia de suprimentos at\u00e9 o \u00faltimo operador econ\u00f4mico antes do varejo.<\/p>\n<p>Setembro de 2023: FCTC: a nova norma do tabaco entrar\u00e1 em vigor em mais de 60 pa\u00edses em todo o mundo<\/p>\n<p>Maio de 2024: EUTPD para OTP (outros produtos derivados do tabaco: charutos, tabaco de mascar, HnB) entrar\u00e1 em vigor como a fase final da TPD para todos os pa\u00edses da UE<\/p>\n<p>Setembro de 2028: FCTC para OTP, para mais de 60 pa\u00edses<\/p>\n<div class=\"regulations--scheme--title\">\n<div class=\"content\">\n<h3>\u00a0Normas europeias de T&amp;T para a ind\u00fastria do tabaco<\/h3>\n<\/div>\n<\/div>\n<div class=\"regulations--scheme\">\n<div class=\"column\">\n<div class=\"regulations--scheme--number\">\n<div class=\"scheme--number--digit\">1. Os planos de Produ\u00e7\u00e3o Destinada determinam o n\u00famero de identificadores \u00fanicos. Os Identificadores \u00danicos s\u00e3o solicitados ao Emissor de ID do mercado de destino no m\u00ednimo 48h antes do in\u00edcio da produ\u00e7\u00e3o.<\/div>\n<\/div>\n<div class=\"regulations--scheme--number\">\n<div class=\"scheme--number--digit\">2. Esses c\u00f3digos DOT ou DataMatrix s\u00e3o aplicados a embalagens individuais. As embalagens s\u00e3o colocadas em pacotes, que s\u00e3o codificados com um c\u00f3digo DataMatrix \u00fanico (solicitado ou gerado automaticamente). Os pacotes v\u00e3o para caixas, que tamb\u00e9m s\u00e3o codificadas com c\u00f3digo 2D ou linear. As caixas v\u00e3o para paletes, que s\u00e3o codificados pelo SSCC. Os c\u00f3digos s\u00e3o associados numa estrutura pai\/filho. Todos os c\u00f3digos s\u00e3o armazenados num reposit\u00f3rio privado. Em seguida, s\u00e3o transferidos para um reposit\u00f3rio prim\u00e1rio (um por fabricante ou importador) e para um reposit\u00f3rio secund\u00e1rio (um para o setor).<\/div>\n<\/div>\n<div class=\"regulations--scheme--number\">\n<div class=\"scheme--number--digit\">3. Os paletes s\u00e3o armazenados em armaz\u00e9ns (Armaz\u00e9m de F\u00e1brica + Armaz\u00e9m de Mercado). Cada evento no armaz\u00e9m (desempacotamento, empacotamento, destrui\u00e7\u00e3o, remessas, devolu\u00e7\u00f5es) tamb\u00e9m \u00e9 registrado atrav\u00e9s da leitura do c\u00f3digo e armazenado nos tr\u00eas reposit\u00f3rios mencionados acima. Cada evento gera uma mensagem EUTPD que ser\u00e1 validada. Somente ap\u00f3s confirma\u00e7\u00e3o positiva, as mercadorias podem ser enviadas para o pr\u00f3ximo est\u00e1gio. Esta mensagem cont\u00e9m todas as informa\u00e7\u00f5es sobre o produto (identificador \u00fanico, informa\u00e7\u00f5es de hierarquia), informa\u00e7\u00f5es de transporte (placa do ve\u00edculo, documenta\u00e7\u00e3o alfandeg\u00e1ria) e pedido. Essas mensagens precisam ser enviadas dentro de um prazo de 24h antes da remessa.<\/div>\n<\/div>\n<\/div>\n<div class=\"column\">\n<div class=\"regulations--scheme--number\">\n<div class=\"scheme--number--digit\">4. E a remessa dentro de 24h ap\u00f3s o evento. As mercadorias s\u00e3o ent\u00e3o enviadas para distribuidores\/3PL\/DSD.<\/div>\n<\/div>\n<div class=\"regulations--scheme--number\">\n<div class=\"scheme--number--digit\">5. As informa\u00e7\u00f5es de faturamento e pagamento tamb\u00e9m s\u00e3o enviadas para os reposit\u00f3rios prim\u00e1rio e secund\u00e1rio atrav\u00e9s de um fluxo de informa\u00e7\u00f5es separado.<\/div>\n<\/div>\n<div class=\"regulations--scheme--number\">\n<div class=\"scheme--number--digit\">6. A chegada da mercadoria ao distribuidor\/3PL\/DSD deve ser registrada atrav\u00e9s da leitura do c\u00f3digo, como em qualquer outro evento. As mensagens EUTPD devem ser enviadas dentro de 24h ap\u00f3s o recebimento.<\/div>\n<\/div>\n<\/div>\n<div class=\"column\">\n<div class=\"regulations--scheme--number\">\n<div class=\"scheme--number--digit\">7. Processos e funcionalidades realizados por Atacadistas (\u201cX-Layer\u201d) s\u00e3o registrados e transmitidos ao reposit\u00f3rio secund\u00e1rio atrav\u00e9s do Roteador.<\/div>\n<\/div>\n<div class=\"regulations--scheme--number\">\n<div class=\"scheme--number--digit\">8. As mercadorias s\u00e3o finalmente enviadas para o primeiro ponto de venda do varejista, onde termina a rastreabilidade.<\/div>\n<\/div>\n<\/div>\n<\/div>\n<p><\/p>","protected":false},"excerpt":{"rendered":"<p>Tabaco Maio de 2019: entrou em vigor em toda a UE a norma TPD, que \u00e9 a norma mais complexa relacionada \u00e0 serializa\u00e7\u00e3o e \u00e0<\/p>\n","protected":false},"author":1,"featured_media":0,"parent":3446,"menu_order":2,"comment_status":"closed","ping_status":"closed","template":"page_regulations.php","meta":{"inline_featured_image":false},"categories":[22],"tags":[],"class_list":["post-3448","page","type-page","status-publish","hentry","category-usa"],"_links":{"self":[{"href":"https:\/\/3keys.com\/pt\/wp-json\/wp\/v2\/pages\/3448","targetHints":{"allow":["GET"]}}],"collection":[{"href":"https:\/\/3keys.com\/pt\/wp-json\/wp\/v2\/pages"}],"about":[{"href":"https:\/\/3keys.com\/pt\/wp-json\/wp\/v2\/types\/page"}],"author":[{"embeddable":true,"href":"https:\/\/3keys.com\/pt\/wp-json\/wp\/v2\/users\/1"}],"replies":[{"embeddable":true,"href":"https:\/\/3keys.com\/pt\/wp-json\/wp\/v2\/comments?post=3448"}],"version-history":[{"count":21,"href":"https:\/\/3keys.com\/pt\/wp-json\/wp\/v2\/pages\/3448\/revisions"}],"predecessor-version":[{"id":3481,"href":"https:\/\/3keys.com\/pt\/wp-json\/wp\/v2\/pages\/3448\/revisions\/3481"}],"up":[{"embeddable":true,"href":"https:\/\/3keys.com\/pt\/wp-json\/wp\/v2\/pages\/3446"}],"wp:attachment":[{"href":"https:\/\/3keys.com\/pt\/wp-json\/wp\/v2\/media?parent=3448"}],"wp:term":[{"taxonomy":"category","embeddable":true,"href":"https:\/\/3keys.com\/pt\/wp-json\/wp\/v2\/categories?post=3448"},{"taxonomy":"post_tag","embeddable":true,"href":"https:\/\/3keys.com\/pt\/wp-json\/wp\/v2\/tags?post=3448"}],"curies":[{"name":"wp","href":"https:\/\/api.w.org\/{rel}","templated":true}]}}