{"id":7,"date":"2020-11-02T18:38:46","date_gmt":"2020-11-02T15:38:46","guid":{"rendered":"https:\/\/3keys.k2d.ru\/?page_id=7"},"modified":"2025-06-27T11:44:32","modified_gmt":"2025-06-27T08:44:32","slug":"expertise","status":"publish","type":"page","link":"https:\/\/3keys.com\/pt\/expertise\/","title":{"rendered":"Experi\u00eancia"},"content":{"rendered":"<p><\/p>\n<h1>Experi\u00eancia<\/h1>\n<h2 class=\"expertise--main--title\">SOMOS MAIS DO QUE APENAS UMA GRANDE EMPRESA DE CONSULTORIA<\/h2>\n<p>A experi\u00eancia da nossa empresa se manifesta em tr\u00eas \u00e1reas de atua\u00e7\u00e3o relacionadas.<\/p>\n<h2 class=\"expertise--block--title\">Consultoria<\/h2>\n<div class=\"expertise--block--description\">Ajudamos outras empresas a encontrar ou desenvolver e implementar a solu\u00e7\u00e3o certa de Track &amp; Trace. Voc\u00ea pode confiar em n\u00f3s como especialistas do setor ou em solu\u00e7\u00f5es independentes de fornecedores. Enriquecemos novos setores com a experi\u00eancia dos mercados avan\u00e7ados de Track &amp; Trace e solu\u00e7\u00f5es de TI. Temos um conhecimento pioneiro \u00fanico em GBT &#8211; os projetos com o mais alto n\u00edvel de transpar\u00eancia.<\/div>\n<h2>Desenvolvimento de Produto<\/h2>\n<div>\n<div class=\"expertise--block--description\">Criamos nossos pr\u00f3prios produtos de Track &amp; Trace. Desenvolvemos esses produtos usando tecnologias diferenciadas, conhecimento profundo e experi\u00eancia de projetos conclu\u00eddos com sucesso em v\u00e1rias partes do mundo.<\/div>\n<h2>Suporte<\/h2>\n<\/div>\n<div>\n<div class=\"expertise--block--description\">Os Servi\u00e7os de Suporte da 3KEYS s\u00e3o fornecidos para qualquer solu\u00e7\u00e3o de Track &amp; Trace usada pela sua empresa, seja para quest\u00f5es operacionais ou de integra\u00e7\u00e3o com sistemas de linha, parceiros externos, reposit\u00f3rios nacionais e outros sistemas externos.<\/div>\n<div>\n<h3 class=\"expertise--unique--title\">Na 3KEYS, temos ampla experi\u00eancia em Track &amp; Trace russo, adquirida atrav\u00e9s dos nossos projetos de integra\u00e7\u00e3o.<\/h3>\n<div class=\"expertise--unique--description\">A legisla\u00e7\u00e3o russa representa um dos cen\u00e1rios mais complexos do mundo em termos de conformidade de Track &amp; Trace. E o conhecimento adquirido no mercado russo se aplica a uma ampla variedade de projetos de Track &amp; Trace. Como exemplo, nosso trabalho russo foi posteriormente transformado num de nossos produtos chamado &#8220;3KEYS Connector&#8221;, que agora tamb\u00e9m faz sucesso na Europa.<\/div>\n<\/div>\n<\/div>\n<p><\/p>","protected":false},"excerpt":{"rendered":"<p>Experi\u00eancia SOMOS MAIS DO QUE APENAS UMA GRANDE EMPRESA DE CONSULTORIA A experi\u00eancia da nossa empresa se manifesta em tr\u00eas \u00e1reas de atua\u00e7\u00e3o relacionadas. Consultoria<\/p>\n","protected":false},"author":1,"featured_media":0,"parent":0,"menu_order":24,"comment_status":"closed","ping_status":"closed","template":"page_expertise.php","meta":{"inline_featured_image":false},"categories":[],"tags":[],"class_list":["post-7","page","type-page","status-publish","hentry"],"_links":{"self":[{"href":"https:\/\/3keys.com\/pt\/wp-json\/wp\/v2\/pages\/7","targetHints":{"allow":["GET"]}}],"collection":[{"href":"https:\/\/3keys.com\/pt\/wp-json\/wp\/v2\/pages"}],"about":[{"href":"https:\/\/3keys.com\/pt\/wp-json\/wp\/v2\/types\/page"}],"author":[{"embeddable":true,"href":"https:\/\/3keys.com\/pt\/wp-json\/wp\/v2\/users\/1"}],"replies":[{"embeddable":true,"href":"https:\/\/3keys.com\/pt\/wp-json\/wp\/v2\/comments?post=7"}],"version-history":[{"count":14,"href":"https:\/\/3keys.com\/pt\/wp-json\/wp\/v2\/pages\/7\/revisions"}],"predecessor-version":[{"id":2679,"href":"https:\/\/3keys.com\/pt\/wp-json\/wp\/v2\/pages\/7\/revisions\/2679"}],"wp:attachment":[{"href":"https:\/\/3keys.com\/pt\/wp-json\/wp\/v2\/media?parent=7"}],"wp:term":[{"taxonomy":"category","embeddable":true,"href":"https:\/\/3keys.com\/pt\/wp-json\/wp\/v2\/categories?post=7"},{"taxonomy":"post_tag","embeddable":true,"href":"https:\/\/3keys.com\/pt\/wp-json\/wp\/v2\/tags?post=7"}],"curies":[{"name":"wp","href":"https:\/\/api.w.org\/{rel}","templated":true}]}}