{"id":886,"date":"2021-04-30T12:36:37","date_gmt":"2021-04-30T09:36:37","guid":{"rendered":"https:\/\/3keys.com\/?page_id=886"},"modified":"2025-03-28T10:19:01","modified_gmt":"2025-03-28T07:19:01","slug":"cis-connector-for-sap-att","status":"publish","type":"page","link":"https:\/\/3keys.com\/pt\/services-products\/cis-connector-for-sap-att\/","title":{"rendered":"3KEYS Conector CIS para SAP ATT"},"content":{"rendered":"<p><\/p>\n<div class=\"page_header\">\n<div class=\"content\">\n<h1 class=\"page_title\">Conector CRPT para SAP ATT<\/h1>\n<\/div>\n<\/div>\n<div class=\"connector_main\">\n<div class=\"content\">\n<div class=\"connector_main--text\">\n<div class=\"connector_main--description\">\n<p><strong>O CRPT Connector \u00e9 uma solu\u00e7\u00e3o fornecida pela 3KEYS. O CRPT Connector ajuda as empresas a atender aos requisitos de envio de informa\u00e7\u00f5es para os bancos de dados federais russos relativos a medicamentos, tabaco, cal\u00e7ados, pneus, produtos da ind\u00fastria leve e tamb\u00e9m a futuras normas, como \u00e1gua, latic\u00ednios e outros produtos. <\/strong><\/p>\n<p>O CRPT Connector est\u00e1 dispon\u00edvel tanto no local quanto numa vers\u00e3o na nuvem. O Connector \u00e9 a combina\u00e7\u00e3o de um complemento ABAP SAP ATT e um middleware baseado em Java usado para transferir mensagens de notifica\u00e7\u00e3o em russo assinadas digitalmente do SAP Advanced Track &amp; Trace (SAP ATT) para o sistema CRPT usando uma conex\u00e3o segura. Al\u00e9m disso, ele baixa mensagens recebidas do CRPT e as encaminha para o SAP ATTP \/ ATT para processamento posterior, permitindo o acompanhamento das mensagens de chegada e sa\u00edda. Saiba como estar em conformidade com as normas russas de Track &amp; Trace usando o CRPT Connector da 3Keys &#8211; uma solu\u00e7\u00e3o comprovada!<\/p>\n<\/div>\n<p><a class=\"download_doc\" href=\"https:\/\/3keys.com\/wp-content\/uploads\/2022\/07\/3Keys_Connector_CIS-for-SAP-WP-3_rus.pdf\" target=\"_blank\" rel=\"noopener noreferrer\">WHITE PAPER<\/a><\/div>\n<div class=\"connector_main--logo\">\u00a0<\/div>\n<\/div>\n<\/div>\n<div class=\"connector_detail bg\">\n<div class=\"connector_description connector_description__top\">\n<div class=\"content\">\n<div class=\"connector_description_item\">\n<h2>POR QUE O CONECTOR \u00c9 NECESS\u00c1RIO?<\/h2>\n<p>O atual Pacote de Pa\u00eds da R\u00fassia para SAP ATTP 3.0 permite gerar relat\u00f3rios em formatos XML\/JSON e carreg\u00e1-los automaticamente num compartilhamento de arquivos ou envi\u00e1-los para sistemas GIS ap\u00f3s aprova\u00e7\u00e3o manual e assinatura digital aplicada localmente. O Conector 3Keys permite a integra\u00e7\u00e3o bidirecional (entrada e sa\u00edda) entre os sistemas SAP ATT e GIS MT, IS MDLP, IS MOTP em modo totalmente automatizado, sem instalar software de assinatura digital nas m\u00e1quinas dos usu\u00e1rios.<\/p>\n<h2>COMO O CONECTOR SER\u00c1 USADO?<\/h2>\n<p>O Conector CRPT ser\u00e1 instalado no SAP ATT como c\u00f3digo ABAP pr\u00e9-fornecido implementando as BADIs ATT padr\u00e3o. As BADIs chamam componentes Java que s\u00e3o usados para se comunicar com os sistemas GIS. As BADIs chamam terminais HTTPs do componente Java, que por sua vez se comunica com os sistemas GIS. Vice-versa, o c\u00f3digo ABAP implementa um conjunto de m\u00f3dulos de fun\u00e7\u00e3o que s\u00e3o ent\u00e3o expostos como terminais HTTPs da ATT e s\u00e3o chamados do componente Java para notifica\u00e7\u00f5es push e atualizar status de relat\u00f3rio. O componente Java do Conector fornece conectividade GOST TLS com as APIs IS MDLP e GIS MT, integra-se com a biblioteca CryptoPro JCP para auxiliar as assinaturas digitais e permite a pesquisa de APIs GIS para mensagens recebidas.<\/p>\n<h2>O Conector 3KEYS CRPT para SAP ATT fornece a seguinte funcionalidade:<\/h2>\n<\/div>\n<\/div>\n<\/div>\n<div class=\"connector_func_and_security\">\n<div class=\"content\">\n<div class=\"connector_functionality\">\n<div class=\"connector_functionality--description\">\n<ul>\n<li>Implementa uma camada de comunica\u00e7\u00e3o e autentica\u00e7\u00e3o completa, e recursos de seguran\u00e7a (assinatura de documento, autentica\u00e7\u00e3o baseada em certificado) exigidos pelo CRPT<\/li>\n<li>Fornece funcionalidade de assinatura digital GOST por meio da biblioteca CryptoPro ou outro provedor criptogr\u00e1fico certificado<\/li>\n<li>Assinatura digital autom\u00e1tica de pedidos de criptografia para OMS (ind\u00fastrias n\u00e3o farmac\u00eauticas)<\/li>\n<li>Enviar relat\u00f3rios automaticamente do ATT ao APIs GIS<\/li>\n<li>Fornece conex\u00e3o GOST TLS<\/li>\n<li>Pesquisa sistemas GIS para status de processamento de relat\u00f3rios de sa\u00edda enviados<\/li>\n<li>Pesquisa os sistemas GIS em busca de novas mensagens recebidas (notifica\u00e7\u00f5es 6xx) e baixa estas mensagens no ATT<\/li>\n<li>Transa\u00e7\u00e3o ATT para monitorar mensagens de entrada e sa\u00edda<\/li>\n<\/ul>\n<h3>O Conector de nuvem tamb\u00e9m oferece:<\/h3>\n<ul>\n<li>Middleware como servi\u00e7o para conectar o SAP ATT com o OMS, GIS MT, IS MDLP e o MOTP<\/li>\n<li>Nuvem armazenada na R\u00fassia (Yandex Cloud) a fim de estabelecer conformidade total do uso de assinaturas eletr\u00f4nicas GOST (a vers\u00e3o em nuvem)<\/li>\n<\/ul>\n<\/div>\n<\/div>\n<div class=\"card connector_security\">\n<div class=\"card--caption\">\n<h2 class=\"card--name\">SEGURAN\u00c7A<\/h2>\n<\/div>\n<div class=\"card--description\">\n<ul>\n<li>A solu\u00e7\u00e3o \u00e9 comprovada e validada com o GxP por uma empresa profissional externa independente.<\/li>\n<li>Est\u00e1 provado que n\u00e3o h\u00e1 a possibilidade de contornar a lista de controle de acesso e obter acesso n\u00e3o autorizado \u00e0 API para os clientes leg\u00edtimos do Connector Cloud.<\/li>\n<li>O n\u00edvel geral de seguran\u00e7a foi avaliado como forte.Middleware adicional por crit\u00e9rio do cliente (como SAP PO) e mecanismos de seguran\u00e7a (Gateways, Firewalls, Proxies) podem ser usados.<\/li>\n<\/ul>\n<h2>COMO O \u0421ONECTOR \u00c9 VALIDADO?<\/h2>\n<p>O Conector 3KEYS CRPT \u00e9 desenvolvido de acordo com as melhores pr\u00e1ticas de valida\u00e7\u00e3o de sistema computadorizados (CSV).<\/p>\n<h2>COMO MIGRAR DO CONECTOR PARA O PADR\u00c3O SAP SE NECESS\u00c1RIO?<\/h2>\n<p>O Conector 3KEYS CRPT fornece par\u00e2metros que podem ser definidos como ativos ou inativos a qualquer momento, sem fazer modifica\u00e7\u00f5es no c\u00f3digo. Isso permite que os clientes retornem ao padr\u00e3o SAP e desativem a implementa\u00e7\u00e3o do Conector sem programa\u00e7\u00e3o.<\/p>\n<\/div>\n<\/div>\n<\/div>\n<\/div>\n<\/div>\n<p><\/p>","protected":false},"excerpt":{"rendered":"<p>Conector CRPT para SAP ATT O CRPT Connector \u00e9 uma solu\u00e7\u00e3o fornecida pela 3KEYS. O CRPT Connector ajuda as empresas a atender aos requisitos de<\/p>\n","protected":false},"author":1,"featured_media":0,"parent":15,"menu_order":2,"comment_status":"closed","ping_status":"closed","template":"page_connector.php","meta":{"inline_featured_image":false},"categories":[],"tags":[],"class_list":["post-886","page","type-page","status-publish","hentry"],"_links":{"self":[{"href":"https:\/\/3keys.com\/pt\/wp-json\/wp\/v2\/pages\/886","targetHints":{"allow":["GET"]}}],"collection":[{"href":"https:\/\/3keys.com\/pt\/wp-json\/wp\/v2\/pages"}],"about":[{"href":"https:\/\/3keys.com\/pt\/wp-json\/wp\/v2\/types\/page"}],"author":[{"embeddable":true,"href":"https:\/\/3keys.com\/pt\/wp-json\/wp\/v2\/users\/1"}],"replies":[{"embeddable":true,"href":"https:\/\/3keys.com\/pt\/wp-json\/wp\/v2\/comments?post=886"}],"version-history":[{"count":54,"href":"https:\/\/3keys.com\/pt\/wp-json\/wp\/v2\/pages\/886\/revisions"}],"predecessor-version":[{"id":3348,"href":"https:\/\/3keys.com\/pt\/wp-json\/wp\/v2\/pages\/886\/revisions\/3348"}],"up":[{"embeddable":true,"href":"https:\/\/3keys.com\/pt\/wp-json\/wp\/v2\/pages\/15"}],"wp:attachment":[{"href":"https:\/\/3keys.com\/pt\/wp-json\/wp\/v2\/media?parent=886"}],"wp:term":[{"taxonomy":"category","embeddable":true,"href":"https:\/\/3keys.com\/pt\/wp-json\/wp\/v2\/categories?post=886"},{"taxonomy":"post_tag","embeddable":true,"href":"https:\/\/3keys.com\/pt\/wp-json\/wp\/v2\/tags?post=886"}],"curies":[{"name":"wp","href":"https:\/\/api.w.org\/{rel}","templated":true}]}}