{"id":893,"date":"2021-04-30T13:54:20","date_gmt":"2021-04-30T10:54:20","guid":{"rendered":"https:\/\/3keys.com\/?page_id=893"},"modified":"2025-03-31T12:59:34","modified_gmt":"2025-03-31T09:59:34","slug":"sap-att-and-gbt","status":"publish","type":"page","link":"https:\/\/3keys.com\/pt\/services-products\/sap-att-and-gbt\/","title":{"rendered":"SAP ATT &#038; GBT"},"content":{"rendered":"<p><\/p>\n<h1>SAP ATT &amp; GBT<\/h1>\n<h2>SAP ADVANCED TRACK AND TRACE (SAP ATT \/ SAP ATTP)<\/h2>\n<p>A SAP \u00e9 l\u00edder no mercado de softwares de aplica\u00e7\u00e3o empresarial, ajudando empresas de todos os portes e em todos os setores a funcionarem com seu m\u00e1ximo desempenho.<\/p>\n<p>O SAP ATT \u00e9 uma solu\u00e7\u00e3o desenvolvida pela SAP para proteger seus neg\u00f3cios e atender aos requisitos espec\u00edficos de cada pa\u00eds para serializa\u00e7\u00e3o de medicamentos e a outras normas que mudam rapidamente, enquanto lida com grandes volumes de dados com intelig\u00eancia.<\/p>\n<p>O SAP ATT fornece um reposit\u00f3rio de serializa\u00e7\u00e3o corporativo, gerenciamento de n\u00fameros de s\u00e9rie e recursos para envio de informa\u00e7\u00f5es regulat\u00f3rias.<\/p>\n<p>&nbsp;<\/p>\n<h3>Por que recomendamos o SAP Advanced Track and Trace?<\/h3>\n<h4>INTEGRA\u00c7\u00c3O ATUALIZADA COM REGULADORES<\/h4>\n<p>Suporta integra\u00e7\u00e3o atualizada com sistemas regulat\u00f3rios cujos requisitos podem mudar.<\/p>\n<h4>INTEGRA\u00c7\u00c3O EFICIENTE DA SERIALIZA\u00c7\u00c3O<\/h4>\n<p>Integra\u00e7\u00e3o eficaz da serializa\u00e7\u00e3o nos atuais processos empresariais e no ecossistema comercial: integra\u00e7\u00e3o de dados mestre, opera\u00e7\u00f5es de armaz\u00e9m, parceiros de log\u00edstica, etc.<\/p>\n<h4>CONTROLE EFICIENTE DE BIG DATA<\/h4>\n<p>Manter a alta velocidade de processamento independentemente da quantidade de n\u00fameros de s\u00e9rie, \u00e9 uma das tarefas mais importantes.<\/p>\n<p>&nbsp;<\/p>\n<h3>Recursos SAP ATT<\/h3>\n<h4>Relat\u00f3rios de conformidade<\/h4>\n<ul>\n<li>Interfaces e pacotes de relat\u00f3rios locais pr\u00e9-configurados, incluindo um para a R\u00fassia<\/li>\n<li>Conformidade com os requisitos do Minist\u00e9rio da Ind\u00fastria e do Com\u00e9rcio para a valida\u00e7\u00e3o de sistemas computadorizados.<\/li>\n<\/ul>\n<h4>Reposit\u00f3rio de n\u00famero de s\u00e9rie global<\/h4>\n<ul>\n<li>Tratamento de eventos em formato EPCIS ou PML<\/li>\n<li>Veja os relat\u00f3rios de eventos pelo n\u00famero de s\u00e9rie<\/li>\n<li>GS1 support: EPCIS 1.1 core, EPCIS business vocabulary, Tag Data Standard 1.9<\/li>\n<\/ul>\n<h4>Integra\u00e7\u00e3o eficaz de processos empresariais<\/h4>\n<ul>\n<li>Integra\u00e7\u00e3o com transa\u00e7\u00f5es em ERP, WMS e linhas de embalagem<\/li>\n<li>Kit de ferramentas para integra\u00e7\u00e3o com a funcionalidade WM no SAP ERP<\/li>\n<li>Kit de ferramentas para integra\u00e7\u00e3o com SAP EWM<\/li>\n<\/ul>\n<h4>Gerenciando intervalos de n\u00fameros globais<\/h4>\n<ul>\n<li>Solu\u00e7\u00e3o completa para gerenciamento de n\u00famero de s\u00e9rie<\/li>\n<li>Gest\u00e3o de ambos os intervalos e n\u00fameros individuais<\/li>\n<li>Gerador de n\u00famero de s\u00e9rie aleat\u00f3rio integrado<\/li>\n<\/ul>\n<h4>Rastreabilidade<\/h4>\n<ul>\n<li>Bens serializados, lotes, eventos e documentos de transa\u00e7\u00e3o<\/li>\n<li>Visualizando a hierarquia de objetos (agrega\u00e7\u00f5es)<\/li>\n<li>Mensagens para relat\u00f3rios do governo e para envio \u00e0s contrapartes<\/li>\n<li>Controle de autoriza\u00e7\u00e3o para objetos<\/li>\n<\/ul>\n<p>&nbsp;<\/p>\n<h3>Benef\u00edcios SAP ATT<\/h3>\n<h4>Integra\u00e7\u00e3o perfeita<\/h4>\n<p>Caso voc\u00ea j\u00e1 possua produtos SAP ERP, SAP EWM, S\/ 4HANA, integra\u00e7\u00e3o com opera\u00e7\u00f5es log\u00edsticas prontas para uso. Se outro ERP\/WMS (Oracle, 1C, Microsoft) for um mecanismo de integra\u00e7\u00e3o compreens\u00edvel usando servi\u00e7os da web.<\/p>\n<h4>Pacote de Recursos do Terminal<\/h4>\n<p>Um pacote de fun\u00e7\u00f5es para incorporar a funcionalidade de serializa\u00e7\u00e3o em aplicativos existentes de terminal.<\/p>\n<h4>Escala eficaz<\/h4>\n<p>Escalabilidade da solu\u00e7\u00e3o para diferentes categorias de produtos e entidades legais.<\/p>\n<h4>Sistema independente<\/h4>\n<p>N\u00e3o h\u00e1 carga adicional no sistema ERP. Todas as informa\u00e7\u00f5es de serializa\u00e7\u00e3o s\u00e3o armazenadas no ATT &#8211; n\u00e3o \u00e9 necess\u00e1ria nenhuma altera\u00e7\u00e3o no ERP.<\/p>\n<h4>Alta performance<\/h4>\n<p>Manter alta produtividade das opera\u00e7\u00f5es de armaz\u00e9m durante a valida\u00e7\u00e3o da marca. Gerenciamento flex\u00edvel dos n\u00fameros de n\u00fameros s\u00e9rie drasticamente aumentados. Processamento de alta velocidade em qualquer quantidade de dados.<\/p>\n<h4>Conformidade com os requisitos legais<\/h4>\n<p>No campo de informa\u00e7\u00e3o sobre altera\u00e7\u00f5es no status de mercadorias serializadas.<\/p>\n<h4>Conformidade GxP<\/h4>\n<p>Conformidade com os requisitos legais para a valida\u00e7\u00e3o de sistemas computadorizados para as ind\u00fastrias farmac\u00eauticas e aliment\u00edcias.<\/p>\n<h4>Rastreabilidade completa<\/h4>\n<p>Acompanhamento do ciclo de vida completo de uma etiqueta, desde a solicita\u00e7\u00e3o do c\u00f3digo at\u00e9 a venda.<\/p>\n<h4>Verificando o Status do N\u00famero de S\u00e9rie<\/h4>\n<p>\u00c9 poss\u00edvel verificar online o status do n\u00famero de s\u00e9rie antes de realizar uma opera\u00e7\u00e3o log\u00edstica.<\/p>\n<p>&nbsp;<\/p>\n<h2>Global Batch Tracebility<\/h2>\n<p>O GBT (Global Batch Tracebility) estabelece uma genealogia completa do produto entre os sistemas, desde a origem das mat\u00e9rias-primas, passando pela produ\u00e7\u00e3o at\u00e9 a distribui\u00e7\u00e3o dos produtos acabados.<\/p>\n<p>Hoje o GBT \u00e9 um nicho de mercado e existem poucos especialistas em todo o mundo. A 3KEYS GmbH tem conhecimento e experi\u00eancia pioneiros \u00fanicos na implementa\u00e7\u00e3o do SAP Global Batch Traceability. Por ser capaz de rastrear completamente os lotes upstream e downstream, o GBT garante a conformidade com os prazos legais para envio de informa\u00e7\u00f5es. E proporciona uma maior compreens\u00e3o dos fluxos da cadeia de suprimentos das empresas.<\/p>\n<p><\/p>","protected":false},"excerpt":{"rendered":"<p>SAP ATT &amp; GBT SAP ADVANCED TRACK AND TRACE (SAP ATT \/ SAP ATTP) A SAP \u00e9 l\u00edder no mercado de softwares de aplica\u00e7\u00e3o empresarial,<\/p>\n","protected":false},"author":1,"featured_media":0,"parent":15,"menu_order":1,"comment_status":"closed","ping_status":"closed","template":"page_sap.php","meta":{"inline_featured_image":false},"categories":[],"tags":[],"class_list":["post-893","page","type-page","status-publish","hentry"],"_links":{"self":[{"href":"https:\/\/3keys.com\/pt\/wp-json\/wp\/v2\/pages\/893","targetHints":{"allow":["GET"]}}],"collection":[{"href":"https:\/\/3keys.com\/pt\/wp-json\/wp\/v2\/pages"}],"about":[{"href":"https:\/\/3keys.com\/pt\/wp-json\/wp\/v2\/types\/page"}],"author":[{"embeddable":true,"href":"https:\/\/3keys.com\/pt\/wp-json\/wp\/v2\/users\/1"}],"replies":[{"embeddable":true,"href":"https:\/\/3keys.com\/pt\/wp-json\/wp\/v2\/comments?post=893"}],"version-history":[{"count":21,"href":"https:\/\/3keys.com\/pt\/wp-json\/wp\/v2\/pages\/893\/revisions"}],"predecessor-version":[{"id":3356,"href":"https:\/\/3keys.com\/pt\/wp-json\/wp\/v2\/pages\/893\/revisions\/3356"}],"up":[{"embeddable":true,"href":"https:\/\/3keys.com\/pt\/wp-json\/wp\/v2\/pages\/15"}],"wp:attachment":[{"href":"https:\/\/3keys.com\/pt\/wp-json\/wp\/v2\/media?parent=893"}],"wp:term":[{"taxonomy":"category","embeddable":true,"href":"https:\/\/3keys.com\/pt\/wp-json\/wp\/v2\/categories?post=893"},{"taxonomy":"post_tag","embeddable":true,"href":"https:\/\/3keys.com\/pt\/wp-json\/wp\/v2\/tags?post=893"}],"curies":[{"name":"wp","href":"https:\/\/api.w.org\/{rel}","templated":true}]}}