{"id":9,"date":"2020-11-02T18:39:12","date_gmt":"2020-11-02T15:39:12","guid":{"rendered":"https:\/\/3keys.k2d.ru\/?page_id=9"},"modified":"2024-07-12T15:28:27","modified_gmt":"2024-07-12T12:28:27","slug":"project-delivery","status":"publish","type":"page","link":"https:\/\/3keys.com\/pt\/expertise\/project-delivery\/","title":{"rendered":"Entrega de Projeto"},"content":{"rendered":"<p><\/p>\n<h1 class=\"page_title\">Entrega de Projeto<\/h1>\n<h2 class=\"teams--title\"><strong class=\"typed type_element0\">EQUIPE MISTA<\/strong><br \/>ABORDAGEM DE ENTREGA<\/h2>\n<p>Reduz significativamente os custos do projeto de Track &amp; Trace, mantendo o mais alto n\u00edvel de qualidade.<\/p>\n<div class=\"teams--kind\">\n<h3 class=\"teams--kind--title\">Equipe Principal<\/h3>\n<div class=\"teams--kind--description\">Esta equipe \u00e9 formada por Consultores Funcionais Seniores, Arquitetos de Solu\u00e7\u00f5es Seniores e Propriet\u00e1rios de Solu\u00e7\u00f5es de v\u00e1rias partes do mundo. Essas pessoas compartilham regularmente os conhecimentos mais valiosos entre os projetos, re\u00fanem a experi\u00eancia da empresa e lidam com nossos clientes. Eles s\u00e3o os melhores em Track &amp; Trace em todo o mundo.<\/div>\n<\/div>\n<div class=\"teams--kind\">\n<h3 class=\"teams--kind--title\">Equipe Nearshore<\/h3>\n<div class=\"teams--kind--description\">Membros funcionais experientes com um hist\u00f3rico impec\u00e1vel de projetos de Track &amp; Trace, localizados principalmente na Europa Oriental e na R\u00fassia. Esta equipe entrega projetos locais e internacionais nos mais altos padr\u00f5es de qualidade.<\/div>\n<\/div>\n<div class=\"teams--kind\">\n<h3 class=\"teams--kind--title\">Equipe Offshore<\/h3>\n<div class=\"teams--kind--description\">Esta equipe est\u00e1 fundamentalmente apoiando a equipe Nearshore e est\u00e1 focada nos projetos locais na regi\u00e3o da \u00c1sia-Pac\u00edfico. A regi\u00e3o \u00e9 altamente competitiva para a maioria dos profissionais e nossa presen\u00e7a nativa no local ajuda a contratar os melhores dos melhores.<\/div>\n<div>\n<h2 class=\"section_title\">Entrega de Projeto<\/h2>\n<div class=\"delivery--description\">A 3KEYS pode entregar todo o ciclo de vida do projeto, bem como fases espec\u00edficas do projeto. Nossos especialistas s\u00e3o capazes de atuar sob diferentes metodologias de entrega de projetos: Waterfall, Agile ou H\u00edbrida.<\/div>\n<div>\n<h2 class=\"section_title\">Escalabilidade<\/h2>\n<div class=\"scalability--description\">A 3KEYS \u00e9 capaz de ajustar de maneira flex\u00edvel a quantidade de recursos do projeto de acordo com a necessidade do cliente. Um foco em particular ser\u00e1 ampliar e manter o conhecimento dentro da organiza\u00e7\u00e3o do cliente.<\/div>\n<\/div>\n<\/div>\n<\/div>\n<p>&nbsp;<\/p>\n<p><\/p>","protected":false},"excerpt":{"rendered":"<p>Entrega de Projeto EQUIPE MISTAABORDAGEM DE ENTREGA Reduz significativamente os custos do projeto de Track &amp; Trace, mantendo o mais alto n\u00edvel de qualidade. Equipe<\/p>\n","protected":false},"author":1,"featured_media":0,"parent":7,"menu_order":6,"comment_status":"closed","ping_status":"closed","template":"page_project_delivery.php","meta":{"inline_featured_image":false},"categories":[],"tags":[],"class_list":["post-9","page","type-page","status-publish","hentry"],"_links":{"self":[{"href":"https:\/\/3keys.com\/pt\/wp-json\/wp\/v2\/pages\/9","targetHints":{"allow":["GET"]}}],"collection":[{"href":"https:\/\/3keys.com\/pt\/wp-json\/wp\/v2\/pages"}],"about":[{"href":"https:\/\/3keys.com\/pt\/wp-json\/wp\/v2\/types\/page"}],"author":[{"embeddable":true,"href":"https:\/\/3keys.com\/pt\/wp-json\/wp\/v2\/users\/1"}],"replies":[{"embeddable":true,"href":"https:\/\/3keys.com\/pt\/wp-json\/wp\/v2\/comments?post=9"}],"version-history":[{"count":18,"href":"https:\/\/3keys.com\/pt\/wp-json\/wp\/v2\/pages\/9\/revisions"}],"predecessor-version":[{"id":2681,"href":"https:\/\/3keys.com\/pt\/wp-json\/wp\/v2\/pages\/9\/revisions\/2681"}],"up":[{"embeddable":true,"href":"https:\/\/3keys.com\/pt\/wp-json\/wp\/v2\/pages\/7"}],"wp:attachment":[{"href":"https:\/\/3keys.com\/pt\/wp-json\/wp\/v2\/media?parent=9"}],"wp:term":[{"taxonomy":"category","embeddable":true,"href":"https:\/\/3keys.com\/pt\/wp-json\/wp\/v2\/categories?post=9"},{"taxonomy":"post_tag","embeddable":true,"href":"https:\/\/3keys.com\/pt\/wp-json\/wp\/v2\/tags?post=9"}],"curies":[{"name":"wp","href":"https:\/\/api.w.org\/{rel}","templated":true}]}}