{"id":901,"date":"2021-04-30T15:04:51","date_gmt":"2021-04-30T12:04:51","guid":{"rendered":"https:\/\/3keys.com\/?page_id=901"},"modified":"2025-03-28T10:03:18","modified_gmt":"2025-03-28T07:03:18","slug":"kvinta","status":"publish","type":"page","link":"https:\/\/3keys.com\/pt\/services-products\/kvinta\/","title":{"rendered":"Kvinta T&#038;T SaaS Solution"},"content":{"rendered":"<p><\/p>\n<div class=\"kvinta_main\">\n<div class=\"content\">\n<div class=\"v-right__kvinta_main\">\n<div class=\"kvinta_main--intro\">\n<div class=\"kvinta_main\">\n<div class=\"content\">\n<div class=\"v-right__kvinta_main\">\n<div class=\"kvinta_main--intro\">\u00a0<\/div>\n<\/div>\n<\/div>\n<\/div>\n<div class=\"kvinta_detail bg\">\n<h1 class=\"triangle_decor_top big_light\">KVINTA<\/h1>\n<div class=\"kvinta--scheme\">\n<div class=\"content\">\n<div class=\"product__block\">\n<p><strong>O Kvinta \u00e9 uma solu\u00e7\u00e3o SaaS independente de plataforma totalmente nova<\/strong> criada por renomados especialistas do setor.<\/p>\n<p>O Kvinta atende \u00e0s necessidades de rastreabilidade e serializa\u00e7\u00e3o das empresas ao longo de toda a cadeia de suprimentos. Com alta personaliza\u00e7\u00e3o e recursos anal\u00edticos avan\u00e7ados, o Kvinta ajuda as empresas a estar em conformidade com as normas de Track &amp; Trace, combater a falsifica\u00e7\u00e3o de produtos e o com\u00e9rcio ilegal.<\/p>\n<p>A solu\u00e7\u00e3o foi projetada para conectar todas as entidades envolvidas para permitir uma digitaliza\u00e7\u00e3o eficiente, transpar\u00eancia e rastreabilidade de ponta a ponta em toda a cadeia de suprimentos.<\/p>\n<p>A computa\u00e7\u00e3o em nuvem do KVINTA atua como uma solu\u00e7\u00e3o N\u00edvel 4 \u0422&amp;T, oferecendo um dep\u00f3sito central para n\u00fameros de s\u00e9rie e eventos e relat\u00f3rios de conformidade prontos para uso para diferentes mercados e legisla\u00e7\u00f5es.<\/p>\n<p><a class=\"download_doc\" href=\"https:\/\/3keys.com\/wp-content\/uploads\/2021\/01\/WP-Kvinta-6.pdf\" target=\"_blank\" rel=\"noopener noreferrer\">WHITE PAPER<\/a><\/p>\n<h2>Por que recomendamos o Kvint\u0430<\/h2>\n<h3>FLEXIBILIDADE DE NOVA GERA\u00c7\u00c3O<\/h3>\n<p>O Kvinta \u00e9 baseado na tecnologia patenteada que d\u00e1 ao processo de implementa\u00e7\u00e3o uma flexibilidade sem precedentes. A solu\u00e7\u00e3o foi projetada para fornecer uma abordagem combinada: pode incluir a l\u00f3gica espec\u00edfica do cliente e pode alterar futuramente o design da solu\u00e7\u00e3o personalizada. A tecnologia patenteada permite a implementa\u00e7\u00e3o da funcionalidade que sua empresa precisa atualmente, o que reduz os custos de manuten\u00e7\u00e3o, de infraestrutura em nuvem e de testes de regress\u00e3o. Essa abordagem se aplica a qualquer grande plataforma de nuvem na qual o Kvinta pode ser executado como uma solu\u00e7\u00e3o de locat\u00e1rio \u00fanico\/multilocat\u00e1rio.<\/p>\n<h3>DESEMPENHO DE NOVA GERA\u00c7\u00c3O<\/h3>\n<p>O Kvinta pode balancear automaticamente a carga do sistema para todas as suas opera\u00e7\u00f5es de tempo cr\u00edtico, incluindo o processo de valida\u00e7\u00e3o, mapeamento de dados, relat\u00f3rios e outros. Isso traz um valor do controle total de dados, que \u00e9 obrigat\u00f3rio para uma solu\u00e7\u00e3o futura comprovada de T&amp;T. O conjunto comprovado de tecnologias e o conceito de escalabilidade integrado permitem que o Kvinta seja uma solu\u00e7\u00e3o de alto desempenho.<\/p>\n<h3>SOLU\u00c7\u00c3O M\u00d3VEL DE NOVA GERA\u00c7\u00c3O<\/h3>\n<p>O Kvinta \u00e9 um SaaS com uma poderosa solu\u00e7\u00e3o m\u00f3vel integrada que est\u00e1 dispon\u00edvel em dispositivos padr\u00e3o (Android e IOS). O gerenciamento de dispositivos est\u00e1 inclu\u00eddo na solu\u00e7\u00e3o. Com isso, voc\u00ea pode adicionar facilmente partes externas ao seu aplicativo, como por exemplo, permitir que fornecedores ou empresas parceiras se integrem com o Kvinta sem mais nenhum esfor\u00e7o. A solu\u00e7\u00e3o M\u00f3vel utiliza os recursos offline do Kvintao, e com isto \u00e9 capaz de oferecer suporte a locais e \u00e1reas com cobertura de rede limitada. Tecnologias modernas como reconhecimento de voz e feedback trazem conveni\u00eancia operacional para um outro patamar.<\/p>\n<h3>ESCALABILIDADE DE NOVA GERA\u00c7\u00c3O<\/h3>\n<p>Na realidade moderna e de r\u00e1pida mudan\u00e7a, a escalabilidade \u00e9 crucial para ser competitivo. A efici\u00eancia do armazenamento de dados junto com o processamento distribu\u00eddo de dados \u00e9 a chave do Kvinta para a escalabilidade. Isso permite aumentar\/reduzir automaticamente a capacidade de processamento do sistema de acordo com as demandas dos clientes em termos de volume de dados e implantar novas funcionalidades sem impactar as pausas.<\/p>\n<h3>EXPERI\u00caNCIA DE NOVA GERA\u00c7\u00c3O<\/h3>\n<p>O Kvinta tem um foco especial nos mais recentes padr\u00f5es de UX e traz um uso intuitivo para cada uma das fun\u00e7\u00f5es aplicadas: opera\u00e7\u00f5es manuais atrav\u00e9s da Solu\u00e7\u00e3o M\u00f3vel, no armaz\u00e9m ou an\u00e1lises e relat\u00f3rios atrav\u00e9s do Portal no escrit\u00f3rio.<\/p>\n<h3>AN\u00c1LISES DE PR\u00d3XIMA GERA\u00c7\u00c3O<\/h3>\n<p>O Kvinta \u00e9 capaz de consolidar v\u00e1rios n\u00edveis de dados empresariais relevantes: dados de eventos T&amp;T, mais os dados empresariais adicionais de outras fontes. Isso torna o Kvinta um hub de dados para relat\u00f3rios relevantes de T&amp;T, para relat\u00f3rios avan\u00e7ados de log\u00edstica, vendas e marketing, e at\u00e9 para reconstruir e analisar processos empresariais usando tecnologia de minera\u00e7\u00e3o de processos.<\/p>\n<h2>Recursos do Kvinta<\/h2>\n<h3>Reposit\u00f3rio T&amp;T completo<\/h3>\n<p>Todos os dados de track and trace que s\u00e3o capturados durante a produ\u00e7\u00e3o e movimenta\u00e7\u00e3o do produto atrav\u00e9s da cadeia de suprimentos s\u00e3o armazenados num Reposit\u00f3rio Track &amp; Trace. Um Reposit\u00f3rio Track &amp; Trace cont\u00e9m todas as regras relevantes para apoiar os processos empresariais, garante a integridade dos dados e fornece ferramentas necess\u00e1rias para a integra\u00e7\u00e3o com partes externas, bem como com sistemas internos de back-end.<\/p>\n<h3>Capacidade extensa de an\u00e1lise<\/h3>\n<p>Dados operacionais valiosos podem ser extra\u00eddos do reposit\u00f3rio Kvinta T&amp;T num n\u00edvel peri\u00f3dico ou em tempo real para conduzir qualquer tipo de an\u00e1lise para apoiar as decis\u00f5es comerciais do cliente.<\/p>\n<h3>Amplas capacidades avan\u00e7adas de relat\u00f3rios<\/h3>\n<p>O Kvinta fornece uma grande variedade de relat\u00f3rios predefinidos e tamb\u00e9m uma maneira simples e intuitiva de projetar seus pr\u00f3prios formatos para minimizar o esfor\u00e7o para relat\u00f3rios.<\/p>\n<h3>Solu\u00e7\u00e3o M\u00f3vel completa<\/h3>\n<p>A digitaliza\u00e7\u00e3o m\u00f3vel \u00e9 uma parte essencial da solu\u00e7\u00e3o T&amp;T. \u00c9 necess\u00e1rio para permitir que os operadores coletem os dados de T&amp;T e os enviem para o Reposit\u00f3rio de T&amp;T. O Kvinta utiliza esta fun\u00e7\u00e3o dentro do sistema de uma forma simples e intuitiva.<\/p>\n<h3>Gerenciamento de lan\u00e7amentos<\/h3>\n<p>O gerenciamento flex\u00edvel e robusto de lan\u00e7amentos permite a implementa\u00e7\u00e3o perfeita de novas funcionalidades solicitadas pelas empresas dos clientes.<\/p>\n<h3>Tecnologia IA<\/h3>\n<p>A detec\u00e7\u00e3o proativa de problemas na cadeia de suprimentos e fabrica\u00e7\u00e3o permite que as empresas reduzam significativamente os riscos operacionais e aumentem o n\u00edvel de conformidade.<\/p>\n<h3>Reconhecimento e controle por voz<\/h3>\n<p>A solu\u00e7\u00e3o Kvinta \u00e9 capaz n\u00e3o apenas de reconhecer sua voz, mas tamb\u00e9m de operar o sistema atrav\u00e9s da voz. Isso pode ser um grande benef\u00edcio em ambientes industriais dif\u00edceis.<\/p>\n<h3>Suporte de padr\u00f5es globais<\/h3>\n<p>O Kvinta suporta Padr\u00f5es Globais usados para Codifica\u00e7\u00e3o e Transmiss\u00e3o de Dados, como, por exemplo, tipos de suportes de dados GS1, GS1-128 ou GS1 DataMatrix e Padr\u00f5es EPCIS das vers\u00f5es 1.2 e 2.0 &#8211; mas n\u00e3o se limitando a garantir uma integra\u00e7\u00e3o harmoniosa no processo do Cliente e na estrutura do sistema<\/p>\n<h3>Desempenho m\u00e1ximo do sistema<\/h3>\n<p>Uma arquitetura de sistema de \u00faltima gera\u00e7\u00e3o permite que o Kvinta ofere\u00e7a um desempenho de Sistema convincente e eficiente para evitar um impacto nas opera\u00e7\u00f5es.<\/p>\n<h3>Independ\u00eancia da plataforma em nuvem<\/h3>\n<p>O Kvinta \u00e9 independente de qualquer plataforma em nuvem espec\u00edfica para estender a escolha do cliente da plataforma e adicionar flexibilidade \u00e0 solu\u00e7\u00e3o.<\/p>\n<h2>Vantagens do Kvinta<\/h2>\n<h3>M\u00e1ximo desempenho e escalabilidade<\/h3>\n<p>A nuvem Kvinta e sua carga m\u00f3vel s\u00e3o implementadas num estilo reativo sem bloqueio, oferecendo as melhores garantias de lat\u00eancia e rendimento. Nossos pipelines de dados s\u00e3o projetados para ingerir milh\u00f5es de mensagens por hora. A nuvem Kvinta pode aumentar ou diminuir de acordo com a demanda.<\/p>\n<h3>Solu\u00e7\u00e3o M\u00f3vel totalmente integrada<\/h3>\n<p>O Kvinta fornece uma solu\u00e7\u00e3o m\u00f3vel com recursos completos, alternando perfeitamente entre as opera\u00e7\u00f5es online e off-line para ambientes com baixa conectividade. Nosso sistema de gerenciamento de dispositivos permite o gerenciamento de vers\u00f5es direcionado e confi\u00e1vel para o aplicativo m\u00f3vel.<\/p>\n<h3>An\u00e1lise e observabilidade avan\u00e7adas<\/h3>\n<p>O Kvinta utiliza o Aprendizado de m\u00e1quina e IA para a detec\u00e7\u00e3o e resolu\u00e7\u00e3o de problemas, detec\u00e7\u00e3o de anomalias e disparo inteligente de alarmes. A solu\u00e7\u00e3o \u00e9 capaz de gerenciar processos simples de recolhimento de produtos e avaliar a efici\u00eancia dos parceiros da cadeia de suprimentos.<\/p>\n<h3>Disponibilidade 24 horas por dia, 7 dias por semana<\/h3>\n<p>A solu\u00e7\u00e3o tem suporte 24 horas por dia, 7 dias por semana, sem exce\u00e7\u00f5es. A redund\u00e2ncia inerente constru\u00edda no design de servi\u00e7o sem estado da nuvem Kvinta, que \u00e9 distribu\u00edda e sincronizada em v\u00e1rias regi\u00f5es geogr\u00e1ficas, significa que a nuvem Kvinta permanecer\u00e1 acess\u00edvel aos nossos clientes mesmo no caso de um evento de grande escala com infraestrutura de internet global subjacente.<\/p>\n<h3>Seguran\u00e7a de ponta<\/h3>\n<p>Todos os dados do cliente s\u00e3o criptografados seja em voo ou em repouso. Fluxos extras de trabalho do Blockchain permitem um n\u00edvel ainda maior de seguran\u00e7a.<\/p>\n<h3>Modelo tarif\u00e1rio econ\u00f4mico<\/h3>\n<p>Um modelo tarif\u00e1rio altamente competitivo e mais acess\u00edvel do que a maioria das solu\u00e7\u00f5es proeminentes atualmente presentes no mercado devido \u00e0 arquitetura flex\u00edvel da solu\u00e7\u00e3o.<\/p>\n<h3>Integra\u00e7\u00e3o vers\u00e1til<\/h3>\n<p>O Kvinta atua como uma plataforma de integra\u00e7\u00e3o central e \u00e9 capaz de se conectar com solu\u00e7\u00f5es de software internas e externas. O Kvinta integra produtividade imediata com os principais bancos de dados em nuvem (SQL e noSQL), gerenciamento de usu\u00e1rios e sistemas de controle de acesso. (LDAP, POSIX, SAML).<\/p>\n<h3>Confian\u00e7a m\u00e1xima<\/h3>\n<p>Cada servi\u00e7o de dados na nuvem Kvinta tem um fator de redund\u00e2ncia de pelo menos tr\u00eas. Cada bit de dados do cliente \u00e9 replicado entre tr\u00eas zonas de disponibilidade. O Kvinta executa um rico conjunto de testes de integra\u00e7\u00e3o antes de qualquer atualiza\u00e7\u00e3o, e apoiamos nossos clientes para incluir seus cen\u00e1rios de teste para regress\u00f5es funcionais e de desempenho.<\/p>\n<h3>Controle de dados<\/h3>\n<p>Um mecanismo de valida\u00e7\u00e3o no local torna a consist\u00eancia poss\u00edvel, juntamente com a visibilidade do portal de monitoramento. O aprendizado de m\u00e1quina adicional traz valida\u00e7\u00f5es adicionais de eventos que podem n\u00e3o ter sido identificados por um neg\u00f3cio como cr\u00edticos.<\/p>\n<\/div>\n<\/div>\n<\/div>\n<\/div>\n<\/div>\n<\/div>\n<\/div>\n<\/div>\n<p><\/p>","protected":false},"excerpt":{"rendered":"<p>\u00a0 KVINTA O Kvinta \u00e9 uma solu\u00e7\u00e3o SaaS independente de plataforma totalmente nova criada por renomados especialistas do setor. O Kvinta atende \u00e0s necessidades de<\/p>\n","protected":false},"author":1,"featured_media":0,"parent":15,"menu_order":0,"comment_status":"closed","ping_status":"closed","template":"page_kvinta.php","meta":{"inline_featured_image":false},"categories":[],"tags":[],"class_list":["post-901","page","type-page","status-publish","hentry"],"_links":{"self":[{"href":"https:\/\/3keys.com\/pt\/wp-json\/wp\/v2\/pages\/901","targetHints":{"allow":["GET"]}}],"collection":[{"href":"https:\/\/3keys.com\/pt\/wp-json\/wp\/v2\/pages"}],"about":[{"href":"https:\/\/3keys.com\/pt\/wp-json\/wp\/v2\/types\/page"}],"author":[{"embeddable":true,"href":"https:\/\/3keys.com\/pt\/wp-json\/wp\/v2\/users\/1"}],"replies":[{"embeddable":true,"href":"https:\/\/3keys.com\/pt\/wp-json\/wp\/v2\/comments?post=901"}],"version-history":[{"count":50,"href":"https:\/\/3keys.com\/pt\/wp-json\/wp\/v2\/pages\/901\/revisions"}],"predecessor-version":[{"id":3345,"href":"https:\/\/3keys.com\/pt\/wp-json\/wp\/v2\/pages\/901\/revisions\/3345"}],"up":[{"embeddable":true,"href":"https:\/\/3keys.com\/pt\/wp-json\/wp\/v2\/pages\/15"}],"wp:attachment":[{"href":"https:\/\/3keys.com\/pt\/wp-json\/wp\/v2\/media?parent=901"}],"wp:term":[{"taxonomy":"category","embeddable":true,"href":"https:\/\/3keys.com\/pt\/wp-json\/wp\/v2\/categories?post=901"},{"taxonomy":"post_tag","embeddable":true,"href":"https:\/\/3keys.com\/pt\/wp-json\/wp\/v2\/tags?post=901"}],"curies":[{"name":"wp","href":"https:\/\/api.w.org\/{rel}","templated":true}]}}